{"id":10048,"date":"2024-09-27T11:34:13","date_gmt":"2024-09-27T15:34:13","guid":{"rendered":"https:\/\/www.cga.ca\/?page_id=10048"},"modified":"2025-10-22T10:45:31","modified_gmt":"2025-10-22T14:45:31","slug":"lhydrogene-un-vecteur-energetique-propre-et-polyvalent","status":"publish","type":"page","link":"https:\/\/www.cga.ca\/fr\/gas-naturel-101\/lhydrogene-un-vecteur-energetique-propre-et-polyvalent\/","title":{"rendered":"L&#8217;hydrog\u00e8ne : un carburant polyvalent et \u00e0 faibles \u00e9missions"},"content":{"rendered":"<p>Hydrogen is the simplest and most abundant element in the universe. It is colourless, odourless, and nontoxic. A hydrogen molecule \u2013 H<sub>2<\/sub> &#8211; is often called an \u201cenergy carrier\u201d as it is produced from sources of energy, and then is used to store or deliver energy. Canada has many sources of energy that can be used to produce hydrogen, but perhaps the most promising in terms of abundance and affordability, is natural gas.<\/p>\n","protected":false},"excerpt":{"rendered":"<p>Hydrogen is the simplest and most abundant element in the universe. It is colourless, odourless, and nontoxic. A hydrogen molecule \u2013 H2 &#8211; is often called an \u201cenergy carrier\u201d as it is produced from sources of energy, and then is used to store or deliver energy. Canada has many sources of energy that can be&#8230;<\/p>\n","protected":false},"author":1,"featured_media":0,"parent":3001,"menu_order":86,"comment_status":"closed","ping_status":"closed","template":"page-natural-gas-template.php","meta":{"_acf_changed":false,"footnotes":""},"page-category":[48],"feature":[],"coauthors":[12],"class_list":["post-10048","page","type-page","status-publish","hentry","page-category-natural-gas-infographic"],"acf":[],"yoast_head":"<!-- This site is optimized with the Yoast SEO plugin v27.4 - https:\/\/yoast.com\/product\/yoast-seo-wordpress\/ -->\n<title>L&#039;hydrog\u00e8ne : un carburant polyvalent et \u00e0 faibles \u00e9missions | Canadian Gas Association<\/title>\n<meta name=\"robots\" content=\"index, follow, max-snippet:-1, max-image-preview:large, max-video-preview:-1\" \/>\n<link rel=\"canonical\" href=\"https:\/\/www.cga.ca\/fr\/gas-naturel-101\/lhydrogene-un-vecteur-energetique-propre-et-polyvalent\/\" \/>\n<meta property=\"og:locale\" content=\"fr_FR\" \/>\n<meta property=\"og:type\" content=\"article\" \/>\n<meta property=\"og:title\" content=\"L&#039;hydrog\u00e8ne : un carburant polyvalent et \u00e0 faibles \u00e9missions | Canadian Gas Association\" \/>\n<meta property=\"og:description\" content=\"Hydrogen is the simplest and most abundant element in the universe. It is colourless, odourless, and nontoxic. A hydrogen molecule \u2013 H2 &#8211; is often called an \u201cenergy carrier\u201d as it is produced from sources of energy, and then is used to store or deliver energy. Canada has many sources of energy that can be...\" \/>\n<meta property=\"og:url\" content=\"https:\/\/www.cga.ca\/fr\/gas-naturel-101\/lhydrogene-un-vecteur-energetique-propre-et-polyvalent\/\" \/>\n<meta property=\"og:site_name\" content=\"Canadian Gas Association\" \/>\n<meta property=\"article:modified_time\" content=\"2025-10-22T14:45:31+00:00\" \/>\n<meta property=\"og:image\" content=\"https:\/\/www.cga.ca\/wp-content\/uploads\/2023\/08\/cga-logo-only-yoast.png\" \/>\n\t<meta property=\"og:image:width\" content=\"1200\" \/>\n\t<meta property=\"og:image:height\" content=\"675\" \/>\n\t<meta property=\"og:image:type\" content=\"image\/png\" \/>\n<meta name=\"twitter:card\" content=\"summary_large_image\" \/>\n<meta name=\"twitter:label1\" content=\"Dur\u00e9e de lecture estim\u00e9e\" \/>\n\t<meta name=\"twitter:data1\" content=\"1 minute\" \/>\n\t<meta name=\"twitter:label2\" content=\"Written by\" \/>\n\t<meta name=\"twitter:data2\" content=\"super_admin\" \/>\n<script type=\"application\/ld+json\" class=\"yoast-schema-graph\">{\"@context\":\"https:\\\/\\\/schema.org\",\"@graph\":[{\"@type\":\"WebPage\",\"@id\":\"https:\\\/\\\/www.cga.ca\\\/fr\\\/gas-naturel-101\\\/lhydrogene-un-vecteur-energetique-propre-et-polyvalent\\\/\",\"url\":\"https:\\\/\\\/www.cga.ca\\\/fr\\\/gas-naturel-101\\\/lhydrogene-un-vecteur-energetique-propre-et-polyvalent\\\/\",\"name\":\"L'hydrog\u00e8ne : un carburant polyvalent et \u00e0 faibles \u00e9missions | Canadian Gas Association\",\"isPartOf\":{\"@id\":\"https:\\\/\\\/www.cga.ca\\\/#website\"},\"datePublished\":\"2024-09-27T15:34:13+00:00\",\"dateModified\":\"2025-10-22T14:45:31+00:00\",\"breadcrumb\":{\"@id\":\"https:\\\/\\\/www.cga.ca\\\/fr\\\/gas-naturel-101\\\/lhydrogene-un-vecteur-energetique-propre-et-polyvalent\\\/#breadcrumb\"},\"inLanguage\":\"fr-FR\",\"potentialAction\":[{\"@type\":\"ReadAction\",\"target\":[\"https:\\\/\\\/www.cga.ca\\\/fr\\\/gas-naturel-101\\\/lhydrogene-un-vecteur-energetique-propre-et-polyvalent\\\/\"]}]},{\"@type\":\"BreadcrumbList\",\"@id\":\"https:\\\/\\\/www.cga.ca\\\/fr\\\/gas-naturel-101\\\/lhydrogene-un-vecteur-energetique-propre-et-polyvalent\\\/#breadcrumb\",\"itemListElement\":[{\"@type\":\"ListItem\",\"position\":1,\"name\":\"Home\",\"item\":\"https:\\\/\\\/www.cga.ca\\\/fr\\\/\"},{\"@type\":\"ListItem\",\"position\":2,\"name\":\"Gas naturel 101\",\"item\":\"https:\\\/\\\/www.cga.ca\\\/fr\\\/gas-naturel-101\\\/\"},{\"@type\":\"ListItem\",\"position\":3,\"name\":\"L&#8217;hydrog\u00e8ne : un carburant polyvalent et \u00e0 faibles \u00e9missions\"}]},{\"@type\":\"WebSite\",\"@id\":\"https:\\\/\\\/www.cga.ca\\\/#website\",\"url\":\"https:\\\/\\\/www.cga.ca\\\/\",\"name\":\"Canadian Gas Association\",\"description\":\"\",\"publisher\":{\"@id\":\"https:\\\/\\\/www.cga.ca\\\/#organization\"},\"potentialAction\":[{\"@type\":\"SearchAction\",\"target\":{\"@type\":\"EntryPoint\",\"urlTemplate\":\"https:\\\/\\\/www.cga.ca\\\/?s={search_term_string}\"},\"query-input\":{\"@type\":\"PropertyValueSpecification\",\"valueRequired\":true,\"valueName\":\"search_term_string\"}}],\"inLanguage\":\"fr-FR\"},{\"@type\":\"Organization\",\"@id\":\"https:\\\/\\\/www.cga.ca\\\/#organization\",\"name\":\"Canadian Gas Association\",\"url\":\"https:\\\/\\\/www.cga.ca\\\/\",\"logo\":{\"@type\":\"ImageObject\",\"inLanguage\":\"fr-FR\",\"@id\":\"https:\\\/\\\/www.cga.ca\\\/#\\\/schema\\\/logo\\\/image\\\/\",\"url\":\"https:\\\/\\\/www.cga.ca\\\/wp-content\\\/uploads\\\/2023\\\/08\\\/cga-logo-only.png\",\"contentUrl\":\"https:\\\/\\\/www.cga.ca\\\/wp-content\\\/uploads\\\/2023\\\/08\\\/cga-logo-only.png\",\"width\":696,\"height\":696,\"caption\":\"Canadian Gas Association\"},\"image\":{\"@id\":\"https:\\\/\\\/www.cga.ca\\\/#\\\/schema\\\/logo\\\/image\\\/\"}}]}<\/script>\n<!-- \/ Yoast SEO plugin. -->","yoast_head_json":{"title":"L'hydrog\u00e8ne : un carburant polyvalent et \u00e0 faibles \u00e9missions | Canadian Gas Association","robots":{"index":"index","follow":"follow","max-snippet":"max-snippet:-1","max-image-preview":"max-image-preview:large","max-video-preview":"max-video-preview:-1"},"canonical":"https:\/\/www.cga.ca\/fr\/gas-naturel-101\/lhydrogene-un-vecteur-energetique-propre-et-polyvalent\/","og_locale":"fr_FR","og_type":"article","og_title":"L'hydrog\u00e8ne : un carburant polyvalent et \u00e0 faibles \u00e9missions | Canadian Gas Association","og_description":"Hydrogen is the simplest and most abundant element in the universe. It is colourless, odourless, and nontoxic. A hydrogen molecule \u2013 H2 &#8211; is often called an \u201cenergy carrier\u201d as it is produced from sources of energy, and then is used to store or deliver energy. Canada has many sources of energy that can be...","og_url":"https:\/\/www.cga.ca\/fr\/gas-naturel-101\/lhydrogene-un-vecteur-energetique-propre-et-polyvalent\/","og_site_name":"Canadian Gas Association","article_modified_time":"2025-10-22T14:45:31+00:00","og_image":[{"width":1200,"height":675,"url":"https:\/\/www.cga.ca\/wp-content\/uploads\/2023\/08\/cga-logo-only-yoast.png","type":"image\/png"}],"twitter_card":"summary_large_image","twitter_misc":{"Dur\u00e9e de lecture estim\u00e9e":"1 minute","Written by":"super_admin"},"schema":{"@context":"https:\/\/schema.org","@graph":[{"@type":"WebPage","@id":"https:\/\/www.cga.ca\/fr\/gas-naturel-101\/lhydrogene-un-vecteur-energetique-propre-et-polyvalent\/","url":"https:\/\/www.cga.ca\/fr\/gas-naturel-101\/lhydrogene-un-vecteur-energetique-propre-et-polyvalent\/","name":"L'hydrog\u00e8ne : un carburant polyvalent et \u00e0 faibles \u00e9missions | Canadian Gas Association","isPartOf":{"@id":"https:\/\/www.cga.ca\/#website"},"datePublished":"2024-09-27T15:34:13+00:00","dateModified":"2025-10-22T14:45:31+00:00","breadcrumb":{"@id":"https:\/\/www.cga.ca\/fr\/gas-naturel-101\/lhydrogene-un-vecteur-energetique-propre-et-polyvalent\/#breadcrumb"},"inLanguage":"fr-FR","potentialAction":[{"@type":"ReadAction","target":["https:\/\/www.cga.ca\/fr\/gas-naturel-101\/lhydrogene-un-vecteur-energetique-propre-et-polyvalent\/"]}]},{"@type":"BreadcrumbList","@id":"https:\/\/www.cga.ca\/fr\/gas-naturel-101\/lhydrogene-un-vecteur-energetique-propre-et-polyvalent\/#breadcrumb","itemListElement":[{"@type":"ListItem","position":1,"name":"Home","item":"https:\/\/www.cga.ca\/fr\/"},{"@type":"ListItem","position":2,"name":"Gas naturel 101","item":"https:\/\/www.cga.ca\/fr\/gas-naturel-101\/"},{"@type":"ListItem","position":3,"name":"L&#8217;hydrog\u00e8ne : un carburant polyvalent et \u00e0 faibles \u00e9missions"}]},{"@type":"WebSite","@id":"https:\/\/www.cga.ca\/#website","url":"https:\/\/www.cga.ca\/","name":"Canadian Gas Association","description":"","publisher":{"@id":"https:\/\/www.cga.ca\/#organization"},"potentialAction":[{"@type":"SearchAction","target":{"@type":"EntryPoint","urlTemplate":"https:\/\/www.cga.ca\/?s={search_term_string}"},"query-input":{"@type":"PropertyValueSpecification","valueRequired":true,"valueName":"search_term_string"}}],"inLanguage":"fr-FR"},{"@type":"Organization","@id":"https:\/\/www.cga.ca\/#organization","name":"Canadian Gas Association","url":"https:\/\/www.cga.ca\/","logo":{"@type":"ImageObject","inLanguage":"fr-FR","@id":"https:\/\/www.cga.ca\/#\/schema\/logo\/image\/","url":"https:\/\/www.cga.ca\/wp-content\/uploads\/2023\/08\/cga-logo-only.png","contentUrl":"https:\/\/www.cga.ca\/wp-content\/uploads\/2023\/08\/cga-logo-only.png","width":696,"height":696,"caption":"Canadian Gas Association"},"image":{"@id":"https:\/\/www.cga.ca\/#\/schema\/logo\/image\/"}}]}},"_links":{"self":[{"href":"https:\/\/www.cga.ca\/fr\/wp-json\/wp\/v2\/pages\/10048","targetHints":{"allow":["GET"]}}],"collection":[{"href":"https:\/\/www.cga.ca\/fr\/wp-json\/wp\/v2\/pages"}],"about":[{"href":"https:\/\/www.cga.ca\/fr\/wp-json\/wp\/v2\/types\/page"}],"author":[{"embeddable":true,"href":"https:\/\/www.cga.ca\/fr\/wp-json\/wp\/v2\/users\/1"}],"replies":[{"embeddable":true,"href":"https:\/\/www.cga.ca\/fr\/wp-json\/wp\/v2\/comments?post=10048"}],"version-history":[{"count":16,"href":"https:\/\/www.cga.ca\/fr\/wp-json\/wp\/v2\/pages\/10048\/revisions"}],"predecessor-version":[{"id":11462,"href":"https:\/\/www.cga.ca\/fr\/wp-json\/wp\/v2\/pages\/10048\/revisions\/11462"}],"up":[{"embeddable":true,"href":"https:\/\/www.cga.ca\/fr\/wp-json\/wp\/v2\/pages\/3001"}],"wp:attachment":[{"href":"https:\/\/www.cga.ca\/fr\/wp-json\/wp\/v2\/media?parent=10048"}],"wp:term":[{"taxonomy":"page-category","embeddable":true,"href":"https:\/\/www.cga.ca\/fr\/wp-json\/wp\/v2\/page-category?post=10048"},{"taxonomy":"feature","embeddable":true,"href":"https:\/\/www.cga.ca\/fr\/wp-json\/wp\/v2\/feature?post=10048"},{"taxonomy":"author","embeddable":true,"href":"https:\/\/www.cga.ca\/fr\/wp-json\/wp\/v2\/coauthors?post=10048"}],"curies":[{"name":"wp","href":"https:\/\/api.w.org\/{rel}","templated":true}]}}