{"id":1358,"date":"2020-01-29T12:04:18","date_gmt":"2020-01-29T17:04:18","guid":{"rendered":"http:\/\/www.cga.ca\/privacy-policy\/"},"modified":"2023-02-13T13:17:32","modified_gmt":"2023-02-13T18:17:32","slug":"politique-de-confidentialite","status":"publish","type":"page","link":"https:\/\/www.cga.ca\/fr\/politique-de-confidentialite\/","title":{"rendered":"Politique de confidentialit\u00e9"},"content":{"rendered":"<p>ACG ne collecte que l\u2019information que vous communiquez volontairement, par exemple en remplissant un formulaire ou en r\u00e9pondant \u00e0 un sondage.<\/p>\n<p>L\u2019ACG s\u2019engage \u00e0 ne pas vendre ni communiquer ces informations \u00e0 une tierce partie, \u00e0 des fins de marketing.<\/p>\n<p>Il se peut que l\u2019ACG recueille des informations sur le trafic de son site Web dans le but de contribuer \u00e0 son am\u00e9lioration et pour mieux r\u00e9pondre \u00e0 vos besoins. L\u2019information recueillie ne contient aucun d\u00e9tail personnel, mais des donn\u00e9es sur votre visite du site, telles que :<\/p>\n<ul>\n<li>Le nom de votre fournisseur de services Internet, son adresse IP et le nom de son service.<\/li>\n<li>La dur\u00e9e de chaque visite.<\/li>\n<li>Le nombre de demandes par visites.<\/li>\n<li>Le type de votre syst\u00e8me d\u2019exploitation (Windows, MacIntosh, Unix, etc.).<\/li>\n<li>Le type de votre navigateur (Netscape, Internet Explorer, etc.).<\/li>\n<\/ul>\n<p>Nous pouvons utiliser des t\u00e9moins de connexion [cookies] pour vous aider \u00e0 g\u00e9rer l\u2019utilisation de notre site, et pour comprendre et sauvegarder vos pr\u00e9f\u00e9rences pour de futures visites. Les t\u00e9moins de connexion sont de petits fichiers qu\u2019un site Web ou un fournisseur de services transf\u00e8re sur le disque dur de votre ordinateur au moyen de votre navigateur Web et qui permettent au site ou au fournisseur de services de reconna\u00eetre votre navigateur ainsi que de saisir ou de m\u00e9moriser certaines donn\u00e9es. Ils peuvent \u00e9galement servir \u00e0 cibler de la publicit\u00e9 num\u00e9rique.<\/p>\n<p>Les citoyens canadiens sont prot\u00e9g\u00e9s par deux lois f\u00e9d\u00e9rales sur la confidentialit\u00e9 des renseignements, soit la Loi sur la protection des renseignements personnels et les documents \u00e9lectroniques (LPRDE). Cette derni\u00e8re est bas\u00e9e sur le \u00ab Code type sur la protection des renseignements personnels \u00bb personnels de l\u2019Association canadienne de normalisation, code qui est incorpor\u00e9 dans la loi. Les organisations domicili\u00e9es au Qu\u00e9bec sont soumises \u00e0 la Loi sur la protection des renseignements personnels dans le secteur priv\u00e9 dont l\u2019application est assur\u00e9e par la Commission d\u2019acc\u00e8s \u00e0 l\u2019information.<\/p>\n","protected":false},"excerpt":{"rendered":"<p>ACG ne collecte que l\u2019information que vous communiquez volontairement, par exemple en remplissant un formulaire ou en r\u00e9pondant \u00e0 un sondage. L\u2019ACG s\u2019engage \u00e0 ne pas vendre ni communiquer ces informations \u00e0 une tierce partie, \u00e0 des fins de marketing. Il se peut que l\u2019ACG recueille des informations sur le trafic de son site Web&#8230;<\/p>\n","protected":false},"author":1,"featured_media":0,"parent":0,"menu_order":128,"comment_status":"closed","ping_status":"open","template":"","meta":{"_acf_changed":false,"footnotes":""},"page-category":[],"feature":[],"coauthors":[12],"class_list":["post-1358","page","type-page","status-publish","hentry"],"acf":[],"yoast_head":"<!-- This site is optimized with the Yoast SEO plugin v27.4 - https:\/\/yoast.com\/product\/yoast-seo-wordpress\/ -->\n<title>Politique de confidentialit\u00e9 | Canadian Gas Association<\/title>\n<meta name=\"robots\" content=\"index, follow, max-snippet:-1, max-image-preview:large, max-video-preview:-1\" \/>\n<link rel=\"canonical\" href=\"https:\/\/www.cga.ca\/fr\/politique-de-confidentialite\/\" \/>\n<meta property=\"og:locale\" content=\"fr_FR\" \/>\n<meta property=\"og:type\" content=\"article\" \/>\n<meta property=\"og:title\" content=\"Politique de confidentialit\u00e9 | Canadian Gas Association\" \/>\n<meta property=\"og:description\" content=\"ACG ne collecte que l\u2019information que vous communiquez volontairement, par exemple en remplissant un formulaire ou en r\u00e9pondant \u00e0 un sondage. L\u2019ACG s\u2019engage \u00e0 ne pas vendre ni communiquer ces informations \u00e0 une tierce partie, \u00e0 des fins de marketing. Il se peut que l\u2019ACG recueille des informations sur le trafic de son site Web...\" \/>\n<meta property=\"og:url\" content=\"https:\/\/www.cga.ca\/fr\/politique-de-confidentialite\/\" \/>\n<meta property=\"og:site_name\" content=\"Canadian Gas Association\" \/>\n<meta property=\"article:modified_time\" content=\"2023-02-13T18:17:32+00:00\" \/>\n<meta property=\"og:image\" content=\"https:\/\/www.cga.ca\/wp-content\/uploads\/2023\/08\/cga-logo-only-yoast.png\" \/>\n\t<meta property=\"og:image:width\" content=\"1200\" \/>\n\t<meta property=\"og:image:height\" content=\"675\" \/>\n\t<meta property=\"og:image:type\" content=\"image\/png\" \/>\n<meta name=\"twitter:card\" content=\"summary_large_image\" \/>\n<meta name=\"twitter:label1\" content=\"Dur\u00e9e de lecture estim\u00e9e\" \/>\n\t<meta name=\"twitter:data1\" content=\"2 minutes\" \/>\n\t<meta name=\"twitter:label2\" content=\"Written by\" \/>\n\t<meta name=\"twitter:data2\" content=\"super_admin\" \/>\n<script type=\"application\/ld+json\" class=\"yoast-schema-graph\">{\"@context\":\"https:\\\/\\\/schema.org\",\"@graph\":[{\"@type\":\"WebPage\",\"@id\":\"https:\\\/\\\/www.cga.ca\\\/fr\\\/politique-de-confidentialite\\\/\",\"url\":\"https:\\\/\\\/www.cga.ca\\\/fr\\\/politique-de-confidentialite\\\/\",\"name\":\"Politique de confidentialit\u00e9 | Canadian Gas Association\",\"isPartOf\":{\"@id\":\"https:\\\/\\\/www.cga.ca\\\/#website\"},\"datePublished\":\"2020-01-29T17:04:18+00:00\",\"dateModified\":\"2023-02-13T18:17:32+00:00\",\"breadcrumb\":{\"@id\":\"https:\\\/\\\/www.cga.ca\\\/fr\\\/politique-de-confidentialite\\\/#breadcrumb\"},\"inLanguage\":\"fr-FR\",\"potentialAction\":[{\"@type\":\"ReadAction\",\"target\":[\"https:\\\/\\\/www.cga.ca\\\/fr\\\/politique-de-confidentialite\\\/\"]}]},{\"@type\":\"BreadcrumbList\",\"@id\":\"https:\\\/\\\/www.cga.ca\\\/fr\\\/politique-de-confidentialite\\\/#breadcrumb\",\"itemListElement\":[{\"@type\":\"ListItem\",\"position\":1,\"name\":\"Home\",\"item\":\"https:\\\/\\\/www.cga.ca\\\/fr\\\/\"},{\"@type\":\"ListItem\",\"position\":2,\"name\":\"Politique de confidentialit\u00e9\"}]},{\"@type\":\"WebSite\",\"@id\":\"https:\\\/\\\/www.cga.ca\\\/#website\",\"url\":\"https:\\\/\\\/www.cga.ca\\\/\",\"name\":\"Canadian Gas Association\",\"description\":\"\",\"publisher\":{\"@id\":\"https:\\\/\\\/www.cga.ca\\\/#organization\"},\"potentialAction\":[{\"@type\":\"SearchAction\",\"target\":{\"@type\":\"EntryPoint\",\"urlTemplate\":\"https:\\\/\\\/www.cga.ca\\\/?s={search_term_string}\"},\"query-input\":{\"@type\":\"PropertyValueSpecification\",\"valueRequired\":true,\"valueName\":\"search_term_string\"}}],\"inLanguage\":\"fr-FR\"},{\"@type\":\"Organization\",\"@id\":\"https:\\\/\\\/www.cga.ca\\\/#organization\",\"name\":\"Canadian Gas Association\",\"url\":\"https:\\\/\\\/www.cga.ca\\\/\",\"logo\":{\"@type\":\"ImageObject\",\"inLanguage\":\"fr-FR\",\"@id\":\"https:\\\/\\\/www.cga.ca\\\/#\\\/schema\\\/logo\\\/image\\\/\",\"url\":\"https:\\\/\\\/www.cga.ca\\\/wp-content\\\/uploads\\\/2023\\\/08\\\/cga-logo-only.png\",\"contentUrl\":\"https:\\\/\\\/www.cga.ca\\\/wp-content\\\/uploads\\\/2023\\\/08\\\/cga-logo-only.png\",\"width\":696,\"height\":696,\"caption\":\"Canadian Gas Association\"},\"image\":{\"@id\":\"https:\\\/\\\/www.cga.ca\\\/#\\\/schema\\\/logo\\\/image\\\/\"}}]}<\/script>\n<!-- \/ Yoast SEO plugin. -->","yoast_head_json":{"title":"Politique de confidentialit\u00e9 | Canadian Gas Association","robots":{"index":"index","follow":"follow","max-snippet":"max-snippet:-1","max-image-preview":"max-image-preview:large","max-video-preview":"max-video-preview:-1"},"canonical":"https:\/\/www.cga.ca\/fr\/politique-de-confidentialite\/","og_locale":"fr_FR","og_type":"article","og_title":"Politique de confidentialit\u00e9 | Canadian Gas Association","og_description":"ACG ne collecte que l\u2019information que vous communiquez volontairement, par exemple en remplissant un formulaire ou en r\u00e9pondant \u00e0 un sondage. L\u2019ACG s\u2019engage \u00e0 ne pas vendre ni communiquer ces informations \u00e0 une tierce partie, \u00e0 des fins de marketing. Il se peut que l\u2019ACG recueille des informations sur le trafic de son site Web...","og_url":"https:\/\/www.cga.ca\/fr\/politique-de-confidentialite\/","og_site_name":"Canadian Gas Association","article_modified_time":"2023-02-13T18:17:32+00:00","og_image":[{"width":1200,"height":675,"url":"https:\/\/www.cga.ca\/wp-content\/uploads\/2023\/08\/cga-logo-only-yoast.png","type":"image\/png"}],"twitter_card":"summary_large_image","twitter_misc":{"Dur\u00e9e de lecture estim\u00e9e":"2 minutes","Written by":"super_admin"},"schema":{"@context":"https:\/\/schema.org","@graph":[{"@type":"WebPage","@id":"https:\/\/www.cga.ca\/fr\/politique-de-confidentialite\/","url":"https:\/\/www.cga.ca\/fr\/politique-de-confidentialite\/","name":"Politique de confidentialit\u00e9 | Canadian Gas Association","isPartOf":{"@id":"https:\/\/www.cga.ca\/#website"},"datePublished":"2020-01-29T17:04:18+00:00","dateModified":"2023-02-13T18:17:32+00:00","breadcrumb":{"@id":"https:\/\/www.cga.ca\/fr\/politique-de-confidentialite\/#breadcrumb"},"inLanguage":"fr-FR","potentialAction":[{"@type":"ReadAction","target":["https:\/\/www.cga.ca\/fr\/politique-de-confidentialite\/"]}]},{"@type":"BreadcrumbList","@id":"https:\/\/www.cga.ca\/fr\/politique-de-confidentialite\/#breadcrumb","itemListElement":[{"@type":"ListItem","position":1,"name":"Home","item":"https:\/\/www.cga.ca\/fr\/"},{"@type":"ListItem","position":2,"name":"Politique de confidentialit\u00e9"}]},{"@type":"WebSite","@id":"https:\/\/www.cga.ca\/#website","url":"https:\/\/www.cga.ca\/","name":"Canadian Gas Association","description":"","publisher":{"@id":"https:\/\/www.cga.ca\/#organization"},"potentialAction":[{"@type":"SearchAction","target":{"@type":"EntryPoint","urlTemplate":"https:\/\/www.cga.ca\/?s={search_term_string}"},"query-input":{"@type":"PropertyValueSpecification","valueRequired":true,"valueName":"search_term_string"}}],"inLanguage":"fr-FR"},{"@type":"Organization","@id":"https:\/\/www.cga.ca\/#organization","name":"Canadian Gas Association","url":"https:\/\/www.cga.ca\/","logo":{"@type":"ImageObject","inLanguage":"fr-FR","@id":"https:\/\/www.cga.ca\/#\/schema\/logo\/image\/","url":"https:\/\/www.cga.ca\/wp-content\/uploads\/2023\/08\/cga-logo-only.png","contentUrl":"https:\/\/www.cga.ca\/wp-content\/uploads\/2023\/08\/cga-logo-only.png","width":696,"height":696,"caption":"Canadian Gas Association"},"image":{"@id":"https:\/\/www.cga.ca\/#\/schema\/logo\/image\/"}}]}},"_links":{"self":[{"href":"https:\/\/www.cga.ca\/fr\/wp-json\/wp\/v2\/pages\/1358","targetHints":{"allow":["GET"]}}],"collection":[{"href":"https:\/\/www.cga.ca\/fr\/wp-json\/wp\/v2\/pages"}],"about":[{"href":"https:\/\/www.cga.ca\/fr\/wp-json\/wp\/v2\/types\/page"}],"author":[{"embeddable":true,"href":"https:\/\/www.cga.ca\/fr\/wp-json\/wp\/v2\/users\/1"}],"replies":[{"embeddable":true,"href":"https:\/\/www.cga.ca\/fr\/wp-json\/wp\/v2\/comments?post=1358"}],"version-history":[{"count":3,"href":"https:\/\/www.cga.ca\/fr\/wp-json\/wp\/v2\/pages\/1358\/revisions"}],"predecessor-version":[{"id":7788,"href":"https:\/\/www.cga.ca\/fr\/wp-json\/wp\/v2\/pages\/1358\/revisions\/7788"}],"wp:attachment":[{"href":"https:\/\/www.cga.ca\/fr\/wp-json\/wp\/v2\/media?parent=1358"}],"wp:term":[{"taxonomy":"page-category","embeddable":true,"href":"https:\/\/www.cga.ca\/fr\/wp-json\/wp\/v2\/page-category?post=1358"},{"taxonomy":"feature","embeddable":true,"href":"https:\/\/www.cga.ca\/fr\/wp-json\/wp\/v2\/feature?post=1358"},{"taxonomy":"author","embeddable":true,"href":"https:\/\/www.cga.ca\/fr\/wp-json\/wp\/v2\/coauthors?post=1358"}],"curies":[{"name":"wp","href":"https:\/\/api.w.org\/{rel}","templated":true}]}}