{"id":2004,"date":"2020-02-26T16:15:42","date_gmt":"2020-02-26T21:15:42","guid":{"rendered":"http:\/\/www.cga.ca\/advertise\/"},"modified":"2024-12-11T17:08:50","modified_gmt":"2024-12-11T22:08:50","slug":"publicite","status":"publish","type":"page","link":"https:\/\/www.cga.ca\/fr\/ressources\/publications\/magazine-energie\/publicite\/","title":{"rendered":"Publicit\u00e9"},"content":{"rendered":"<h2>Projet de publicit\u00e9<\/h2>\n\n<table id=\"tablepress-5\" class=\"tablepress tablepress-id-5 table-fullwidth alternateRowColor\">\n<thead>\n<tr class=\"row-1\">\n\t<th class=\"column-1\">Dates de cl\u00f4ture 2026<\/th><th class=\"column-2\">Mat\u00e9riel publicitaire \u00e0 remettre<\/th><th class=\"column-3\">Annonce publi\u00e9e<\/th>\n<\/tr>\n<\/thead>\n<tbody>\n<tr class=\"row-2\">\n\t<td class=\"column-1\">Num\u00e9ro 1, 2026<\/td><td class=\"column-2\">20 f\u00e9vrier 2026<\/td><td class=\"column-3\">2 mars 2026<\/td>\n<\/tr>\n<tr class=\"row-3\">\n\t<td class=\"column-1\">Num\u00e9ro 2, 2026<\/td><td class=\"column-2\">21 ao\u00fbt 2026<\/td><td class=\"column-3\">31 ao\u00fbt 2026<\/td>\n<\/tr>\n<\/tbody>\n<\/table>\n<!-- #tablepress-5 from cache -->\n<h2>Tarifs publicitaires standard<\/h2>\n\n<table id=\"tablepress-6\" class=\"tablepress tablepress-id-6 table-fullwidth alternateRowColor\">\n<thead>\n<tr class=\"row-1\">\n\t<th class=\"column-1\">Tarifs publicitaires pour 2026<\/th><th class=\"column-2\">Par num\u00e9ro*<\/th>\n<\/tr>\n<\/thead>\n<tbody>\n<tr class=\"row-2\">\n\t<td class=\"column-1\">Banni\u00e8re rotative (bureau et mobile)<\/td><td class=\"column-2\">250 $<\/td>\n<\/tr>\n<tr class=\"row-3\">\n\t<td class=\"column-1\"><strong>Compl\u00e9ments<\/strong><\/td><td class=\"column-2\"><\/td>\n<\/tr>\n<tr class=\"row-4\">\n\t<td class=\"column-1\">Placement du logo<\/td><td class=\"column-2\">250 $<\/td>\n<\/tr>\n<\/tbody>\n<\/table>\n<!-- #tablepress-6 from cache -->\n<p><em>* Frais suppl\u00e9mentaires : Taxes applicables<\/em><br \/>\n<em>** Veuillez indiquer votre int\u00e9r\u00eat pour l&#8217;option de publicit\u00e9 imprim\u00e9e, en notant qu&#8217;elle n&#8217;est disponible que si l&#8217;impression est confirm\u00e9e.<\/em><\/p>\n<h2>Sp\u00e9cifications des banni\u00e8res web rotatives<\/h2>\n<div class=\"shortcode-row cf shortcode-row-default default-alignment \">\n<div class=\"column span-3   display-type-block   \"><div class=\"column-entry-content \"><p><strong>Annonce de bureau<br \/>\n<\/strong>Large : 728 px<br \/>\nHaut : 90 px<\/p>\n<\/div><\/div>\n<div class=\"column span-6   display-type-block   \"><div class=\"column-entry-content \"><p><img loading=\"lazy\" decoding=\"async\" class=\"wp-image-10589 aligncenter\" src=\"https:\/\/www.cga.ca\/wp-content\/uploads\/2024\/12\/DesktopAd-300x167.png\" alt=\"\" width=\"200\" height=\"111\" srcset=\"https:\/\/www.cga.ca\/wp-content\/uploads\/2024\/12\/DesktopAd-300x167.png 300w, https:\/\/www.cga.ca\/wp-content\/uploads\/2024\/12\/DesktopAd.png 451w\" sizes=\"auto, (max-width: 200px) 100vw, 200px\" \/><\/p>\n<\/div><\/div><\/div>\n<div class=\"shortcode-row cf shortcode-row-default default-alignment \">\n<div class=\"column span-3   display-type-block   \"><div class=\"column-entry-content \"><p><strong>Annonce mobile<\/strong><br \/>\nLarge : 320 px<br \/>\nHaut : 50 px<\/p>\n<\/div><\/div>\n<div class=\"column span-6   display-type-block   \"><div class=\"column-entry-content \"><p><img loading=\"lazy\" decoding=\"async\" class=\"wp-image-10591 aligncenter\" src=\"https:\/\/www.cga.ca\/wp-content\/uploads\/2024\/12\/MobileAd-160x300.png\" alt=\"\" width=\"60\" height=\"113\" srcset=\"https:\/\/www.cga.ca\/wp-content\/uploads\/2024\/12\/MobileAd-160x300.png 160w, https:\/\/www.cga.ca\/wp-content\/uploads\/2024\/12\/MobileAd.png 181w\" sizes=\"auto, (max-width: 60px) 100vw, 60px\" \/><\/p>\n<\/div><\/div>\n<\/div>\n<h2>\nSp\u00e9cifications de l&#8217;ajout d&#8217;un logo social<\/h2>\n<p>Placement du logo sur les cartes graphiques de deux (2) messages sociaux organiques faisant la promotion d&#8217;un article du magazine ENERGY (de votre choix) ; ainsi que le marquage social.<\/p>\n<div class=\"shortcode-row cf shortcode-row-default default-alignment \">\n<div class=\"column span-12   display-type-block   \"><div class=\"column-entry-content \"><p><strong>Taille de l&#8217;\u0153uvre d&#8217;art<\/strong><br \/>\nLogo haute r\u00e9solution sur fond transparent (fichier EPS, PNG ou Ai).<\/p>\n<\/div><\/div><\/div>\n<h2>Publicit\u00e9 et demandes de renseignements \u00e0 d\u2019autres sujets<\/h2>\n<p><strong>Personne ressource\u00a0:<\/strong><br \/>\nEmily Copp<br \/>\nDirectrice adjointe, communications<br \/>\nAssociation canadienne du gaz<br \/>\nCourriel : <a href=\"mailto:ecopp@cga.ca\">ecopp@cga.ca<\/a><\/p>\n<div class=\"footnotes-container \"><p>L\u2019annonceur s\u2019engage \u00e0 indemniser l\u2019ACG des pertes ou des responsabilit\u00e9s d\u00e9coulant de cette publicit\u00e9. Sauf dans le cas d\u2019une publicit\u00e9 unique pay\u00e9e de m\u00eame sp\u00e9cification dans la prochaine publication ou dans une publication similaire, l\u2019ACG n\u2019assume aucune responsabilit\u00e9 en cas d\u2019erreurs admises ou av\u00e9r\u00e9es ou bien d\u2019omissions survenues. Le paiement est d\u00fb sur r\u00e9ception de la facture. Un int\u00e9r\u00eat de\u00a02\u00a0% par mois, soit 26,82\u00a0% compos\u00e9 annuellement, sera factur\u00e9 pour tout compte en souffrance. Les r\u00e9visions apport\u00e9es \u00e0 une annonce pr\u00e9c\u00e9demment soumise feront l\u2019objet de frais suppl\u00e9mentaires. Des frais de\u00a030\u00a0$ seront per\u00e7us pour les ch\u00e8ques sans provision. En cas d\u2019annulation du contrat, l\u2019annonceur ou l\u2019agence s\u2019engage \u00e0 payer \u00e0 l\u2019ACG tout rabais accord\u00e9 pour des insertions multiples, moins tout rabais applicable pour les insertions r\u00e9alis\u00e9es pendant la p\u00e9riode du contrat. Toute annulation doit \u00eatre re\u00e7ue par \u00e9crit avant la date limite de vente de la publicit\u00e9. Tous les emplacements haut de gamme d\u2019une annonce sont non r\u00e9siliables. Les annonces peuvent \u00e9galement appara\u00eetre dans une version en ligne de la publication.<\/p>\n<\/div>\n","protected":false},"excerpt":{"rendered":"<p>Projet de publicit\u00e9 Tarifs publicitaires standard * Frais suppl\u00e9mentaires : Taxes applicables ** Veuillez indiquer votre int\u00e9r\u00eat pour l&#8217;option de publicit\u00e9 imprim\u00e9e, en notant qu&#8217;elle n&#8217;est disponible que si l&#8217;impression est confirm\u00e9e. Sp\u00e9cifications des banni\u00e8res web rotatives Sp\u00e9cifications de l&#8217;ajout d&#8217;un logo social Placement du logo sur les cartes graphiques de deux (2) messages sociaux&#8230;<\/p>\n","protected":false},"author":1,"featured_media":0,"parent":2972,"menu_order":92,"comment_status":"closed","ping_status":"closed","template":"page-sidebar-energy-mag.php","meta":{"_acf_changed":false,"footnotes":""},"page-category":[],"feature":[],"coauthors":[12],"class_list":["post-2004","page","type-page","status-publish","hentry"],"acf":[],"yoast_head":"<!-- This site is optimized with the Yoast SEO plugin v27.4 - https:\/\/yoast.com\/product\/yoast-seo-wordpress\/ -->\n<title>Publicit\u00e9 | Canadian Gas Association<\/title>\n<meta name=\"robots\" content=\"index, follow, max-snippet:-1, max-image-preview:large, max-video-preview:-1\" \/>\n<link rel=\"canonical\" href=\"https:\/\/www.cga.ca\/fr\/ressources\/publications\/magazine-energie\/publicite\/\" \/>\n<meta property=\"og:locale\" content=\"fr_FR\" \/>\n<meta property=\"og:type\" content=\"article\" \/>\n<meta property=\"og:title\" content=\"Publicit\u00e9 | Canadian Gas Association\" \/>\n<meta property=\"og:description\" content=\"Projet de publicit\u00e9 Tarifs publicitaires standard * Frais suppl\u00e9mentaires : Taxes applicables ** Veuillez indiquer votre int\u00e9r\u00eat pour l&#8217;option de publicit\u00e9 imprim\u00e9e, en notant qu&#8217;elle n&#8217;est disponible que si l&#8217;impression est confirm\u00e9e. Sp\u00e9cifications des banni\u00e8res web rotatives Sp\u00e9cifications de l&#8217;ajout d&#8217;un logo social Placement du logo sur les cartes graphiques de deux (2) messages sociaux...\" \/>\n<meta property=\"og:url\" content=\"https:\/\/www.cga.ca\/fr\/ressources\/publications\/magazine-energie\/publicite\/\" \/>\n<meta property=\"og:site_name\" content=\"Canadian Gas Association\" \/>\n<meta property=\"article:modified_time\" content=\"2024-12-11T22:08:50+00:00\" \/>\n<meta property=\"og:image\" content=\"https:\/\/www.cga.ca\/wp-content\/uploads\/2024\/12\/DesktopAd.png\" \/>\n\t<meta property=\"og:image:width\" content=\"451\" \/>\n\t<meta property=\"og:image:height\" content=\"251\" \/>\n\t<meta property=\"og:image:type\" content=\"image\/png\" \/>\n<meta name=\"twitter:card\" content=\"summary_large_image\" \/>\n<meta name=\"twitter:label1\" content=\"Dur\u00e9e de lecture estim\u00e9e\" \/>\n\t<meta name=\"twitter:data1\" content=\"2 minutes\" \/>\n\t<meta name=\"twitter:label2\" content=\"Written by\" \/>\n\t<meta name=\"twitter:data2\" content=\"super_admin\" \/>\n<script type=\"application\/ld+json\" class=\"yoast-schema-graph\">{\"@context\":\"https:\\\/\\\/schema.org\",\"@graph\":[{\"@type\":\"WebPage\",\"@id\":\"https:\\\/\\\/www.cga.ca\\\/fr\\\/ressources\\\/publications\\\/magazine-energie\\\/publicite\\\/\",\"url\":\"https:\\\/\\\/www.cga.ca\\\/fr\\\/ressources\\\/publications\\\/magazine-energie\\\/publicite\\\/\",\"name\":\"Publicit\u00e9 | Canadian Gas Association\",\"isPartOf\":{\"@id\":\"https:\\\/\\\/www.cga.ca\\\/#website\"},\"primaryImageOfPage\":{\"@id\":\"https:\\\/\\\/www.cga.ca\\\/fr\\\/ressources\\\/publications\\\/magazine-energie\\\/publicite\\\/#primaryimage\"},\"image\":{\"@id\":\"https:\\\/\\\/www.cga.ca\\\/fr\\\/ressources\\\/publications\\\/magazine-energie\\\/publicite\\\/#primaryimage\"},\"thumbnailUrl\":\"https:\\\/\\\/www.cga.ca\\\/wp-content\\\/uploads\\\/2024\\\/12\\\/DesktopAd-300x167.png\",\"datePublished\":\"2020-02-26T21:15:42+00:00\",\"dateModified\":\"2024-12-11T22:08:50+00:00\",\"breadcrumb\":{\"@id\":\"https:\\\/\\\/www.cga.ca\\\/fr\\\/ressources\\\/publications\\\/magazine-energie\\\/publicite\\\/#breadcrumb\"},\"inLanguage\":\"fr-FR\",\"potentialAction\":[{\"@type\":\"ReadAction\",\"target\":[\"https:\\\/\\\/www.cga.ca\\\/fr\\\/ressources\\\/publications\\\/magazine-energie\\\/publicite\\\/\"]}]},{\"@type\":\"ImageObject\",\"inLanguage\":\"fr-FR\",\"@id\":\"https:\\\/\\\/www.cga.ca\\\/fr\\\/ressources\\\/publications\\\/magazine-energie\\\/publicite\\\/#primaryimage\",\"url\":\"https:\\\/\\\/www.cga.ca\\\/wp-content\\\/uploads\\\/2024\\\/12\\\/DesktopAd-300x167.png\",\"contentUrl\":\"https:\\\/\\\/www.cga.ca\\\/wp-content\\\/uploads\\\/2024\\\/12\\\/DesktopAd-300x167.png\"},{\"@type\":\"BreadcrumbList\",\"@id\":\"https:\\\/\\\/www.cga.ca\\\/fr\\\/ressources\\\/publications\\\/magazine-energie\\\/publicite\\\/#breadcrumb\",\"itemListElement\":[{\"@type\":\"ListItem\",\"position\":1,\"name\":\"Home\",\"item\":\"https:\\\/\\\/www.cga.ca\\\/fr\\\/\"},{\"@type\":\"ListItem\",\"position\":2,\"name\":\"Ressources\",\"item\":\"https:\\\/\\\/www.cga.ca\\\/fr\\\/ressources\\\/\"},{\"@type\":\"ListItem\",\"position\":3,\"name\":\"Publications\",\"item\":\"https:\\\/\\\/www.cga.ca\\\/fr\\\/ressources\\\/publications\\\/\"},{\"@type\":\"ListItem\",\"position\":4,\"name\":\"Magazine \u00c9NERGIE\",\"item\":\"https:\\\/\\\/www.cga.ca\\\/fr\\\/ressources\\\/publications\\\/magazine-energie\\\/\"},{\"@type\":\"ListItem\",\"position\":5,\"name\":\"Publicit\u00e9\"}]},{\"@type\":\"WebSite\",\"@id\":\"https:\\\/\\\/www.cga.ca\\\/#website\",\"url\":\"https:\\\/\\\/www.cga.ca\\\/\",\"name\":\"Canadian Gas Association\",\"description\":\"\",\"publisher\":{\"@id\":\"https:\\\/\\\/www.cga.ca\\\/#organization\"},\"potentialAction\":[{\"@type\":\"SearchAction\",\"target\":{\"@type\":\"EntryPoint\",\"urlTemplate\":\"https:\\\/\\\/www.cga.ca\\\/?s={search_term_string}\"},\"query-input\":{\"@type\":\"PropertyValueSpecification\",\"valueRequired\":true,\"valueName\":\"search_term_string\"}}],\"inLanguage\":\"fr-FR\"},{\"@type\":\"Organization\",\"@id\":\"https:\\\/\\\/www.cga.ca\\\/#organization\",\"name\":\"Canadian Gas Association\",\"url\":\"https:\\\/\\\/www.cga.ca\\\/\",\"logo\":{\"@type\":\"ImageObject\",\"inLanguage\":\"fr-FR\",\"@id\":\"https:\\\/\\\/www.cga.ca\\\/#\\\/schema\\\/logo\\\/image\\\/\",\"url\":\"https:\\\/\\\/www.cga.ca\\\/wp-content\\\/uploads\\\/2023\\\/08\\\/cga-logo-only.png\",\"contentUrl\":\"https:\\\/\\\/www.cga.ca\\\/wp-content\\\/uploads\\\/2023\\\/08\\\/cga-logo-only.png\",\"width\":696,\"height\":696,\"caption\":\"Canadian Gas Association\"},\"image\":{\"@id\":\"https:\\\/\\\/www.cga.ca\\\/#\\\/schema\\\/logo\\\/image\\\/\"}}]}<\/script>\n<!-- \/ Yoast SEO plugin. -->","yoast_head_json":{"title":"Publicit\u00e9 | Canadian Gas Association","robots":{"index":"index","follow":"follow","max-snippet":"max-snippet:-1","max-image-preview":"max-image-preview:large","max-video-preview":"max-video-preview:-1"},"canonical":"https:\/\/www.cga.ca\/fr\/ressources\/publications\/magazine-energie\/publicite\/","og_locale":"fr_FR","og_type":"article","og_title":"Publicit\u00e9 | Canadian Gas Association","og_description":"Projet de publicit\u00e9 Tarifs publicitaires standard * Frais suppl\u00e9mentaires : Taxes applicables ** Veuillez indiquer votre int\u00e9r\u00eat pour l&#8217;option de publicit\u00e9 imprim\u00e9e, en notant qu&#8217;elle n&#8217;est disponible que si l&#8217;impression est confirm\u00e9e. Sp\u00e9cifications des banni\u00e8res web rotatives Sp\u00e9cifications de l&#8217;ajout d&#8217;un logo social Placement du logo sur les cartes graphiques de deux (2) messages sociaux...","og_url":"https:\/\/www.cga.ca\/fr\/ressources\/publications\/magazine-energie\/publicite\/","og_site_name":"Canadian Gas Association","article_modified_time":"2024-12-11T22:08:50+00:00","og_image":[{"width":451,"height":251,"url":"https:\/\/www.cga.ca\/wp-content\/uploads\/2024\/12\/DesktopAd.png","type":"image\/png"}],"twitter_card":"summary_large_image","twitter_misc":{"Dur\u00e9e de lecture estim\u00e9e":"2 minutes","Written by":"super_admin"},"schema":{"@context":"https:\/\/schema.org","@graph":[{"@type":"WebPage","@id":"https:\/\/www.cga.ca\/fr\/ressources\/publications\/magazine-energie\/publicite\/","url":"https:\/\/www.cga.ca\/fr\/ressources\/publications\/magazine-energie\/publicite\/","name":"Publicit\u00e9 | Canadian Gas Association","isPartOf":{"@id":"https:\/\/www.cga.ca\/#website"},"primaryImageOfPage":{"@id":"https:\/\/www.cga.ca\/fr\/ressources\/publications\/magazine-energie\/publicite\/#primaryimage"},"image":{"@id":"https:\/\/www.cga.ca\/fr\/ressources\/publications\/magazine-energie\/publicite\/#primaryimage"},"thumbnailUrl":"https:\/\/www.cga.ca\/wp-content\/uploads\/2024\/12\/DesktopAd-300x167.png","datePublished":"2020-02-26T21:15:42+00:00","dateModified":"2024-12-11T22:08:50+00:00","breadcrumb":{"@id":"https:\/\/www.cga.ca\/fr\/ressources\/publications\/magazine-energie\/publicite\/#breadcrumb"},"inLanguage":"fr-FR","potentialAction":[{"@type":"ReadAction","target":["https:\/\/www.cga.ca\/fr\/ressources\/publications\/magazine-energie\/publicite\/"]}]},{"@type":"ImageObject","inLanguage":"fr-FR","@id":"https:\/\/www.cga.ca\/fr\/ressources\/publications\/magazine-energie\/publicite\/#primaryimage","url":"https:\/\/www.cga.ca\/wp-content\/uploads\/2024\/12\/DesktopAd-300x167.png","contentUrl":"https:\/\/www.cga.ca\/wp-content\/uploads\/2024\/12\/DesktopAd-300x167.png"},{"@type":"BreadcrumbList","@id":"https:\/\/www.cga.ca\/fr\/ressources\/publications\/magazine-energie\/publicite\/#breadcrumb","itemListElement":[{"@type":"ListItem","position":1,"name":"Home","item":"https:\/\/www.cga.ca\/fr\/"},{"@type":"ListItem","position":2,"name":"Ressources","item":"https:\/\/www.cga.ca\/fr\/ressources\/"},{"@type":"ListItem","position":3,"name":"Publications","item":"https:\/\/www.cga.ca\/fr\/ressources\/publications\/"},{"@type":"ListItem","position":4,"name":"Magazine \u00c9NERGIE","item":"https:\/\/www.cga.ca\/fr\/ressources\/publications\/magazine-energie\/"},{"@type":"ListItem","position":5,"name":"Publicit\u00e9"}]},{"@type":"WebSite","@id":"https:\/\/www.cga.ca\/#website","url":"https:\/\/www.cga.ca\/","name":"Canadian Gas Association","description":"","publisher":{"@id":"https:\/\/www.cga.ca\/#organization"},"potentialAction":[{"@type":"SearchAction","target":{"@type":"EntryPoint","urlTemplate":"https:\/\/www.cga.ca\/?s={search_term_string}"},"query-input":{"@type":"PropertyValueSpecification","valueRequired":true,"valueName":"search_term_string"}}],"inLanguage":"fr-FR"},{"@type":"Organization","@id":"https:\/\/www.cga.ca\/#organization","name":"Canadian Gas Association","url":"https:\/\/www.cga.ca\/","logo":{"@type":"ImageObject","inLanguage":"fr-FR","@id":"https:\/\/www.cga.ca\/#\/schema\/logo\/image\/","url":"https:\/\/www.cga.ca\/wp-content\/uploads\/2023\/08\/cga-logo-only.png","contentUrl":"https:\/\/www.cga.ca\/wp-content\/uploads\/2023\/08\/cga-logo-only.png","width":696,"height":696,"caption":"Canadian Gas Association"},"image":{"@id":"https:\/\/www.cga.ca\/#\/schema\/logo\/image\/"}}]}},"_links":{"self":[{"href":"https:\/\/www.cga.ca\/fr\/wp-json\/wp\/v2\/pages\/2004","targetHints":{"allow":["GET"]}}],"collection":[{"href":"https:\/\/www.cga.ca\/fr\/wp-json\/wp\/v2\/pages"}],"about":[{"href":"https:\/\/www.cga.ca\/fr\/wp-json\/wp\/v2\/types\/page"}],"author":[{"embeddable":true,"href":"https:\/\/www.cga.ca\/fr\/wp-json\/wp\/v2\/users\/1"}],"replies":[{"embeddable":true,"href":"https:\/\/www.cga.ca\/fr\/wp-json\/wp\/v2\/comments?post=2004"}],"version-history":[{"count":19,"href":"https:\/\/www.cga.ca\/fr\/wp-json\/wp\/v2\/pages\/2004\/revisions"}],"predecessor-version":[{"id":10600,"href":"https:\/\/www.cga.ca\/fr\/wp-json\/wp\/v2\/pages\/2004\/revisions\/10600"}],"up":[{"embeddable":true,"href":"https:\/\/www.cga.ca\/fr\/wp-json\/wp\/v2\/pages\/2972"}],"wp:attachment":[{"href":"https:\/\/www.cga.ca\/fr\/wp-json\/wp\/v2\/media?parent=2004"}],"wp:term":[{"taxonomy":"page-category","embeddable":true,"href":"https:\/\/www.cga.ca\/fr\/wp-json\/wp\/v2\/page-category?post=2004"},{"taxonomy":"feature","embeddable":true,"href":"https:\/\/www.cga.ca\/fr\/wp-json\/wp\/v2\/feature?post=2004"},{"taxonomy":"author","embeddable":true,"href":"https:\/\/www.cga.ca\/fr\/wp-json\/wp\/v2\/coauthors?post=2004"}],"curies":[{"name":"wp","href":"https:\/\/api.w.org\/{rel}","templated":true}]}}