{"id":2747,"date":"2020-03-30T11:16:58","date_gmt":"2020-03-30T15:16:58","guid":{"rendered":"http:\/\/www.cga.ca\/statistiques-sur-le-gaz-naturel\/canadian-energy-partnership-for-environmental-innovation\/"},"modified":"2023-01-10T15:34:12","modified_gmt":"2023-01-10T20:34:12","slug":"le-canadian-energy-partnership-for-environmental-innovation","status":"publish","type":"page","link":"https:\/\/www.cga.ca\/fr\/statistiques-sur-le-gaz-naturel\/le-canadian-energy-partnership-for-environmental-innovation\/","title":{"rendered":"Le Canadian Energy Partnership for Environmental Innovation"},"content":{"rendered":"<p>Le CEPEI existe depuis plus de\u00a025\u00a0ans. Ses membres proposent des programmes et des projets portant sur les \u00e9missions, de m\u00eame que d\u2019autres programmes et projets cofinanc\u00e9s par les membres. Le CEPEI vise \u00e0 recueillir des donn\u00e9es qui permettent d\u2019assurer la conformit\u00e9 aux r\u00e9glementations et de suivre les enjeux environnementaux \u00e9mergents afin d\u2019\u00eatre pr\u00eat \u00e0 s\u2019y attaquer lorsqu\u2019ils deviennent des sujets de r\u00e9glementation ou qui suscitent l\u2019attention du public.<\/p>\n<p>Aujourd\u2019hui, deux bases de donn\u00e9es de l\u2019ACG et du CEPEI sont largement utilis\u00e9es, soit un ensemble de donn\u00e9es sur les \u00e9missions de gaz \u00e0 effet de serre\u00a0(GES) et un ensemble de donn\u00e9es sur les principaux contaminants atmosph\u00e9riques. Le CEPEI a \u00e9galement recueilli des donn\u00e9es au cours de trois campagnes de mesure pour caract\u00e9riser les contaminants \u00e0 l\u2019\u00e9tat de traces dans le gaz naturel. Les donn\u00e9es du CEPEI ont \u00e9t\u00e9 utilis\u00e9es pour d\u00e9fendre notre secteur et mettre en \u00e9vidence les caract\u00e9ristiques environnementales du gaz naturel, notamment dans les rapports d\u2019inventaire nationaux\u00a0(RIN) du Canada.<\/p>\n<p>Les donn\u00e9es sont \u00e9tay\u00e9es par de nombreuses mesures et \u00e9tudes techniques. Les r\u00e9sultats de ces travaux (facteurs d\u2019\u00e9mission et approches de calcul) r\u00e9sident dans l\u2019un de nos protocoles fondamentaux, soit l\u2019<em>Emission Estimation Manual<\/em>\u00a0(manuel d\u2019estimation des \u00e9missions). Ce manuel est un document \u00e9volutif examin\u00e9 et r\u00e9f\u00e9renc\u00e9 par le gouvernement et les organismes de v\u00e9rification. Le calculateur des \u00e9missions de combustion du CEPEI est un deuxi\u00e8me protocole qui constitue \u00e9galement un r\u00e9f\u00e9rentiel pour notre travail sur les facteurs d\u2019\u00e9mission. Il est utilis\u00e9 par nos membres et r\u00e9pertori\u00e9 par Environnement et Changement climatique Canada\u00a0(ECCC) sur le site Web de l\u2019Inventaire national des rejets de polluants\u00a0(INRP) aux fins de d\u00e9claration obligatoire. Il est diffus\u00e9 chaque ann\u00e9e \u00e0 pr\u00e8s de\u00a0700\u00a0clients du secteur du gaz naturel, dont des experts-conseils.<\/p>\n<p>R\u00e9cemment, le CEPEI a \u00e9labor\u00e9 un guide \u00e0 l\u2019intention de l\u2019industrie concernant l\u2019interpr\u00e9tation et le respect de la r\u00e9glementation f\u00e9d\u00e9rale sur le m\u00e9thane ainsi que des exigences du syst\u00e8me de tarification bas\u00e9 sur les r\u00e9sultats, conform\u00e9ment \u00e0 la <em>Loi sur la tarification de la pollution caus\u00e9e par les gaz \u00e0 effet de serre<\/em> du gouvernement f\u00e9d\u00e9ral.<\/p>\n<p>Enfin, pour ce qui est du suivi des enjeux \u00e9mergents, le CEPEI repr\u00e9sente l\u2019ACG \/ l\u2019Association canadienne de pipelines d\u2019\u00e9nergie\u00a0(ACPE) au sein de divers groupes de travail techniques, tout en participant activement aux comit\u00e9s environnementaux de l\u2019American Gas Association et au groupe d\u2019experts sur le m\u00e9thane de l\u2019Union internationale de l\u2019industrie du gaz.<\/p>\n<p>Pour obtenir des d\u00e9tails sur les calculateurs et le Canadian Energy Partnership for Environmental Innovation (CEPEI), veuillez communiquer avec Christine Cinnamon \u00e0 <a href=\"mailto:ccinnamon@cga.ca\">ccinnamon@cga.ca<\/a>.<\/p>\n","protected":false},"excerpt":{"rendered":"<p>Le CEPEI existe depuis plus de\u00a025\u00a0ans. Ses membres proposent des programmes et des projets portant sur les \u00e9missions, de m\u00eame que d\u2019autres programmes et projets cofinanc\u00e9s par les membres. Le CEPEI vise \u00e0 recueillir des donn\u00e9es qui permettent d\u2019assurer la conformit\u00e9 aux r\u00e9glementations et de suivre les enjeux environnementaux \u00e9mergents afin d\u2019\u00eatre pr\u00eat \u00e0 s\u2019y&#8230;<\/p>\n","protected":false},"author":1,"featured_media":3516,"parent":3109,"menu_order":66,"comment_status":"closed","ping_status":"closed","template":"","meta":{"_acf_changed":false,"footnotes":""},"page-category":[],"feature":[],"coauthors":[12],"class_list":["post-2747","page","type-page","status-publish","has-post-thumbnail","hentry"],"acf":[],"yoast_head":"<!-- This site is optimized with the Yoast SEO plugin v27.4 - https:\/\/yoast.com\/product\/yoast-seo-wordpress\/ -->\n<title>Le Canadian Energy Partnership for Environmental Innovation | Canadian Gas Association<\/title>\n<meta name=\"robots\" content=\"index, follow, max-snippet:-1, max-image-preview:large, max-video-preview:-1\" \/>\n<link rel=\"canonical\" href=\"https:\/\/www.cga.ca\/fr\/statistiques-sur-le-gaz-naturel\/le-canadian-energy-partnership-for-environmental-innovation\/\" \/>\n<meta property=\"og:locale\" content=\"fr_FR\" \/>\n<meta property=\"og:type\" content=\"article\" \/>\n<meta property=\"og:title\" content=\"Le Canadian Energy Partnership for Environmental Innovation | Canadian Gas Association\" \/>\n<meta property=\"og:description\" content=\"Le CEPEI existe depuis plus de\u00a025\u00a0ans. Ses membres proposent des programmes et des projets portant sur les \u00e9missions, de m\u00eame que d\u2019autres programmes et projets cofinanc\u00e9s par les membres. Le CEPEI vise \u00e0 recueillir des donn\u00e9es qui permettent d\u2019assurer la conformit\u00e9 aux r\u00e9glementations et de suivre les enjeux environnementaux \u00e9mergents afin d\u2019\u00eatre pr\u00eat \u00e0 s\u2019y...\" \/>\n<meta property=\"og:url\" content=\"https:\/\/www.cga.ca\/fr\/statistiques-sur-le-gaz-naturel\/le-canadian-energy-partnership-for-environmental-innovation\/\" \/>\n<meta property=\"og:site_name\" content=\"Canadian Gas Association\" \/>\n<meta property=\"article:modified_time\" content=\"2023-01-10T20:34:12+00:00\" \/>\n<meta property=\"og:image\" content=\"https:\/\/www.cga.ca\/wp-content\/uploads\/2020\/04\/banner-gas-stats-meter-3.jpg\" \/>\n\t<meta property=\"og:image:width\" content=\"2500\" \/>\n\t<meta property=\"og:image:height\" content=\"1406\" \/>\n\t<meta property=\"og:image:type\" content=\"image\/jpeg\" \/>\n<meta name=\"twitter:card\" content=\"summary_large_image\" \/>\n<meta name=\"twitter:label1\" content=\"Dur\u00e9e de lecture estim\u00e9e\" \/>\n\t<meta name=\"twitter:data1\" content=\"2 minutes\" \/>\n\t<meta name=\"twitter:label2\" content=\"Written by\" \/>\n\t<meta name=\"twitter:data2\" content=\"super_admin\" \/>\n<script type=\"application\/ld+json\" class=\"yoast-schema-graph\">{\"@context\":\"https:\\\/\\\/schema.org\",\"@graph\":[{\"@type\":\"WebPage\",\"@id\":\"https:\\\/\\\/www.cga.ca\\\/fr\\\/statistiques-sur-le-gaz-naturel\\\/le-canadian-energy-partnership-for-environmental-innovation\\\/\",\"url\":\"https:\\\/\\\/www.cga.ca\\\/fr\\\/statistiques-sur-le-gaz-naturel\\\/le-canadian-energy-partnership-for-environmental-innovation\\\/\",\"name\":\"Le Canadian Energy Partnership for Environmental Innovation | Canadian Gas Association\",\"isPartOf\":{\"@id\":\"https:\\\/\\\/www.cga.ca\\\/#website\"},\"primaryImageOfPage\":{\"@id\":\"https:\\\/\\\/www.cga.ca\\\/fr\\\/statistiques-sur-le-gaz-naturel\\\/le-canadian-energy-partnership-for-environmental-innovation\\\/#primaryimage\"},\"image\":{\"@id\":\"https:\\\/\\\/www.cga.ca\\\/fr\\\/statistiques-sur-le-gaz-naturel\\\/le-canadian-energy-partnership-for-environmental-innovation\\\/#primaryimage\"},\"thumbnailUrl\":\"https:\\\/\\\/www.cga.ca\\\/wp-content\\\/uploads\\\/2020\\\/04\\\/banner-gas-stats-meter-3.jpg\",\"datePublished\":\"2020-03-30T15:16:58+00:00\",\"dateModified\":\"2023-01-10T20:34:12+00:00\",\"breadcrumb\":{\"@id\":\"https:\\\/\\\/www.cga.ca\\\/fr\\\/statistiques-sur-le-gaz-naturel\\\/le-canadian-energy-partnership-for-environmental-innovation\\\/#breadcrumb\"},\"inLanguage\":\"fr-FR\",\"potentialAction\":[{\"@type\":\"ReadAction\",\"target\":[\"https:\\\/\\\/www.cga.ca\\\/fr\\\/statistiques-sur-le-gaz-naturel\\\/le-canadian-energy-partnership-for-environmental-innovation\\\/\"]}]},{\"@type\":\"ImageObject\",\"inLanguage\":\"fr-FR\",\"@id\":\"https:\\\/\\\/www.cga.ca\\\/fr\\\/statistiques-sur-le-gaz-naturel\\\/le-canadian-energy-partnership-for-environmental-innovation\\\/#primaryimage\",\"url\":\"https:\\\/\\\/www.cga.ca\\\/wp-content\\\/uploads\\\/2020\\\/04\\\/banner-gas-stats-meter-3.jpg\",\"contentUrl\":\"https:\\\/\\\/www.cga.ca\\\/wp-content\\\/uploads\\\/2020\\\/04\\\/banner-gas-stats-meter-3.jpg\",\"width\":2500,\"height\":1406},{\"@type\":\"BreadcrumbList\",\"@id\":\"https:\\\/\\\/www.cga.ca\\\/fr\\\/statistiques-sur-le-gaz-naturel\\\/le-canadian-energy-partnership-for-environmental-innovation\\\/#breadcrumb\",\"itemListElement\":[{\"@type\":\"ListItem\",\"position\":1,\"name\":\"Home\",\"item\":\"https:\\\/\\\/www.cga.ca\\\/fr\\\/\"},{\"@type\":\"ListItem\",\"position\":2,\"name\":\"Statistiques sur le gaz naturel\",\"item\":\"https:\\\/\\\/www.cga.ca\\\/fr\\\/statistiques-sur-le-gaz-naturel\\\/\"},{\"@type\":\"ListItem\",\"position\":3,\"name\":\"Le Canadian Energy Partnership for Environmental Innovation\"}]},{\"@type\":\"WebSite\",\"@id\":\"https:\\\/\\\/www.cga.ca\\\/#website\",\"url\":\"https:\\\/\\\/www.cga.ca\\\/\",\"name\":\"Canadian Gas Association\",\"description\":\"\",\"publisher\":{\"@id\":\"https:\\\/\\\/www.cga.ca\\\/#organization\"},\"potentialAction\":[{\"@type\":\"SearchAction\",\"target\":{\"@type\":\"EntryPoint\",\"urlTemplate\":\"https:\\\/\\\/www.cga.ca\\\/?s={search_term_string}\"},\"query-input\":{\"@type\":\"PropertyValueSpecification\",\"valueRequired\":true,\"valueName\":\"search_term_string\"}}],\"inLanguage\":\"fr-FR\"},{\"@type\":\"Organization\",\"@id\":\"https:\\\/\\\/www.cga.ca\\\/#organization\",\"name\":\"Canadian Gas Association\",\"url\":\"https:\\\/\\\/www.cga.ca\\\/\",\"logo\":{\"@type\":\"ImageObject\",\"inLanguage\":\"fr-FR\",\"@id\":\"https:\\\/\\\/www.cga.ca\\\/#\\\/schema\\\/logo\\\/image\\\/\",\"url\":\"https:\\\/\\\/www.cga.ca\\\/wp-content\\\/uploads\\\/2023\\\/08\\\/cga-logo-only.png\",\"contentUrl\":\"https:\\\/\\\/www.cga.ca\\\/wp-content\\\/uploads\\\/2023\\\/08\\\/cga-logo-only.png\",\"width\":696,\"height\":696,\"caption\":\"Canadian Gas Association\"},\"image\":{\"@id\":\"https:\\\/\\\/www.cga.ca\\\/#\\\/schema\\\/logo\\\/image\\\/\"}}]}<\/script>\n<!-- \/ Yoast SEO plugin. -->","yoast_head_json":{"title":"Le Canadian Energy Partnership for Environmental Innovation | Canadian Gas Association","robots":{"index":"index","follow":"follow","max-snippet":"max-snippet:-1","max-image-preview":"max-image-preview:large","max-video-preview":"max-video-preview:-1"},"canonical":"https:\/\/www.cga.ca\/fr\/statistiques-sur-le-gaz-naturel\/le-canadian-energy-partnership-for-environmental-innovation\/","og_locale":"fr_FR","og_type":"article","og_title":"Le Canadian Energy Partnership for Environmental Innovation | Canadian Gas Association","og_description":"Le CEPEI existe depuis plus de\u00a025\u00a0ans. Ses membres proposent des programmes et des projets portant sur les \u00e9missions, de m\u00eame que d\u2019autres programmes et projets cofinanc\u00e9s par les membres. Le CEPEI vise \u00e0 recueillir des donn\u00e9es qui permettent d\u2019assurer la conformit\u00e9 aux r\u00e9glementations et de suivre les enjeux environnementaux \u00e9mergents afin d\u2019\u00eatre pr\u00eat \u00e0 s\u2019y...","og_url":"https:\/\/www.cga.ca\/fr\/statistiques-sur-le-gaz-naturel\/le-canadian-energy-partnership-for-environmental-innovation\/","og_site_name":"Canadian Gas Association","article_modified_time":"2023-01-10T20:34:12+00:00","og_image":[{"width":2500,"height":1406,"url":"https:\/\/www.cga.ca\/wp-content\/uploads\/2020\/04\/banner-gas-stats-meter-3.jpg","type":"image\/jpeg"}],"twitter_card":"summary_large_image","twitter_misc":{"Dur\u00e9e de lecture estim\u00e9e":"2 minutes","Written by":"super_admin"},"schema":{"@context":"https:\/\/schema.org","@graph":[{"@type":"WebPage","@id":"https:\/\/www.cga.ca\/fr\/statistiques-sur-le-gaz-naturel\/le-canadian-energy-partnership-for-environmental-innovation\/","url":"https:\/\/www.cga.ca\/fr\/statistiques-sur-le-gaz-naturel\/le-canadian-energy-partnership-for-environmental-innovation\/","name":"Le Canadian Energy Partnership for Environmental Innovation | Canadian Gas Association","isPartOf":{"@id":"https:\/\/www.cga.ca\/#website"},"primaryImageOfPage":{"@id":"https:\/\/www.cga.ca\/fr\/statistiques-sur-le-gaz-naturel\/le-canadian-energy-partnership-for-environmental-innovation\/#primaryimage"},"image":{"@id":"https:\/\/www.cga.ca\/fr\/statistiques-sur-le-gaz-naturel\/le-canadian-energy-partnership-for-environmental-innovation\/#primaryimage"},"thumbnailUrl":"https:\/\/www.cga.ca\/wp-content\/uploads\/2020\/04\/banner-gas-stats-meter-3.jpg","datePublished":"2020-03-30T15:16:58+00:00","dateModified":"2023-01-10T20:34:12+00:00","breadcrumb":{"@id":"https:\/\/www.cga.ca\/fr\/statistiques-sur-le-gaz-naturel\/le-canadian-energy-partnership-for-environmental-innovation\/#breadcrumb"},"inLanguage":"fr-FR","potentialAction":[{"@type":"ReadAction","target":["https:\/\/www.cga.ca\/fr\/statistiques-sur-le-gaz-naturel\/le-canadian-energy-partnership-for-environmental-innovation\/"]}]},{"@type":"ImageObject","inLanguage":"fr-FR","@id":"https:\/\/www.cga.ca\/fr\/statistiques-sur-le-gaz-naturel\/le-canadian-energy-partnership-for-environmental-innovation\/#primaryimage","url":"https:\/\/www.cga.ca\/wp-content\/uploads\/2020\/04\/banner-gas-stats-meter-3.jpg","contentUrl":"https:\/\/www.cga.ca\/wp-content\/uploads\/2020\/04\/banner-gas-stats-meter-3.jpg","width":2500,"height":1406},{"@type":"BreadcrumbList","@id":"https:\/\/www.cga.ca\/fr\/statistiques-sur-le-gaz-naturel\/le-canadian-energy-partnership-for-environmental-innovation\/#breadcrumb","itemListElement":[{"@type":"ListItem","position":1,"name":"Home","item":"https:\/\/www.cga.ca\/fr\/"},{"@type":"ListItem","position":2,"name":"Statistiques sur le gaz naturel","item":"https:\/\/www.cga.ca\/fr\/statistiques-sur-le-gaz-naturel\/"},{"@type":"ListItem","position":3,"name":"Le Canadian Energy Partnership for Environmental Innovation"}]},{"@type":"WebSite","@id":"https:\/\/www.cga.ca\/#website","url":"https:\/\/www.cga.ca\/","name":"Canadian Gas Association","description":"","publisher":{"@id":"https:\/\/www.cga.ca\/#organization"},"potentialAction":[{"@type":"SearchAction","target":{"@type":"EntryPoint","urlTemplate":"https:\/\/www.cga.ca\/?s={search_term_string}"},"query-input":{"@type":"PropertyValueSpecification","valueRequired":true,"valueName":"search_term_string"}}],"inLanguage":"fr-FR"},{"@type":"Organization","@id":"https:\/\/www.cga.ca\/#organization","name":"Canadian Gas Association","url":"https:\/\/www.cga.ca\/","logo":{"@type":"ImageObject","inLanguage":"fr-FR","@id":"https:\/\/www.cga.ca\/#\/schema\/logo\/image\/","url":"https:\/\/www.cga.ca\/wp-content\/uploads\/2023\/08\/cga-logo-only.png","contentUrl":"https:\/\/www.cga.ca\/wp-content\/uploads\/2023\/08\/cga-logo-only.png","width":696,"height":696,"caption":"Canadian Gas Association"},"image":{"@id":"https:\/\/www.cga.ca\/#\/schema\/logo\/image\/"}}]}},"_links":{"self":[{"href":"https:\/\/www.cga.ca\/fr\/wp-json\/wp\/v2\/pages\/2747","targetHints":{"allow":["GET"]}}],"collection":[{"href":"https:\/\/www.cga.ca\/fr\/wp-json\/wp\/v2\/pages"}],"about":[{"href":"https:\/\/www.cga.ca\/fr\/wp-json\/wp\/v2\/types\/page"}],"author":[{"embeddable":true,"href":"https:\/\/www.cga.ca\/fr\/wp-json\/wp\/v2\/users\/1"}],"replies":[{"embeddable":true,"href":"https:\/\/www.cga.ca\/fr\/wp-json\/wp\/v2\/comments?post=2747"}],"version-history":[{"count":3,"href":"https:\/\/www.cga.ca\/fr\/wp-json\/wp\/v2\/pages\/2747\/revisions"}],"predecessor-version":[{"id":7656,"href":"https:\/\/www.cga.ca\/fr\/wp-json\/wp\/v2\/pages\/2747\/revisions\/7656"}],"up":[{"embeddable":true,"href":"https:\/\/www.cga.ca\/fr\/wp-json\/wp\/v2\/pages\/3109"}],"wp:featuredmedia":[{"embeddable":true,"href":"https:\/\/www.cga.ca\/fr\/wp-json\/wp\/v2\/media\/3516"}],"wp:attachment":[{"href":"https:\/\/www.cga.ca\/fr\/wp-json\/wp\/v2\/media?parent=2747"}],"wp:term":[{"taxonomy":"page-category","embeddable":true,"href":"https:\/\/www.cga.ca\/fr\/wp-json\/wp\/v2\/page-category?post=2747"},{"taxonomy":"feature","embeddable":true,"href":"https:\/\/www.cga.ca\/fr\/wp-json\/wp\/v2\/feature?post=2747"},{"taxonomy":"author","embeddable":true,"href":"https:\/\/www.cga.ca\/fr\/wp-json\/wp\/v2\/coauthors?post=2747"}],"curies":[{"name":"wp","href":"https:\/\/api.w.org\/{rel}","templated":true}]}}