{"id":2755,"date":"2020-02-27T13:02:21","date_gmt":"2020-02-27T18:02:21","guid":{"rendered":"http:\/\/www.cga.ca\/contact-us\/"},"modified":"2026-01-08T11:22:17","modified_gmt":"2026-01-08T16:22:17","slug":"pour-nous-joindre","status":"publish","type":"page","link":"https:\/\/www.cga.ca\/fr\/a-propos-de-lacg\/pour-nous-joindre\/","title":{"rendered":"Pour nous joindre"},"content":{"rendered":"<h2 style=\"text-align: center;\">Demande d\u2019ordre general<\/h2>\n<p style=\"text-align: center;\">Nous vous invitons \u00e0 demeurer en contact.<br \/>\nPour toute demande de renseignements et d\u2019informations g\u00e9n\u00e9rales sur l\u2019Association canadienne du gaz et notre industrie, veuillez communiquer avec nous par courriel, par t\u00e9l\u00e9phone ou par la poste.<\/p>\n<div class=\"shortcode-row cf shortcode-row-flex default-alignment \">\n<div class=\"column span-3  offset-3 display-type-block   border-right\"><div class=\"column-entry-content text-center \"><h3>Courriel<\/h3>\n<p><a href=\"mailto:info@cga.ca\">info@cga.ca<\/a><\/p>\n<\/div><\/div>\n<div class=\"column span-3 last  display-type-block   \"><div class=\"column-entry-content text-center \"><h3>T\u00e9l\u00e9phone<\/h3>\n<p>613-748-0057<\/p>\n<\/div><\/div>\n<\/div>\n<p>&nbsp;<\/p>\n<h2 style=\"text-align: center;\">Demandes de renseignements de la part des m\u00e9dias<\/h2>\n<div class=\"shortcode-row cf shortcode-row-flex default-alignment \">\n<div class=\"column span-3  offset-3 display-type-block   border-right\"><div class=\"column-entry-content text-center \"><h3>Courriel<\/h3>\n<p><a href=\"mailto:news@cga.ca\">news@cga.ca<\/a><\/p>\n<\/div><\/div>\n<div class=\"column span-3 last  display-type-block   \"><div class=\"column-entry-content text-center \"><h3>T\u00e9l\u00e9phone<\/h3>\n<p>613-748-0057<\/p>\n<\/div><\/div>\n<\/div>\n<h2><\/h2>\n<h2 style=\"text-align: center;\">Les medias sociaux<\/h2>\n<div class=\"shortcode-row cf shortcode-row-flex default-alignment \">\n<div class=\"column span-4   display-type-block   border-right\"><div class=\"column-entry-content text-center\"><h3>X<\/h3>\n<p><a title=\"Opens in a new window\" href=\"https:\/\/twitter.com\/cga_acg\" target=\"_blank\" rel=\"noopener noreferrer\">@cga_acg<\/a><\/p>\n<\/div><\/div><div class=\"column span-4   display-type-block   \"><div class=\"column-entry-content text-center\"><h3>LinkedIn<\/h3>\n<p><a title=\"Opens in a new window\" href=\"https:\/\/www.linkedin.com\/company\/canadian-gas-association\" target=\"_blank\" rel=\"noopener noreferrer\">canadian-gas-association<\/a><\/p>\n<\/div><\/div><div class=\"column span-4 last  display-type-block   border-left\"><div class=\"column-entry-content text-center\"><h3>YouTube<\/h3>\n<p><a class=\"menu-item-link\" title=\"Opens new window\" href=\"https:\/\/www.youtube.com\/user\/CdnGasAssociation\" target=\"_blank\" rel=\"noopener noreferrer\">Canadian Gas Association<\/a><\/p>\n<\/div><\/div>\n<\/div>\n","protected":false},"excerpt":{"rendered":"<p>Demande d\u2019ordre general Nous vous invitons \u00e0 demeurer en contact. Pour toute demande de renseignements et d\u2019informations g\u00e9n\u00e9rales sur l\u2019Association canadienne du gaz et notre industrie, veuillez communiquer avec nous par courriel, par t\u00e9l\u00e9phone ou par la poste. &nbsp; Demandes de renseignements de la part des m\u00e9dias Les medias sociaux<\/p>\n","protected":false},"author":1,"featured_media":0,"parent":2948,"menu_order":72,"comment_status":"closed","ping_status":"closed","template":"page-basic-fullWidth.php","meta":{"_acf_changed":false,"footnotes":""},"page-category":[],"feature":[],"coauthors":[12],"class_list":["post-2755","page","type-page","status-publish","hentry"],"acf":[],"yoast_head":"<!-- This site is optimized with the Yoast SEO plugin v27.4 - https:\/\/yoast.com\/product\/yoast-seo-wordpress\/ -->\n<title>Pour nous joindre | Canadian Gas Association<\/title>\n<meta name=\"robots\" content=\"index, follow, max-snippet:-1, max-image-preview:large, max-video-preview:-1\" \/>\n<link rel=\"canonical\" href=\"https:\/\/www.cga.ca\/fr\/a-propos-de-lacg\/pour-nous-joindre\/\" \/>\n<meta property=\"og:locale\" content=\"fr_FR\" \/>\n<meta property=\"og:type\" content=\"article\" \/>\n<meta property=\"og:title\" content=\"Pour nous joindre | Canadian Gas Association\" \/>\n<meta property=\"og:description\" content=\"Demande d\u2019ordre general Nous vous invitons \u00e0 demeurer en contact. Pour toute demande de renseignements et d\u2019informations g\u00e9n\u00e9rales sur l\u2019Association canadienne du gaz et notre industrie, veuillez communiquer avec nous par courriel, par t\u00e9l\u00e9phone ou par la poste. &nbsp; Demandes de renseignements de la part des m\u00e9dias Les medias sociaux\" \/>\n<meta property=\"og:url\" content=\"https:\/\/www.cga.ca\/fr\/a-propos-de-lacg\/pour-nous-joindre\/\" \/>\n<meta property=\"og:site_name\" content=\"Canadian Gas Association\" \/>\n<meta property=\"article:modified_time\" content=\"2026-01-08T16:22:17+00:00\" \/>\n<meta property=\"og:image\" content=\"https:\/\/www.cga.ca\/wp-content\/uploads\/2023\/08\/cga-logo-only-yoast.png\" \/>\n\t<meta property=\"og:image:width\" content=\"1200\" \/>\n\t<meta property=\"og:image:height\" content=\"675\" \/>\n\t<meta property=\"og:image:type\" content=\"image\/png\" \/>\n<meta name=\"twitter:card\" content=\"summary_large_image\" \/>\n<meta name=\"twitter:label1\" content=\"Dur\u00e9e de lecture estim\u00e9e\" \/>\n\t<meta name=\"twitter:data1\" content=\"1 minute\" \/>\n\t<meta name=\"twitter:label2\" content=\"Written by\" \/>\n\t<meta name=\"twitter:data2\" content=\"super_admin\" \/>\n<script type=\"application\/ld+json\" class=\"yoast-schema-graph\">{\"@context\":\"https:\\\/\\\/schema.org\",\"@graph\":[{\"@type\":\"WebPage\",\"@id\":\"https:\\\/\\\/www.cga.ca\\\/fr\\\/a-propos-de-lacg\\\/pour-nous-joindre\\\/\",\"url\":\"https:\\\/\\\/www.cga.ca\\\/fr\\\/a-propos-de-lacg\\\/pour-nous-joindre\\\/\",\"name\":\"Pour nous joindre | Canadian Gas Association\",\"isPartOf\":{\"@id\":\"https:\\\/\\\/www.cga.ca\\\/#website\"},\"datePublished\":\"2020-02-27T18:02:21+00:00\",\"dateModified\":\"2026-01-08T16:22:17+00:00\",\"breadcrumb\":{\"@id\":\"https:\\\/\\\/www.cga.ca\\\/fr\\\/a-propos-de-lacg\\\/pour-nous-joindre\\\/#breadcrumb\"},\"inLanguage\":\"fr-FR\",\"potentialAction\":[{\"@type\":\"ReadAction\",\"target\":[\"https:\\\/\\\/www.cga.ca\\\/fr\\\/a-propos-de-lacg\\\/pour-nous-joindre\\\/\"]}]},{\"@type\":\"BreadcrumbList\",\"@id\":\"https:\\\/\\\/www.cga.ca\\\/fr\\\/a-propos-de-lacg\\\/pour-nous-joindre\\\/#breadcrumb\",\"itemListElement\":[{\"@type\":\"ListItem\",\"position\":1,\"name\":\"Home\",\"item\":\"https:\\\/\\\/www.cga.ca\\\/fr\\\/\"},{\"@type\":\"ListItem\",\"position\":2,\"name\":\"\u00c0 propos de l\u2019ACG\",\"item\":\"https:\\\/\\\/www.cga.ca\\\/fr\\\/a-propos-de-lacg\\\/\"},{\"@type\":\"ListItem\",\"position\":3,\"name\":\"Pour nous joindre\"}]},{\"@type\":\"WebSite\",\"@id\":\"https:\\\/\\\/www.cga.ca\\\/#website\",\"url\":\"https:\\\/\\\/www.cga.ca\\\/\",\"name\":\"Canadian Gas Association\",\"description\":\"\",\"publisher\":{\"@id\":\"https:\\\/\\\/www.cga.ca\\\/#organization\"},\"potentialAction\":[{\"@type\":\"SearchAction\",\"target\":{\"@type\":\"EntryPoint\",\"urlTemplate\":\"https:\\\/\\\/www.cga.ca\\\/?s={search_term_string}\"},\"query-input\":{\"@type\":\"PropertyValueSpecification\",\"valueRequired\":true,\"valueName\":\"search_term_string\"}}],\"inLanguage\":\"fr-FR\"},{\"@type\":\"Organization\",\"@id\":\"https:\\\/\\\/www.cga.ca\\\/#organization\",\"name\":\"Canadian Gas Association\",\"url\":\"https:\\\/\\\/www.cga.ca\\\/\",\"logo\":{\"@type\":\"ImageObject\",\"inLanguage\":\"fr-FR\",\"@id\":\"https:\\\/\\\/www.cga.ca\\\/#\\\/schema\\\/logo\\\/image\\\/\",\"url\":\"https:\\\/\\\/www.cga.ca\\\/wp-content\\\/uploads\\\/2023\\\/08\\\/cga-logo-only.png\",\"contentUrl\":\"https:\\\/\\\/www.cga.ca\\\/wp-content\\\/uploads\\\/2023\\\/08\\\/cga-logo-only.png\",\"width\":696,\"height\":696,\"caption\":\"Canadian Gas Association\"},\"image\":{\"@id\":\"https:\\\/\\\/www.cga.ca\\\/#\\\/schema\\\/logo\\\/image\\\/\"}}]}<\/script>\n<!-- \/ Yoast SEO plugin. -->","yoast_head_json":{"title":"Pour nous joindre | Canadian Gas Association","robots":{"index":"index","follow":"follow","max-snippet":"max-snippet:-1","max-image-preview":"max-image-preview:large","max-video-preview":"max-video-preview:-1"},"canonical":"https:\/\/www.cga.ca\/fr\/a-propos-de-lacg\/pour-nous-joindre\/","og_locale":"fr_FR","og_type":"article","og_title":"Pour nous joindre | Canadian Gas Association","og_description":"Demande d\u2019ordre general Nous vous invitons \u00e0 demeurer en contact. Pour toute demande de renseignements et d\u2019informations g\u00e9n\u00e9rales sur l\u2019Association canadienne du gaz et notre industrie, veuillez communiquer avec nous par courriel, par t\u00e9l\u00e9phone ou par la poste. &nbsp; Demandes de renseignements de la part des m\u00e9dias Les medias sociaux","og_url":"https:\/\/www.cga.ca\/fr\/a-propos-de-lacg\/pour-nous-joindre\/","og_site_name":"Canadian Gas Association","article_modified_time":"2026-01-08T16:22:17+00:00","og_image":[{"width":1200,"height":675,"url":"https:\/\/www.cga.ca\/wp-content\/uploads\/2023\/08\/cga-logo-only-yoast.png","type":"image\/png"}],"twitter_card":"summary_large_image","twitter_misc":{"Dur\u00e9e de lecture estim\u00e9e":"1 minute","Written by":"super_admin"},"schema":{"@context":"https:\/\/schema.org","@graph":[{"@type":"WebPage","@id":"https:\/\/www.cga.ca\/fr\/a-propos-de-lacg\/pour-nous-joindre\/","url":"https:\/\/www.cga.ca\/fr\/a-propos-de-lacg\/pour-nous-joindre\/","name":"Pour nous joindre | Canadian Gas Association","isPartOf":{"@id":"https:\/\/www.cga.ca\/#website"},"datePublished":"2020-02-27T18:02:21+00:00","dateModified":"2026-01-08T16:22:17+00:00","breadcrumb":{"@id":"https:\/\/www.cga.ca\/fr\/a-propos-de-lacg\/pour-nous-joindre\/#breadcrumb"},"inLanguage":"fr-FR","potentialAction":[{"@type":"ReadAction","target":["https:\/\/www.cga.ca\/fr\/a-propos-de-lacg\/pour-nous-joindre\/"]}]},{"@type":"BreadcrumbList","@id":"https:\/\/www.cga.ca\/fr\/a-propos-de-lacg\/pour-nous-joindre\/#breadcrumb","itemListElement":[{"@type":"ListItem","position":1,"name":"Home","item":"https:\/\/www.cga.ca\/fr\/"},{"@type":"ListItem","position":2,"name":"\u00c0 propos de l\u2019ACG","item":"https:\/\/www.cga.ca\/fr\/a-propos-de-lacg\/"},{"@type":"ListItem","position":3,"name":"Pour nous joindre"}]},{"@type":"WebSite","@id":"https:\/\/www.cga.ca\/#website","url":"https:\/\/www.cga.ca\/","name":"Canadian Gas Association","description":"","publisher":{"@id":"https:\/\/www.cga.ca\/#organization"},"potentialAction":[{"@type":"SearchAction","target":{"@type":"EntryPoint","urlTemplate":"https:\/\/www.cga.ca\/?s={search_term_string}"},"query-input":{"@type":"PropertyValueSpecification","valueRequired":true,"valueName":"search_term_string"}}],"inLanguage":"fr-FR"},{"@type":"Organization","@id":"https:\/\/www.cga.ca\/#organization","name":"Canadian Gas Association","url":"https:\/\/www.cga.ca\/","logo":{"@type":"ImageObject","inLanguage":"fr-FR","@id":"https:\/\/www.cga.ca\/#\/schema\/logo\/image\/","url":"https:\/\/www.cga.ca\/wp-content\/uploads\/2023\/08\/cga-logo-only.png","contentUrl":"https:\/\/www.cga.ca\/wp-content\/uploads\/2023\/08\/cga-logo-only.png","width":696,"height":696,"caption":"Canadian Gas Association"},"image":{"@id":"https:\/\/www.cga.ca\/#\/schema\/logo\/image\/"}}]}},"_links":{"self":[{"href":"https:\/\/www.cga.ca\/fr\/wp-json\/wp\/v2\/pages\/2755","targetHints":{"allow":["GET"]}}],"collection":[{"href":"https:\/\/www.cga.ca\/fr\/wp-json\/wp\/v2\/pages"}],"about":[{"href":"https:\/\/www.cga.ca\/fr\/wp-json\/wp\/v2\/types\/page"}],"author":[{"embeddable":true,"href":"https:\/\/www.cga.ca\/fr\/wp-json\/wp\/v2\/users\/1"}],"replies":[{"embeddable":true,"href":"https:\/\/www.cga.ca\/fr\/wp-json\/wp\/v2\/comments?post=2755"}],"version-history":[{"count":14,"href":"https:\/\/www.cga.ca\/fr\/wp-json\/wp\/v2\/pages\/2755\/revisions"}],"predecessor-version":[{"id":11800,"href":"https:\/\/www.cga.ca\/fr\/wp-json\/wp\/v2\/pages\/2755\/revisions\/11800"}],"up":[{"embeddable":true,"href":"https:\/\/www.cga.ca\/fr\/wp-json\/wp\/v2\/pages\/2948"}],"wp:attachment":[{"href":"https:\/\/www.cga.ca\/fr\/wp-json\/wp\/v2\/media?parent=2755"}],"wp:term":[{"taxonomy":"page-category","embeddable":true,"href":"https:\/\/www.cga.ca\/fr\/wp-json\/wp\/v2\/page-category?post=2755"},{"taxonomy":"feature","embeddable":true,"href":"https:\/\/www.cga.ca\/fr\/wp-json\/wp\/v2\/feature?post=2755"},{"taxonomy":"author","embeddable":true,"href":"https:\/\/www.cga.ca\/fr\/wp-json\/wp\/v2\/coauthors?post=2755"}],"curies":[{"name":"wp","href":"https:\/\/api.w.org\/{rel}","templated":true}]}}