{"id":2763,"date":"2020-02-26T10:23:11","date_gmt":"2020-02-26T15:23:11","guid":{"rendered":"http:\/\/www.cga.ca\/ressources\/publications\/corporate-profile\/"},"modified":"2025-11-18T08:54:56","modified_gmt":"2025-11-18T13:54:56","slug":"profil-des-entreprises","status":"publish","type":"page","link":"https:\/\/www.cga.ca\/fr\/ressources\/publications\/profil-des-entreprises\/","title":{"rendered":"Profil des entreprises 2024"},"content":{"rendered":"<p><img loading=\"lazy\" decoding=\"async\" class=\"aligncenter wp-image-11566 size-medium\" style=\"border-style: solid; border-color: #00324d;\" src=\"https:\/\/www.cga.ca\/wp-content\/uploads\/2025\/11\/CorporateProfile_Cover-232x300.png\" alt=\"Corporate Profile 2024\" width=\"232\" height=\"300\" srcset=\"https:\/\/www.cga.ca\/wp-content\/uploads\/2025\/11\/CorporateProfile_Cover-232x300.png 232w, https:\/\/www.cga.ca\/wp-content\/uploads\/2025\/11\/CorporateProfile_Cover-791x1024.png 791w, https:\/\/www.cga.ca\/wp-content\/uploads\/2025\/11\/CorporateProfile_Cover-768x994.png 768w, https:\/\/www.cga.ca\/wp-content\/uploads\/2025\/11\/CorporateProfile_Cover-1187x1536.png 1187w, https:\/\/www.cga.ca\/wp-content\/uploads\/2025\/11\/CorporateProfile_Cover-1583x2048.png 1583w, https:\/\/www.cga.ca\/wp-content\/uploads\/2025\/11\/CorporateProfile_Cover-scaled.png 1978w\" sizes=\"auto, (max-width: 232px) 100vw, 232px\" \/><\/p>\n<div class=\"custom_shortcode_btn_container text-center\"><a href=\"https:\/\/www.cga.ca\/wp-content\/uploads\/2025\/11\/2024-Corporate-Profile.pdf\" class=\"custom_btn_shortcode custom_btn_round button_border_mediumBlue \" target=\"_blank\">View<\/a><\/div>\n<p style=\"text-align: center;\">(Disponible en anglais seulement novembre 2025)<\/p>\n<p>Le Profil des entreprises de l\u2019Association canadienne du gaz (ACG) donne un aper\u00e7u des activit\u00e9s g\u00e9n\u00e9rales de l\u2019industrie et d\u2019autres renseignements. Les donn\u00e9es sont recueillies aupr\u00e8s de tous les organismes locaux de distribution et de transmission de l\u2019ACG dans l\u2019ensemble du pays. La liste des fournisseurs de donn\u00e9es comprend certaines entreprises poss\u00e9dant \u00e0 la fois des installations de distribution et de transmission ainsi que des entreprises ayant \u00e0 la fois des installations de gaz et d\u2019\u00e9lectricit\u00e9 (parfois appel\u00e9es \u00ab\u00a0entreprises mixtes\u00a0\u00bb). Les membres de l\u2019ACG sont responsables de la quasi-totalit\u00e9 de la livraison du gaz naturel canadien.<\/p>\n<p>Au besoin, certaines des donn\u00e9es ont \u00e9t\u00e9 regroup\u00e9es en totaux de l\u2019industrie, alors que d\u2019autres ont \u00e9t\u00e9 ventil\u00e9es par entreprise.<\/p>\n<p>Ce rapport pr\u00e9sente d\u2019abord des donn\u00e9es sous forme de r\u00e9sum\u00e9 national, puis sous forme ventil\u00e9e selon les cat\u00e9gories suivantes : taille de l\u2019entreprise, renseignements sur les centrales, renseignements financiers, renseignements sur le parc automobile, renseignements op\u00e9rationnels, pr\u00e9vention des dommages ainsi que sant\u00e9 et s\u00e9curit\u00e9.<\/p>\n<p>Les graphiques qui font partie du Profil des entreprises sont pr\u00e9sent\u00e9s par ordre croissant. Les comparaisons statistiques servent principalement \u00e0 comparer les tailles relatives des entreprises en ce qui concerne leurs clients, leurs employ\u00e9s et leurs installations.<\/p>\n<p>Dans la mesure du possible, les statistiques de transmission* et de distribution** sont s\u00e9par\u00e9es \u00e0 des fins de comparaison et de clart\u00e9.<\/p>\n<div class=\"footnotes-container \"><p>*Le terme \u00ab transmission \u00bb d\u00e9signe g\u00e9n\u00e9ralement les pipelines qui transportent le gaz naturel depuis les installations de collecte ou de stockage jusqu\u2019aux installations de distribution.<\/p>\n<\/div>\n<div class=\"footnotes-container \"><p>**Le terme \u00ab\u00a0distribution\u00a0\u00bb d\u00e9signe g\u00e9n\u00e9ralement les syst\u00e8mes de canalisation qui acheminent le gaz naturel odoris\u00e9 des installations de transmission jusqu\u2019aux utilisateurs finaux. Seules les donn\u00e9es des membres de l\u2019ACG sont communiqu\u00e9es pour les totaux li\u00e9s \u00e0 la transmission et \u00e0 la distribution.<\/p>\n<\/div>\n<p>&nbsp;<\/p>\n","protected":false},"excerpt":{"rendered":"<p>(Disponible en anglais seulement novembre 2025) Le Profil des entreprises de l\u2019Association canadienne du gaz (ACG) donne un aper\u00e7u des activit\u00e9s g\u00e9n\u00e9rales de l\u2019industrie et d\u2019autres renseignements. Les donn\u00e9es sont recueillies aupr\u00e8s de tous les organismes locaux de distribution et de transmission de l\u2019ACG dans l\u2019ensemble du pays. La liste des fournisseurs de donn\u00e9es comprend&#8230;<\/p>\n","protected":false},"author":1,"featured_media":0,"parent":2995,"menu_order":142,"comment_status":"closed","ping_status":"closed","template":"","meta":{"_acf_changed":false,"footnotes":""},"page-category":[],"feature":[45],"coauthors":[12],"class_list":["post-2763","page","type-page","status-publish","hentry","feature-feature-in-homepage"],"acf":[],"yoast_head":"<!-- This site is optimized with the Yoast SEO plugin v27.4 - https:\/\/yoast.com\/product\/yoast-seo-wordpress\/ -->\n<title>Profil des entreprises 2024 | Canadian Gas Association<\/title>\n<meta name=\"robots\" content=\"index, follow, max-snippet:-1, max-image-preview:large, max-video-preview:-1\" \/>\n<link rel=\"canonical\" href=\"https:\/\/www.cga.ca\/fr\/ressources\/publications\/profil-des-entreprises\/\" \/>\n<meta property=\"og:locale\" content=\"fr_FR\" \/>\n<meta property=\"og:type\" content=\"article\" \/>\n<meta property=\"og:title\" content=\"Profil des entreprises 2024 | Canadian Gas Association\" \/>\n<meta property=\"og:description\" content=\"(Disponible en anglais seulement novembre 2025) Le Profil des entreprises de l\u2019Association canadienne du gaz (ACG) donne un aper\u00e7u des activit\u00e9s g\u00e9n\u00e9rales de l\u2019industrie et d\u2019autres renseignements. Les donn\u00e9es sont recueillies aupr\u00e8s de tous les organismes locaux de distribution et de transmission de l\u2019ACG dans l\u2019ensemble du pays. La liste des fournisseurs de donn\u00e9es comprend...\" \/>\n<meta property=\"og:url\" content=\"https:\/\/www.cga.ca\/fr\/ressources\/publications\/profil-des-entreprises\/\" \/>\n<meta property=\"og:site_name\" content=\"Canadian Gas Association\" \/>\n<meta property=\"article:modified_time\" content=\"2025-11-18T13:54:56+00:00\" \/>\n<meta property=\"og:image\" content=\"https:\/\/www.cga.ca\/wp-content\/uploads\/2025\/11\/CorporateProfile_Cover-791x1024.png\" \/>\n\t<meta property=\"og:image:width\" content=\"791\" \/>\n\t<meta property=\"og:image:height\" content=\"1024\" \/>\n\t<meta property=\"og:image:type\" content=\"image\/png\" \/>\n<meta name=\"twitter:card\" content=\"summary_large_image\" \/>\n<meta name=\"twitter:label1\" content=\"Dur\u00e9e de lecture estim\u00e9e\" \/>\n\t<meta name=\"twitter:data1\" content=\"2 minutes\" \/>\n\t<meta name=\"twitter:label2\" content=\"Written by\" \/>\n\t<meta name=\"twitter:data2\" content=\"super_admin\" \/>\n<script type=\"application\/ld+json\" class=\"yoast-schema-graph\">{\"@context\":\"https:\\\/\\\/schema.org\",\"@graph\":[{\"@type\":\"WebPage\",\"@id\":\"https:\\\/\\\/www.cga.ca\\\/fr\\\/ressources\\\/publications\\\/profil-des-entreprises\\\/\",\"url\":\"https:\\\/\\\/www.cga.ca\\\/fr\\\/ressources\\\/publications\\\/profil-des-entreprises\\\/\",\"name\":\"Profil des entreprises 2024 | Canadian Gas Association\",\"isPartOf\":{\"@id\":\"https:\\\/\\\/www.cga.ca\\\/#website\"},\"primaryImageOfPage\":{\"@id\":\"https:\\\/\\\/www.cga.ca\\\/fr\\\/ressources\\\/publications\\\/profil-des-entreprises\\\/#primaryimage\"},\"image\":{\"@id\":\"https:\\\/\\\/www.cga.ca\\\/fr\\\/ressources\\\/publications\\\/profil-des-entreprises\\\/#primaryimage\"},\"thumbnailUrl\":\"https:\\\/\\\/www.cga.ca\\\/wp-content\\\/uploads\\\/2025\\\/11\\\/CorporateProfile_Cover-232x300.png\",\"datePublished\":\"2020-02-26T15:23:11+00:00\",\"dateModified\":\"2025-11-18T13:54:56+00:00\",\"breadcrumb\":{\"@id\":\"https:\\\/\\\/www.cga.ca\\\/fr\\\/ressources\\\/publications\\\/profil-des-entreprises\\\/#breadcrumb\"},\"inLanguage\":\"fr-FR\",\"potentialAction\":[{\"@type\":\"ReadAction\",\"target\":[\"https:\\\/\\\/www.cga.ca\\\/fr\\\/ressources\\\/publications\\\/profil-des-entreprises\\\/\"]}]},{\"@type\":\"ImageObject\",\"inLanguage\":\"fr-FR\",\"@id\":\"https:\\\/\\\/www.cga.ca\\\/fr\\\/ressources\\\/publications\\\/profil-des-entreprises\\\/#primaryimage\",\"url\":\"https:\\\/\\\/www.cga.ca\\\/wp-content\\\/uploads\\\/2025\\\/11\\\/CorporateProfile_Cover-232x300.png\",\"contentUrl\":\"https:\\\/\\\/www.cga.ca\\\/wp-content\\\/uploads\\\/2025\\\/11\\\/CorporateProfile_Cover-232x300.png\"},{\"@type\":\"BreadcrumbList\",\"@id\":\"https:\\\/\\\/www.cga.ca\\\/fr\\\/ressources\\\/publications\\\/profil-des-entreprises\\\/#breadcrumb\",\"itemListElement\":[{\"@type\":\"ListItem\",\"position\":1,\"name\":\"Home\",\"item\":\"https:\\\/\\\/www.cga.ca\\\/fr\\\/\"},{\"@type\":\"ListItem\",\"position\":2,\"name\":\"Ressources\",\"item\":\"https:\\\/\\\/www.cga.ca\\\/fr\\\/ressources\\\/\"},{\"@type\":\"ListItem\",\"position\":3,\"name\":\"Publications\",\"item\":\"https:\\\/\\\/www.cga.ca\\\/fr\\\/ressources\\\/publications\\\/\"},{\"@type\":\"ListItem\",\"position\":4,\"name\":\"Profil des entreprises 2024\"}]},{\"@type\":\"WebSite\",\"@id\":\"https:\\\/\\\/www.cga.ca\\\/#website\",\"url\":\"https:\\\/\\\/www.cga.ca\\\/\",\"name\":\"Canadian Gas Association\",\"description\":\"\",\"publisher\":{\"@id\":\"https:\\\/\\\/www.cga.ca\\\/#organization\"},\"potentialAction\":[{\"@type\":\"SearchAction\",\"target\":{\"@type\":\"EntryPoint\",\"urlTemplate\":\"https:\\\/\\\/www.cga.ca\\\/?s={search_term_string}\"},\"query-input\":{\"@type\":\"PropertyValueSpecification\",\"valueRequired\":true,\"valueName\":\"search_term_string\"}}],\"inLanguage\":\"fr-FR\"},{\"@type\":\"Organization\",\"@id\":\"https:\\\/\\\/www.cga.ca\\\/#organization\",\"name\":\"Canadian Gas Association\",\"url\":\"https:\\\/\\\/www.cga.ca\\\/\",\"logo\":{\"@type\":\"ImageObject\",\"inLanguage\":\"fr-FR\",\"@id\":\"https:\\\/\\\/www.cga.ca\\\/#\\\/schema\\\/logo\\\/image\\\/\",\"url\":\"https:\\\/\\\/www.cga.ca\\\/wp-content\\\/uploads\\\/2023\\\/08\\\/cga-logo-only.png\",\"contentUrl\":\"https:\\\/\\\/www.cga.ca\\\/wp-content\\\/uploads\\\/2023\\\/08\\\/cga-logo-only.png\",\"width\":696,\"height\":696,\"caption\":\"Canadian Gas Association\"},\"image\":{\"@id\":\"https:\\\/\\\/www.cga.ca\\\/#\\\/schema\\\/logo\\\/image\\\/\"}}]}<\/script>\n<!-- \/ Yoast SEO plugin. -->","yoast_head_json":{"title":"Profil des entreprises 2024 | Canadian Gas Association","robots":{"index":"index","follow":"follow","max-snippet":"max-snippet:-1","max-image-preview":"max-image-preview:large","max-video-preview":"max-video-preview:-1"},"canonical":"https:\/\/www.cga.ca\/fr\/ressources\/publications\/profil-des-entreprises\/","og_locale":"fr_FR","og_type":"article","og_title":"Profil des entreprises 2024 | Canadian Gas Association","og_description":"(Disponible en anglais seulement novembre 2025) Le Profil des entreprises de l\u2019Association canadienne du gaz (ACG) donne un aper\u00e7u des activit\u00e9s g\u00e9n\u00e9rales de l\u2019industrie et d\u2019autres renseignements. Les donn\u00e9es sont recueillies aupr\u00e8s de tous les organismes locaux de distribution et de transmission de l\u2019ACG dans l\u2019ensemble du pays. La liste des fournisseurs de donn\u00e9es comprend...","og_url":"https:\/\/www.cga.ca\/fr\/ressources\/publications\/profil-des-entreprises\/","og_site_name":"Canadian Gas Association","article_modified_time":"2025-11-18T13:54:56+00:00","og_image":[{"width":791,"height":1024,"url":"https:\/\/www.cga.ca\/wp-content\/uploads\/2025\/11\/CorporateProfile_Cover-791x1024.png","type":"image\/png"}],"twitter_card":"summary_large_image","twitter_misc":{"Dur\u00e9e de lecture estim\u00e9e":"2 minutes","Written by":"super_admin"},"schema":{"@context":"https:\/\/schema.org","@graph":[{"@type":"WebPage","@id":"https:\/\/www.cga.ca\/fr\/ressources\/publications\/profil-des-entreprises\/","url":"https:\/\/www.cga.ca\/fr\/ressources\/publications\/profil-des-entreprises\/","name":"Profil des entreprises 2024 | Canadian Gas Association","isPartOf":{"@id":"https:\/\/www.cga.ca\/#website"},"primaryImageOfPage":{"@id":"https:\/\/www.cga.ca\/fr\/ressources\/publications\/profil-des-entreprises\/#primaryimage"},"image":{"@id":"https:\/\/www.cga.ca\/fr\/ressources\/publications\/profil-des-entreprises\/#primaryimage"},"thumbnailUrl":"https:\/\/www.cga.ca\/wp-content\/uploads\/2025\/11\/CorporateProfile_Cover-232x300.png","datePublished":"2020-02-26T15:23:11+00:00","dateModified":"2025-11-18T13:54:56+00:00","breadcrumb":{"@id":"https:\/\/www.cga.ca\/fr\/ressources\/publications\/profil-des-entreprises\/#breadcrumb"},"inLanguage":"fr-FR","potentialAction":[{"@type":"ReadAction","target":["https:\/\/www.cga.ca\/fr\/ressources\/publications\/profil-des-entreprises\/"]}]},{"@type":"ImageObject","inLanguage":"fr-FR","@id":"https:\/\/www.cga.ca\/fr\/ressources\/publications\/profil-des-entreprises\/#primaryimage","url":"https:\/\/www.cga.ca\/wp-content\/uploads\/2025\/11\/CorporateProfile_Cover-232x300.png","contentUrl":"https:\/\/www.cga.ca\/wp-content\/uploads\/2025\/11\/CorporateProfile_Cover-232x300.png"},{"@type":"BreadcrumbList","@id":"https:\/\/www.cga.ca\/fr\/ressources\/publications\/profil-des-entreprises\/#breadcrumb","itemListElement":[{"@type":"ListItem","position":1,"name":"Home","item":"https:\/\/www.cga.ca\/fr\/"},{"@type":"ListItem","position":2,"name":"Ressources","item":"https:\/\/www.cga.ca\/fr\/ressources\/"},{"@type":"ListItem","position":3,"name":"Publications","item":"https:\/\/www.cga.ca\/fr\/ressources\/publications\/"},{"@type":"ListItem","position":4,"name":"Profil des entreprises 2024"}]},{"@type":"WebSite","@id":"https:\/\/www.cga.ca\/#website","url":"https:\/\/www.cga.ca\/","name":"Canadian Gas Association","description":"","publisher":{"@id":"https:\/\/www.cga.ca\/#organization"},"potentialAction":[{"@type":"SearchAction","target":{"@type":"EntryPoint","urlTemplate":"https:\/\/www.cga.ca\/?s={search_term_string}"},"query-input":{"@type":"PropertyValueSpecification","valueRequired":true,"valueName":"search_term_string"}}],"inLanguage":"fr-FR"},{"@type":"Organization","@id":"https:\/\/www.cga.ca\/#organization","name":"Canadian Gas Association","url":"https:\/\/www.cga.ca\/","logo":{"@type":"ImageObject","inLanguage":"fr-FR","@id":"https:\/\/www.cga.ca\/#\/schema\/logo\/image\/","url":"https:\/\/www.cga.ca\/wp-content\/uploads\/2023\/08\/cga-logo-only.png","contentUrl":"https:\/\/www.cga.ca\/wp-content\/uploads\/2023\/08\/cga-logo-only.png","width":696,"height":696,"caption":"Canadian Gas Association"},"image":{"@id":"https:\/\/www.cga.ca\/#\/schema\/logo\/image\/"}}]}},"_links":{"self":[{"href":"https:\/\/www.cga.ca\/fr\/wp-json\/wp\/v2\/pages\/2763","targetHints":{"allow":["GET"]}}],"collection":[{"href":"https:\/\/www.cga.ca\/fr\/wp-json\/wp\/v2\/pages"}],"about":[{"href":"https:\/\/www.cga.ca\/fr\/wp-json\/wp\/v2\/types\/page"}],"author":[{"embeddable":true,"href":"https:\/\/www.cga.ca\/fr\/wp-json\/wp\/v2\/users\/1"}],"replies":[{"embeddable":true,"href":"https:\/\/www.cga.ca\/fr\/wp-json\/wp\/v2\/comments?post=2763"}],"version-history":[{"count":12,"href":"https:\/\/www.cga.ca\/fr\/wp-json\/wp\/v2\/pages\/2763\/revisions"}],"predecessor-version":[{"id":11572,"href":"https:\/\/www.cga.ca\/fr\/wp-json\/wp\/v2\/pages\/2763\/revisions\/11572"}],"up":[{"embeddable":true,"href":"https:\/\/www.cga.ca\/fr\/wp-json\/wp\/v2\/pages\/2995"}],"wp:attachment":[{"href":"https:\/\/www.cga.ca\/fr\/wp-json\/wp\/v2\/media?parent=2763"}],"wp:term":[{"taxonomy":"page-category","embeddable":true,"href":"https:\/\/www.cga.ca\/fr\/wp-json\/wp\/v2\/page-category?post=2763"},{"taxonomy":"feature","embeddable":true,"href":"https:\/\/www.cga.ca\/fr\/wp-json\/wp\/v2\/feature?post=2763"},{"taxonomy":"author","embeddable":true,"href":"https:\/\/www.cga.ca\/fr\/wp-json\/wp\/v2\/coauthors?post=2763"}],"curies":[{"name":"wp","href":"https:\/\/api.w.org\/{rel}","templated":true}]}}