{"id":2773,"date":"2024-04-09T10:00:37","date_gmt":"2024-04-09T14:00:37","guid":{"rendered":"http:\/\/www.cga.ca\/ressources\/publications\/energy-regulation-quarterly\/"},"modified":"2024-04-17T15:25:28","modified_gmt":"2024-04-17T19:25:28","slug":"publication-trimestrielle-sur-la-reglementation-de-lenergie","status":"publish","type":"page","link":"https:\/\/www.cga.ca\/fr\/ressources\/publications\/publication-trimestrielle-sur-la-reglementation-de-lenergie\/","title":{"rendered":"Publication trimestrielle sur la r\u00e8glementation de l\u2019\u00e9nergie"},"content":{"rendered":"<p>La <em>Publication trimestrielle sur la r\u00e8glementation de l\u2019\u00e9nergie<\/em> est publi\u00e9e par l\u2019Association canadienne du gaz (CGA) afin de mieux comprendre les questions et les tendances en mati\u00e8re de r\u00e8glementation \u00e9nerg\u00e9tique au Canada. Elle permet de d\u00e9battre et de discuter des questions relatives aux secteurs \u00e9nerg\u00e9tiques r\u00e8glement\u00e9s au Canada, notamment les d\u00e9cisions des tribunaux de r\u00e8glementation, les mesures l\u00e9gislatives et politiques connexes prises par les gouvernements, ainsi que les initiatives et les mesures adopt\u00e9es par des entreprises r\u00e9glement\u00e9es et des intervenants.<\/p>\n<p>La <em>Publication trimestrielle sur la r\u00e8glementation de l\u2019\u00e9nergie<\/em> se veut \u00e9quilibr\u00e9e dans son traitement des questions. Les auteurs et autrices choisis proviennent de divers horizons et sont des leaders reconnus dans le domaine des secteurs \u00e9nerg\u00e9tiques r\u00e9glement\u00e9s. Leurs textes dans la <em>Publication trimestrielle sur la r\u00e8glementation de l\u2019\u00e9nergie<\/em> leur permettent d\u2019exprimer leur point de vue ind\u00e9pendant sur divers sujets.<\/p>\n<p>Consultez le site <a href=\"https:\/\/energyregulationquarterly.ca\/fr\">energyregulationsquarterly.ca<\/a> pour lire le plus r\u00e9cent num\u00e9ro de la <em>Publication trimestrielle sur la r\u00e8glementation de l\u2019\u00e9nergie<\/em>.<\/p>\n","protected":false},"excerpt":{"rendered":"<p>La Publication trimestrielle sur la r\u00e8glementation de l\u2019\u00e9nergie est publi\u00e9e par l\u2019Association canadienne du gaz (CGA) afin de mieux comprendre les questions et les tendances en mati\u00e8re de r\u00e8glementation \u00e9nerg\u00e9tique au Canada. Elle permet de d\u00e9battre et de discuter des questions relatives aux secteurs \u00e9nerg\u00e9tiques r\u00e8glement\u00e9s au Canada, notamment les d\u00e9cisions des tribunaux de r\u00e8glementation,&#8230;<\/p>\n","protected":false},"author":1,"featured_media":4086,"parent":2995,"menu_order":106,"comment_status":"closed","ping_status":"closed","template":"","meta":{"_acf_changed":false,"footnotes":""},"page-category":[],"feature":[],"coauthors":[12],"class_list":["post-2773","page","type-page","status-publish","has-post-thumbnail","hentry"],"acf":[],"yoast_head":"<!-- This site is optimized with the Yoast SEO plugin v27.4 - https:\/\/yoast.com\/product\/yoast-seo-wordpress\/ -->\n<title>Publication trimestrielle sur la r\u00e8glementation de l\u2019\u00e9nergie | Canadian Gas Association<\/title>\n<meta name=\"robots\" content=\"index, follow, max-snippet:-1, max-image-preview:large, max-video-preview:-1\" \/>\n<link rel=\"canonical\" href=\"https:\/\/www.cga.ca\/fr\/ressources\/publications\/publication-trimestrielle-sur-la-reglementation-de-lenergie\/\" \/>\n<meta property=\"og:locale\" content=\"fr_FR\" \/>\n<meta property=\"og:type\" content=\"article\" \/>\n<meta property=\"og:title\" content=\"Publication trimestrielle sur la r\u00e8glementation de l\u2019\u00e9nergie | Canadian Gas Association\" \/>\n<meta property=\"og:description\" content=\"La Publication trimestrielle sur la r\u00e8glementation de l\u2019\u00e9nergie est publi\u00e9e par l\u2019Association canadienne du gaz (CGA) afin de mieux comprendre les questions et les tendances en mati\u00e8re de r\u00e8glementation \u00e9nerg\u00e9tique au Canada. Elle permet de d\u00e9battre et de discuter des questions relatives aux secteurs \u00e9nerg\u00e9tiques r\u00e8glement\u00e9s au Canada, notamment les d\u00e9cisions des tribunaux de r\u00e8glementation,...\" \/>\n<meta property=\"og:url\" content=\"https:\/\/www.cga.ca\/fr\/ressources\/publications\/publication-trimestrielle-sur-la-reglementation-de-lenergie\/\" \/>\n<meta property=\"og:site_name\" content=\"Canadian Gas Association\" \/>\n<meta property=\"article:modified_time\" content=\"2024-04-17T19:25:28+00:00\" \/>\n<meta property=\"og:image\" content=\"https:\/\/www.cga.ca\/wp-content\/uploads\/2020\/06\/banner-erq.jpg\" \/>\n\t<meta property=\"og:image:width\" content=\"1920\" \/>\n\t<meta property=\"og:image:height\" content=\"600\" \/>\n\t<meta property=\"og:image:type\" content=\"image\/jpeg\" \/>\n<meta name=\"twitter:card\" content=\"summary_large_image\" \/>\n<meta name=\"twitter:label1\" content=\"Dur\u00e9e de lecture estim\u00e9e\" \/>\n\t<meta name=\"twitter:data1\" content=\"1 minute\" \/>\n\t<meta name=\"twitter:label2\" content=\"Written by\" \/>\n\t<meta name=\"twitter:data2\" content=\"super_admin\" \/>\n<script type=\"application\/ld+json\" class=\"yoast-schema-graph\">{\"@context\":\"https:\\\/\\\/schema.org\",\"@graph\":[{\"@type\":\"WebPage\",\"@id\":\"https:\\\/\\\/www.cga.ca\\\/fr\\\/ressources\\\/publications\\\/publication-trimestrielle-sur-la-reglementation-de-lenergie\\\/\",\"url\":\"https:\\\/\\\/www.cga.ca\\\/fr\\\/ressources\\\/publications\\\/publication-trimestrielle-sur-la-reglementation-de-lenergie\\\/\",\"name\":\"Publication trimestrielle sur la r\u00e8glementation de l\u2019\u00e9nergie | Canadian Gas Association\",\"isPartOf\":{\"@id\":\"https:\\\/\\\/www.cga.ca\\\/#website\"},\"primaryImageOfPage\":{\"@id\":\"https:\\\/\\\/www.cga.ca\\\/fr\\\/ressources\\\/publications\\\/publication-trimestrielle-sur-la-reglementation-de-lenergie\\\/#primaryimage\"},\"image\":{\"@id\":\"https:\\\/\\\/www.cga.ca\\\/fr\\\/ressources\\\/publications\\\/publication-trimestrielle-sur-la-reglementation-de-lenergie\\\/#primaryimage\"},\"thumbnailUrl\":\"https:\\\/\\\/www.cga.ca\\\/wp-content\\\/uploads\\\/2020\\\/06\\\/banner-erq.jpg\",\"datePublished\":\"2024-04-09T14:00:37+00:00\",\"dateModified\":\"2024-04-17T19:25:28+00:00\",\"breadcrumb\":{\"@id\":\"https:\\\/\\\/www.cga.ca\\\/fr\\\/ressources\\\/publications\\\/publication-trimestrielle-sur-la-reglementation-de-lenergie\\\/#breadcrumb\"},\"inLanguage\":\"fr-FR\",\"potentialAction\":[{\"@type\":\"ReadAction\",\"target\":[\"https:\\\/\\\/www.cga.ca\\\/fr\\\/ressources\\\/publications\\\/publication-trimestrielle-sur-la-reglementation-de-lenergie\\\/\"]}]},{\"@type\":\"ImageObject\",\"inLanguage\":\"fr-FR\",\"@id\":\"https:\\\/\\\/www.cga.ca\\\/fr\\\/ressources\\\/publications\\\/publication-trimestrielle-sur-la-reglementation-de-lenergie\\\/#primaryimage\",\"url\":\"https:\\\/\\\/www.cga.ca\\\/wp-content\\\/uploads\\\/2020\\\/06\\\/banner-erq.jpg\",\"contentUrl\":\"https:\\\/\\\/www.cga.ca\\\/wp-content\\\/uploads\\\/2020\\\/06\\\/banner-erq.jpg\",\"width\":1920,\"height\":600},{\"@type\":\"BreadcrumbList\",\"@id\":\"https:\\\/\\\/www.cga.ca\\\/fr\\\/ressources\\\/publications\\\/publication-trimestrielle-sur-la-reglementation-de-lenergie\\\/#breadcrumb\",\"itemListElement\":[{\"@type\":\"ListItem\",\"position\":1,\"name\":\"Home\",\"item\":\"https:\\\/\\\/www.cga.ca\\\/fr\\\/\"},{\"@type\":\"ListItem\",\"position\":2,\"name\":\"Ressources\",\"item\":\"https:\\\/\\\/www.cga.ca\\\/fr\\\/ressources\\\/\"},{\"@type\":\"ListItem\",\"position\":3,\"name\":\"Publications\",\"item\":\"https:\\\/\\\/www.cga.ca\\\/fr\\\/ressources\\\/publications\\\/\"},{\"@type\":\"ListItem\",\"position\":4,\"name\":\"Publication trimestrielle sur la r\u00e8glementation de l\u2019\u00e9nergie\"}]},{\"@type\":\"WebSite\",\"@id\":\"https:\\\/\\\/www.cga.ca\\\/#website\",\"url\":\"https:\\\/\\\/www.cga.ca\\\/\",\"name\":\"Canadian Gas Association\",\"description\":\"\",\"publisher\":{\"@id\":\"https:\\\/\\\/www.cga.ca\\\/#organization\"},\"potentialAction\":[{\"@type\":\"SearchAction\",\"target\":{\"@type\":\"EntryPoint\",\"urlTemplate\":\"https:\\\/\\\/www.cga.ca\\\/?s={search_term_string}\"},\"query-input\":{\"@type\":\"PropertyValueSpecification\",\"valueRequired\":true,\"valueName\":\"search_term_string\"}}],\"inLanguage\":\"fr-FR\"},{\"@type\":\"Organization\",\"@id\":\"https:\\\/\\\/www.cga.ca\\\/#organization\",\"name\":\"Canadian Gas Association\",\"url\":\"https:\\\/\\\/www.cga.ca\\\/\",\"logo\":{\"@type\":\"ImageObject\",\"inLanguage\":\"fr-FR\",\"@id\":\"https:\\\/\\\/www.cga.ca\\\/#\\\/schema\\\/logo\\\/image\\\/\",\"url\":\"https:\\\/\\\/www.cga.ca\\\/wp-content\\\/uploads\\\/2023\\\/08\\\/cga-logo-only.png\",\"contentUrl\":\"https:\\\/\\\/www.cga.ca\\\/wp-content\\\/uploads\\\/2023\\\/08\\\/cga-logo-only.png\",\"width\":696,\"height\":696,\"caption\":\"Canadian Gas Association\"},\"image\":{\"@id\":\"https:\\\/\\\/www.cga.ca\\\/#\\\/schema\\\/logo\\\/image\\\/\"}}]}<\/script>\n<!-- \/ Yoast SEO plugin. -->","yoast_head_json":{"title":"Publication trimestrielle sur la r\u00e8glementation de l\u2019\u00e9nergie | Canadian Gas Association","robots":{"index":"index","follow":"follow","max-snippet":"max-snippet:-1","max-image-preview":"max-image-preview:large","max-video-preview":"max-video-preview:-1"},"canonical":"https:\/\/www.cga.ca\/fr\/ressources\/publications\/publication-trimestrielle-sur-la-reglementation-de-lenergie\/","og_locale":"fr_FR","og_type":"article","og_title":"Publication trimestrielle sur la r\u00e8glementation de l\u2019\u00e9nergie | Canadian Gas Association","og_description":"La Publication trimestrielle sur la r\u00e8glementation de l\u2019\u00e9nergie est publi\u00e9e par l\u2019Association canadienne du gaz (CGA) afin de mieux comprendre les questions et les tendances en mati\u00e8re de r\u00e8glementation \u00e9nerg\u00e9tique au Canada. Elle permet de d\u00e9battre et de discuter des questions relatives aux secteurs \u00e9nerg\u00e9tiques r\u00e8glement\u00e9s au Canada, notamment les d\u00e9cisions des tribunaux de r\u00e8glementation,...","og_url":"https:\/\/www.cga.ca\/fr\/ressources\/publications\/publication-trimestrielle-sur-la-reglementation-de-lenergie\/","og_site_name":"Canadian Gas Association","article_modified_time":"2024-04-17T19:25:28+00:00","og_image":[{"width":1920,"height":600,"url":"https:\/\/www.cga.ca\/wp-content\/uploads\/2020\/06\/banner-erq.jpg","type":"image\/jpeg"}],"twitter_card":"summary_large_image","twitter_misc":{"Dur\u00e9e de lecture estim\u00e9e":"1 minute","Written by":"super_admin"},"schema":{"@context":"https:\/\/schema.org","@graph":[{"@type":"WebPage","@id":"https:\/\/www.cga.ca\/fr\/ressources\/publications\/publication-trimestrielle-sur-la-reglementation-de-lenergie\/","url":"https:\/\/www.cga.ca\/fr\/ressources\/publications\/publication-trimestrielle-sur-la-reglementation-de-lenergie\/","name":"Publication trimestrielle sur la r\u00e8glementation de l\u2019\u00e9nergie | Canadian Gas Association","isPartOf":{"@id":"https:\/\/www.cga.ca\/#website"},"primaryImageOfPage":{"@id":"https:\/\/www.cga.ca\/fr\/ressources\/publications\/publication-trimestrielle-sur-la-reglementation-de-lenergie\/#primaryimage"},"image":{"@id":"https:\/\/www.cga.ca\/fr\/ressources\/publications\/publication-trimestrielle-sur-la-reglementation-de-lenergie\/#primaryimage"},"thumbnailUrl":"https:\/\/www.cga.ca\/wp-content\/uploads\/2020\/06\/banner-erq.jpg","datePublished":"2024-04-09T14:00:37+00:00","dateModified":"2024-04-17T19:25:28+00:00","breadcrumb":{"@id":"https:\/\/www.cga.ca\/fr\/ressources\/publications\/publication-trimestrielle-sur-la-reglementation-de-lenergie\/#breadcrumb"},"inLanguage":"fr-FR","potentialAction":[{"@type":"ReadAction","target":["https:\/\/www.cga.ca\/fr\/ressources\/publications\/publication-trimestrielle-sur-la-reglementation-de-lenergie\/"]}]},{"@type":"ImageObject","inLanguage":"fr-FR","@id":"https:\/\/www.cga.ca\/fr\/ressources\/publications\/publication-trimestrielle-sur-la-reglementation-de-lenergie\/#primaryimage","url":"https:\/\/www.cga.ca\/wp-content\/uploads\/2020\/06\/banner-erq.jpg","contentUrl":"https:\/\/www.cga.ca\/wp-content\/uploads\/2020\/06\/banner-erq.jpg","width":1920,"height":600},{"@type":"BreadcrumbList","@id":"https:\/\/www.cga.ca\/fr\/ressources\/publications\/publication-trimestrielle-sur-la-reglementation-de-lenergie\/#breadcrumb","itemListElement":[{"@type":"ListItem","position":1,"name":"Home","item":"https:\/\/www.cga.ca\/fr\/"},{"@type":"ListItem","position":2,"name":"Ressources","item":"https:\/\/www.cga.ca\/fr\/ressources\/"},{"@type":"ListItem","position":3,"name":"Publications","item":"https:\/\/www.cga.ca\/fr\/ressources\/publications\/"},{"@type":"ListItem","position":4,"name":"Publication trimestrielle sur la r\u00e8glementation de l\u2019\u00e9nergie"}]},{"@type":"WebSite","@id":"https:\/\/www.cga.ca\/#website","url":"https:\/\/www.cga.ca\/","name":"Canadian Gas Association","description":"","publisher":{"@id":"https:\/\/www.cga.ca\/#organization"},"potentialAction":[{"@type":"SearchAction","target":{"@type":"EntryPoint","urlTemplate":"https:\/\/www.cga.ca\/?s={search_term_string}"},"query-input":{"@type":"PropertyValueSpecification","valueRequired":true,"valueName":"search_term_string"}}],"inLanguage":"fr-FR"},{"@type":"Organization","@id":"https:\/\/www.cga.ca\/#organization","name":"Canadian Gas Association","url":"https:\/\/www.cga.ca\/","logo":{"@type":"ImageObject","inLanguage":"fr-FR","@id":"https:\/\/www.cga.ca\/#\/schema\/logo\/image\/","url":"https:\/\/www.cga.ca\/wp-content\/uploads\/2023\/08\/cga-logo-only.png","contentUrl":"https:\/\/www.cga.ca\/wp-content\/uploads\/2023\/08\/cga-logo-only.png","width":696,"height":696,"caption":"Canadian Gas Association"},"image":{"@id":"https:\/\/www.cga.ca\/#\/schema\/logo\/image\/"}}]}},"_links":{"self":[{"href":"https:\/\/www.cga.ca\/fr\/wp-json\/wp\/v2\/pages\/2773","targetHints":{"allow":["GET"]}}],"collection":[{"href":"https:\/\/www.cga.ca\/fr\/wp-json\/wp\/v2\/pages"}],"about":[{"href":"https:\/\/www.cga.ca\/fr\/wp-json\/wp\/v2\/types\/page"}],"author":[{"embeddable":true,"href":"https:\/\/www.cga.ca\/fr\/wp-json\/wp\/v2\/users\/1"}],"replies":[{"embeddable":true,"href":"https:\/\/www.cga.ca\/fr\/wp-json\/wp\/v2\/comments?post=2773"}],"version-history":[{"count":17,"href":"https:\/\/www.cga.ca\/fr\/wp-json\/wp\/v2\/pages\/2773\/revisions"}],"predecessor-version":[{"id":9540,"href":"https:\/\/www.cga.ca\/fr\/wp-json\/wp\/v2\/pages\/2773\/revisions\/9540"}],"up":[{"embeddable":true,"href":"https:\/\/www.cga.ca\/fr\/wp-json\/wp\/v2\/pages\/2995"}],"wp:featuredmedia":[{"embeddable":true,"href":"https:\/\/www.cga.ca\/fr\/wp-json\/wp\/v2\/media\/4086"}],"wp:attachment":[{"href":"https:\/\/www.cga.ca\/fr\/wp-json\/wp\/v2\/media?parent=2773"}],"wp:term":[{"taxonomy":"page-category","embeddable":true,"href":"https:\/\/www.cga.ca\/fr\/wp-json\/wp\/v2\/page-category?post=2773"},{"taxonomy":"feature","embeddable":true,"href":"https:\/\/www.cga.ca\/fr\/wp-json\/wp\/v2\/feature?post=2773"},{"taxonomy":"author","embeddable":true,"href":"https:\/\/www.cga.ca\/fr\/wp-json\/wp\/v2\/coauthors?post=2773"}],"curies":[{"name":"wp","href":"https:\/\/api.w.org\/{rel}","templated":true}]}}