{"id":2948,"date":"2020-02-11T11:34:54","date_gmt":"2020-02-11T16:34:54","guid":{"rendered":"http:\/\/www.cga.ca\/about-us\/"},"modified":"2026-02-03T14:02:14","modified_gmt":"2026-02-03T19:02:14","slug":"a-propos-de-lacg","status":"publish","type":"page","link":"https:\/\/www.cga.ca\/fr\/a-propos-de-lacg\/","title":{"rendered":"\u00c0 propos de l\u2019ACG"},"content":{"rendered":"<p>Fond\u00e9e en 1907, l\u2019Association canadienne du gaz (ACG) est le porte-parole de l\u2019industrie de la livraison du gaz naturel au Canada. Ses membres sont des entreprises de distribution, des transporteurs, des fabricants d\u2019\u00e9quipement et des fournisseurs d\u2019autres services. Le gaz naturel occupe une place centrale dans le paysage \u00e9nerg\u00e9tique canadien, car il r\u00e9pond \u00e0 pr\u00e8s de 40\u00a0% des besoins \u00e9nerg\u00e9tiques du pays. Des clients repr\u00e9sentant les deux tiers de la population canadienne utilisent le gaz naturel pour chauffer et alimenter en \u00e9nergie les maisons, les appartements, les immeubles, les entreprises, les h\u00f4pitaux et les \u00e9coles.<\/p>\n","protected":false},"excerpt":{"rendered":"<p>Fond\u00e9e en 1907, l\u2019Association canadienne du gaz (ACG) est le porte-parole de l\u2019industrie de la livraison du gaz naturel au Canada. Ses membres sont des entreprises de distribution, des transporteurs, des fabricants d\u2019\u00e9quipement et des fournisseurs d\u2019autres services. Le gaz naturel occupe une place centrale dans le paysage \u00e9nerg\u00e9tique canadien, car il r\u00e9pond \u00e0 pr\u00e8s&#8230;<\/p>\n","protected":false},"author":1,"featured_media":195,"parent":0,"menu_order":70,"comment_status":"closed","ping_status":"closed","template":"page-flexible.php","meta":{"_acf_changed":false,"footnotes":""},"page-category":[],"feature":[],"coauthors":[12],"class_list":["post-2948","page","type-page","status-publish","has-post-thumbnail","hentry"],"acf":[],"yoast_head":"<!-- This site is optimized with the Yoast SEO plugin v27.4 - https:\/\/yoast.com\/product\/yoast-seo-wordpress\/ -->\n<title>\u00c0 propos de l\u2019ACG | Canadian Gas Association<\/title>\n<meta name=\"robots\" content=\"index, follow, max-snippet:-1, max-image-preview:large, max-video-preview:-1\" \/>\n<link rel=\"canonical\" href=\"https:\/\/www.cga.ca\/fr\/a-propos-de-lacg\/\" \/>\n<meta property=\"og:locale\" content=\"fr_FR\" \/>\n<meta property=\"og:type\" content=\"article\" \/>\n<meta property=\"og:title\" content=\"\u00c0 propos de l\u2019ACG | Canadian Gas Association\" \/>\n<meta property=\"og:description\" content=\"Fond\u00e9e en 1907, l\u2019Association canadienne du gaz (ACG) est le porte-parole de l\u2019industrie de la livraison du gaz naturel au Canada. Ses membres sont des entreprises de distribution, des transporteurs, des fabricants d\u2019\u00e9quipement et des fournisseurs d\u2019autres services. Le gaz naturel occupe une place centrale dans le paysage \u00e9nerg\u00e9tique canadien, car il r\u00e9pond \u00e0 pr\u00e8s...\" \/>\n<meta property=\"og:url\" content=\"https:\/\/www.cga.ca\/fr\/a-propos-de-lacg\/\" \/>\n<meta property=\"og:site_name\" content=\"Canadian Gas Association\" \/>\n<meta property=\"article:modified_time\" content=\"2026-02-03T19:02:14+00:00\" \/>\n<meta property=\"og:image\" content=\"https:\/\/www.cga.ca\/wp-content\/uploads\/2020\/02\/banner-about.jpg\" \/>\n\t<meta property=\"og:image:width\" content=\"1600\" \/>\n\t<meta property=\"og:image:height\" content=\"1066\" \/>\n\t<meta property=\"og:image:type\" content=\"image\/jpeg\" \/>\n<meta name=\"twitter:card\" content=\"summary_large_image\" \/>\n<meta name=\"twitter:label1\" content=\"Dur\u00e9e de lecture estim\u00e9e\" \/>\n\t<meta name=\"twitter:data1\" content=\"1 minute\" \/>\n\t<meta name=\"twitter:label2\" content=\"Written by\" \/>\n\t<meta name=\"twitter:data2\" content=\"super_admin\" \/>\n<script type=\"application\/ld+json\" class=\"yoast-schema-graph\">{\"@context\":\"https:\\\/\\\/schema.org\",\"@graph\":[{\"@type\":\"WebPage\",\"@id\":\"https:\\\/\\\/www.cga.ca\\\/fr\\\/a-propos-de-lacg\\\/\",\"url\":\"https:\\\/\\\/www.cga.ca\\\/fr\\\/a-propos-de-lacg\\\/\",\"name\":\"\u00c0 propos de l\u2019ACG | Canadian Gas Association\",\"isPartOf\":{\"@id\":\"https:\\\/\\\/www.cga.ca\\\/#website\"},\"primaryImageOfPage\":{\"@id\":\"https:\\\/\\\/www.cga.ca\\\/fr\\\/a-propos-de-lacg\\\/#primaryimage\"},\"image\":{\"@id\":\"https:\\\/\\\/www.cga.ca\\\/fr\\\/a-propos-de-lacg\\\/#primaryimage\"},\"thumbnailUrl\":\"https:\\\/\\\/www.cga.ca\\\/wp-content\\\/uploads\\\/2020\\\/02\\\/banner-about.jpg\",\"datePublished\":\"2020-02-11T16:34:54+00:00\",\"dateModified\":\"2026-02-03T19:02:14+00:00\",\"breadcrumb\":{\"@id\":\"https:\\\/\\\/www.cga.ca\\\/fr\\\/a-propos-de-lacg\\\/#breadcrumb\"},\"inLanguage\":\"fr-FR\",\"potentialAction\":[{\"@type\":\"ReadAction\",\"target\":[\"https:\\\/\\\/www.cga.ca\\\/fr\\\/a-propos-de-lacg\\\/\"]}]},{\"@type\":\"ImageObject\",\"inLanguage\":\"fr-FR\",\"@id\":\"https:\\\/\\\/www.cga.ca\\\/fr\\\/a-propos-de-lacg\\\/#primaryimage\",\"url\":\"https:\\\/\\\/www.cga.ca\\\/wp-content\\\/uploads\\\/2020\\\/02\\\/banner-about.jpg\",\"contentUrl\":\"https:\\\/\\\/www.cga.ca\\\/wp-content\\\/uploads\\\/2020\\\/02\\\/banner-about.jpg\",\"width\":1600,\"height\":1066},{\"@type\":\"BreadcrumbList\",\"@id\":\"https:\\\/\\\/www.cga.ca\\\/fr\\\/a-propos-de-lacg\\\/#breadcrumb\",\"itemListElement\":[{\"@type\":\"ListItem\",\"position\":1,\"name\":\"Home\",\"item\":\"https:\\\/\\\/www.cga.ca\\\/fr\\\/\"},{\"@type\":\"ListItem\",\"position\":2,\"name\":\"\u00c0 propos de l\u2019ACG\"}]},{\"@type\":\"WebSite\",\"@id\":\"https:\\\/\\\/www.cga.ca\\\/#website\",\"url\":\"https:\\\/\\\/www.cga.ca\\\/\",\"name\":\"Canadian Gas Association\",\"description\":\"\",\"publisher\":{\"@id\":\"https:\\\/\\\/www.cga.ca\\\/#organization\"},\"potentialAction\":[{\"@type\":\"SearchAction\",\"target\":{\"@type\":\"EntryPoint\",\"urlTemplate\":\"https:\\\/\\\/www.cga.ca\\\/?s={search_term_string}\"},\"query-input\":{\"@type\":\"PropertyValueSpecification\",\"valueRequired\":true,\"valueName\":\"search_term_string\"}}],\"inLanguage\":\"fr-FR\"},{\"@type\":\"Organization\",\"@id\":\"https:\\\/\\\/www.cga.ca\\\/#organization\",\"name\":\"Canadian Gas Association\",\"url\":\"https:\\\/\\\/www.cga.ca\\\/\",\"logo\":{\"@type\":\"ImageObject\",\"inLanguage\":\"fr-FR\",\"@id\":\"https:\\\/\\\/www.cga.ca\\\/#\\\/schema\\\/logo\\\/image\\\/\",\"url\":\"https:\\\/\\\/www.cga.ca\\\/wp-content\\\/uploads\\\/2023\\\/08\\\/cga-logo-only.png\",\"contentUrl\":\"https:\\\/\\\/www.cga.ca\\\/wp-content\\\/uploads\\\/2023\\\/08\\\/cga-logo-only.png\",\"width\":696,\"height\":696,\"caption\":\"Canadian Gas Association\"},\"image\":{\"@id\":\"https:\\\/\\\/www.cga.ca\\\/#\\\/schema\\\/logo\\\/image\\\/\"}}]}<\/script>\n<!-- \/ Yoast SEO plugin. -->","yoast_head_json":{"title":"\u00c0 propos de l\u2019ACG | Canadian Gas Association","robots":{"index":"index","follow":"follow","max-snippet":"max-snippet:-1","max-image-preview":"max-image-preview:large","max-video-preview":"max-video-preview:-1"},"canonical":"https:\/\/www.cga.ca\/fr\/a-propos-de-lacg\/","og_locale":"fr_FR","og_type":"article","og_title":"\u00c0 propos de l\u2019ACG | Canadian Gas Association","og_description":"Fond\u00e9e en 1907, l\u2019Association canadienne du gaz (ACG) est le porte-parole de l\u2019industrie de la livraison du gaz naturel au Canada. Ses membres sont des entreprises de distribution, des transporteurs, des fabricants d\u2019\u00e9quipement et des fournisseurs d\u2019autres services. Le gaz naturel occupe une place centrale dans le paysage \u00e9nerg\u00e9tique canadien, car il r\u00e9pond \u00e0 pr\u00e8s...","og_url":"https:\/\/www.cga.ca\/fr\/a-propos-de-lacg\/","og_site_name":"Canadian Gas Association","article_modified_time":"2026-02-03T19:02:14+00:00","og_image":[{"width":1600,"height":1066,"url":"https:\/\/www.cga.ca\/wp-content\/uploads\/2020\/02\/banner-about.jpg","type":"image\/jpeg"}],"twitter_card":"summary_large_image","twitter_misc":{"Dur\u00e9e de lecture estim\u00e9e":"1 minute","Written by":"super_admin"},"schema":{"@context":"https:\/\/schema.org","@graph":[{"@type":"WebPage","@id":"https:\/\/www.cga.ca\/fr\/a-propos-de-lacg\/","url":"https:\/\/www.cga.ca\/fr\/a-propos-de-lacg\/","name":"\u00c0 propos de l\u2019ACG | Canadian Gas Association","isPartOf":{"@id":"https:\/\/www.cga.ca\/#website"},"primaryImageOfPage":{"@id":"https:\/\/www.cga.ca\/fr\/a-propos-de-lacg\/#primaryimage"},"image":{"@id":"https:\/\/www.cga.ca\/fr\/a-propos-de-lacg\/#primaryimage"},"thumbnailUrl":"https:\/\/www.cga.ca\/wp-content\/uploads\/2020\/02\/banner-about.jpg","datePublished":"2020-02-11T16:34:54+00:00","dateModified":"2026-02-03T19:02:14+00:00","breadcrumb":{"@id":"https:\/\/www.cga.ca\/fr\/a-propos-de-lacg\/#breadcrumb"},"inLanguage":"fr-FR","potentialAction":[{"@type":"ReadAction","target":["https:\/\/www.cga.ca\/fr\/a-propos-de-lacg\/"]}]},{"@type":"ImageObject","inLanguage":"fr-FR","@id":"https:\/\/www.cga.ca\/fr\/a-propos-de-lacg\/#primaryimage","url":"https:\/\/www.cga.ca\/wp-content\/uploads\/2020\/02\/banner-about.jpg","contentUrl":"https:\/\/www.cga.ca\/wp-content\/uploads\/2020\/02\/banner-about.jpg","width":1600,"height":1066},{"@type":"BreadcrumbList","@id":"https:\/\/www.cga.ca\/fr\/a-propos-de-lacg\/#breadcrumb","itemListElement":[{"@type":"ListItem","position":1,"name":"Home","item":"https:\/\/www.cga.ca\/fr\/"},{"@type":"ListItem","position":2,"name":"\u00c0 propos de l\u2019ACG"}]},{"@type":"WebSite","@id":"https:\/\/www.cga.ca\/#website","url":"https:\/\/www.cga.ca\/","name":"Canadian Gas Association","description":"","publisher":{"@id":"https:\/\/www.cga.ca\/#organization"},"potentialAction":[{"@type":"SearchAction","target":{"@type":"EntryPoint","urlTemplate":"https:\/\/www.cga.ca\/?s={search_term_string}"},"query-input":{"@type":"PropertyValueSpecification","valueRequired":true,"valueName":"search_term_string"}}],"inLanguage":"fr-FR"},{"@type":"Organization","@id":"https:\/\/www.cga.ca\/#organization","name":"Canadian Gas Association","url":"https:\/\/www.cga.ca\/","logo":{"@type":"ImageObject","inLanguage":"fr-FR","@id":"https:\/\/www.cga.ca\/#\/schema\/logo\/image\/","url":"https:\/\/www.cga.ca\/wp-content\/uploads\/2023\/08\/cga-logo-only.png","contentUrl":"https:\/\/www.cga.ca\/wp-content\/uploads\/2023\/08\/cga-logo-only.png","width":696,"height":696,"caption":"Canadian Gas Association"},"image":{"@id":"https:\/\/www.cga.ca\/#\/schema\/logo\/image\/"}}]}},"_links":{"self":[{"href":"https:\/\/www.cga.ca\/fr\/wp-json\/wp\/v2\/pages\/2948","targetHints":{"allow":["GET"]}}],"collection":[{"href":"https:\/\/www.cga.ca\/fr\/wp-json\/wp\/v2\/pages"}],"about":[{"href":"https:\/\/www.cga.ca\/fr\/wp-json\/wp\/v2\/types\/page"}],"author":[{"embeddable":true,"href":"https:\/\/www.cga.ca\/fr\/wp-json\/wp\/v2\/users\/1"}],"replies":[{"embeddable":true,"href":"https:\/\/www.cga.ca\/fr\/wp-json\/wp\/v2\/comments?post=2948"}],"version-history":[{"count":18,"href":"https:\/\/www.cga.ca\/fr\/wp-json\/wp\/v2\/pages\/2948\/revisions"}],"predecessor-version":[{"id":11843,"href":"https:\/\/www.cga.ca\/fr\/wp-json\/wp\/v2\/pages\/2948\/revisions\/11843"}],"wp:featuredmedia":[{"embeddable":true,"href":"https:\/\/www.cga.ca\/fr\/wp-json\/wp\/v2\/media\/195"}],"wp:attachment":[{"href":"https:\/\/www.cga.ca\/fr\/wp-json\/wp\/v2\/media?parent=2948"}],"wp:term":[{"taxonomy":"page-category","embeddable":true,"href":"https:\/\/www.cga.ca\/fr\/wp-json\/wp\/v2\/page-category?post=2948"},{"taxonomy":"feature","embeddable":true,"href":"https:\/\/www.cga.ca\/fr\/wp-json\/wp\/v2\/feature?post=2948"},{"taxonomy":"author","embeddable":true,"href":"https:\/\/www.cga.ca\/fr\/wp-json\/wp\/v2\/coauthors?post=2948"}],"curies":[{"name":"wp","href":"https:\/\/api.w.org\/{rel}","templated":true}]}}