{"id":2954,"date":"2020-02-26T15:08:26","date_gmt":"2020-02-26T20:08:26","guid":{"rendered":"http:\/\/www.cga.ca\/a-propos-de-lacg\/join-cga\/"},"modified":"2020-05-14T09:34:26","modified_gmt":"2020-05-14T13:34:26","slug":"adherez-a-lacg","status":"publish","type":"page","link":"https:\/\/www.cga.ca\/fr\/a-propos-de-lacg\/adherez-a-lacg\/","title":{"rendered":"Adh\u00e9rez \u00e0 l\u2019ACG"},"content":{"rendered":"<p>L\u2019Association canadienne du gaz (ACG) regroupe des distributeurs de gaz, des compagnies de transmission, des fabricants d\u2019\u00e9quipements et des agents de fabricants, des entrepreneurs et des constructeurs de pipelines, d\u2019autres entreprises de services, des organismes de services \u00e0 caract\u00e8re international\/multidisciplinaire, des entrepreneurs de syst\u00e8me de chauffage, de ventilation et de climatisation et du march\u00e9 de d\u00e9tail, d\u2019autres entreprises du secteur de l\u2019\u00e9nergie, des entreprises de services juridiques, d\u2019experts-conseils et de services multidisciplinaires ainsi que d\u2019autres membres, comme des associations et des particuliers.<\/p>\n","protected":false},"excerpt":{"rendered":"<p>L\u2019Association canadienne du gaz (ACG) regroupe des distributeurs de gaz, des compagnies de transmission, des fabricants d\u2019\u00e9quipements et des agents de fabricants, des entrepreneurs et des constructeurs de pipelines, d\u2019autres entreprises de services, des organismes de services \u00e0 caract\u00e8re international\/multidisciplinaire, des entrepreneurs de syst\u00e8me de chauffage, de ventilation et de climatisation et du march\u00e9 de&#8230;<\/p>\n","protected":false},"author":1,"featured_media":213,"parent":2948,"menu_order":75,"comment_status":"closed","ping_status":"closed","template":"page-flexible.php","meta":{"_acf_changed":false,"footnotes":""},"page-category":[],"feature":[],"coauthors":[12],"class_list":["post-2954","page","type-page","status-publish","has-post-thumbnail","hentry"],"acf":[],"yoast_head":"<!-- This site is optimized with the Yoast SEO plugin v27.4 - https:\/\/yoast.com\/product\/yoast-seo-wordpress\/ -->\n<title>Adh\u00e9rez \u00e0 l\u2019ACG | Canadian Gas Association<\/title>\n<meta name=\"robots\" content=\"index, follow, max-snippet:-1, max-image-preview:large, max-video-preview:-1\" \/>\n<link rel=\"canonical\" href=\"https:\/\/www.cga.ca\/fr\/a-propos-de-lacg\/adherez-a-lacg\/\" \/>\n<meta property=\"og:locale\" content=\"fr_FR\" \/>\n<meta property=\"og:type\" content=\"article\" \/>\n<meta property=\"og:title\" content=\"Adh\u00e9rez \u00e0 l\u2019ACG | Canadian Gas Association\" \/>\n<meta property=\"og:description\" content=\"L\u2019Association canadienne du gaz (ACG) regroupe des distributeurs de gaz, des compagnies de transmission, des fabricants d\u2019\u00e9quipements et des agents de fabricants, des entrepreneurs et des constructeurs de pipelines, d\u2019autres entreprises de services, des organismes de services \u00e0 caract\u00e8re international\/multidisciplinaire, des entrepreneurs de syst\u00e8me de chauffage, de ventilation et de climatisation et du march\u00e9 de...\" \/>\n<meta property=\"og:url\" content=\"https:\/\/www.cga.ca\/fr\/a-propos-de-lacg\/adherez-a-lacg\/\" \/>\n<meta property=\"og:site_name\" content=\"Canadian Gas Association\" \/>\n<meta property=\"article:modified_time\" content=\"2020-05-14T13:34:26+00:00\" \/>\n<meta property=\"og:image\" content=\"https:\/\/www.cga.ca\/wp-content\/uploads\/2020\/02\/banner-winter-town.jpg\" \/>\n\t<meta property=\"og:image:width\" content=\"1600\" \/>\n\t<meta property=\"og:image:height\" content=\"741\" \/>\n\t<meta property=\"og:image:type\" content=\"image\/jpeg\" \/>\n<meta name=\"twitter:card\" content=\"summary_large_image\" \/>\n<meta name=\"twitter:label1\" content=\"Written by\" \/>\n\t<meta name=\"twitter:data1\" content=\"super_admin\" \/>\n<script type=\"application\/ld+json\" class=\"yoast-schema-graph\">{\"@context\":\"https:\\\/\\\/schema.org\",\"@graph\":[{\"@type\":\"WebPage\",\"@id\":\"https:\\\/\\\/www.cga.ca\\\/fr\\\/a-propos-de-lacg\\\/adherez-a-lacg\\\/\",\"url\":\"https:\\\/\\\/www.cga.ca\\\/fr\\\/a-propos-de-lacg\\\/adherez-a-lacg\\\/\",\"name\":\"Adh\u00e9rez \u00e0 l\u2019ACG | Canadian Gas Association\",\"isPartOf\":{\"@id\":\"https:\\\/\\\/www.cga.ca\\\/#website\"},\"primaryImageOfPage\":{\"@id\":\"https:\\\/\\\/www.cga.ca\\\/fr\\\/a-propos-de-lacg\\\/adherez-a-lacg\\\/#primaryimage\"},\"image\":{\"@id\":\"https:\\\/\\\/www.cga.ca\\\/fr\\\/a-propos-de-lacg\\\/adherez-a-lacg\\\/#primaryimage\"},\"thumbnailUrl\":\"https:\\\/\\\/www.cga.ca\\\/wp-content\\\/uploads\\\/2020\\\/02\\\/banner-winter-town.jpg\",\"datePublished\":\"2020-02-26T20:08:26+00:00\",\"dateModified\":\"2020-05-14T13:34:26+00:00\",\"breadcrumb\":{\"@id\":\"https:\\\/\\\/www.cga.ca\\\/fr\\\/a-propos-de-lacg\\\/adherez-a-lacg\\\/#breadcrumb\"},\"inLanguage\":\"fr-FR\",\"potentialAction\":[{\"@type\":\"ReadAction\",\"target\":[\"https:\\\/\\\/www.cga.ca\\\/fr\\\/a-propos-de-lacg\\\/adherez-a-lacg\\\/\"]}]},{\"@type\":\"ImageObject\",\"inLanguage\":\"fr-FR\",\"@id\":\"https:\\\/\\\/www.cga.ca\\\/fr\\\/a-propos-de-lacg\\\/adherez-a-lacg\\\/#primaryimage\",\"url\":\"https:\\\/\\\/www.cga.ca\\\/wp-content\\\/uploads\\\/2020\\\/02\\\/banner-winter-town.jpg\",\"contentUrl\":\"https:\\\/\\\/www.cga.ca\\\/wp-content\\\/uploads\\\/2020\\\/02\\\/banner-winter-town.jpg\",\"width\":1600,\"height\":741},{\"@type\":\"BreadcrumbList\",\"@id\":\"https:\\\/\\\/www.cga.ca\\\/fr\\\/a-propos-de-lacg\\\/adherez-a-lacg\\\/#breadcrumb\",\"itemListElement\":[{\"@type\":\"ListItem\",\"position\":1,\"name\":\"Home\",\"item\":\"https:\\\/\\\/www.cga.ca\\\/fr\\\/\"},{\"@type\":\"ListItem\",\"position\":2,\"name\":\"\u00c0 propos de l\u2019ACG\",\"item\":\"https:\\\/\\\/www.cga.ca\\\/fr\\\/a-propos-de-lacg\\\/\"},{\"@type\":\"ListItem\",\"position\":3,\"name\":\"Adh\u00e9rez \u00e0 l\u2019ACG\"}]},{\"@type\":\"WebSite\",\"@id\":\"https:\\\/\\\/www.cga.ca\\\/#website\",\"url\":\"https:\\\/\\\/www.cga.ca\\\/\",\"name\":\"Canadian Gas Association\",\"description\":\"\",\"publisher\":{\"@id\":\"https:\\\/\\\/www.cga.ca\\\/#organization\"},\"potentialAction\":[{\"@type\":\"SearchAction\",\"target\":{\"@type\":\"EntryPoint\",\"urlTemplate\":\"https:\\\/\\\/www.cga.ca\\\/?s={search_term_string}\"},\"query-input\":{\"@type\":\"PropertyValueSpecification\",\"valueRequired\":true,\"valueName\":\"search_term_string\"}}],\"inLanguage\":\"fr-FR\"},{\"@type\":\"Organization\",\"@id\":\"https:\\\/\\\/www.cga.ca\\\/#organization\",\"name\":\"Canadian Gas Association\",\"url\":\"https:\\\/\\\/www.cga.ca\\\/\",\"logo\":{\"@type\":\"ImageObject\",\"inLanguage\":\"fr-FR\",\"@id\":\"https:\\\/\\\/www.cga.ca\\\/#\\\/schema\\\/logo\\\/image\\\/\",\"url\":\"https:\\\/\\\/www.cga.ca\\\/wp-content\\\/uploads\\\/2023\\\/08\\\/cga-logo-only.png\",\"contentUrl\":\"https:\\\/\\\/www.cga.ca\\\/wp-content\\\/uploads\\\/2023\\\/08\\\/cga-logo-only.png\",\"width\":696,\"height\":696,\"caption\":\"Canadian Gas Association\"},\"image\":{\"@id\":\"https:\\\/\\\/www.cga.ca\\\/#\\\/schema\\\/logo\\\/image\\\/\"}}]}<\/script>\n<!-- \/ Yoast SEO plugin. -->","yoast_head_json":{"title":"Adh\u00e9rez \u00e0 l\u2019ACG | Canadian Gas Association","robots":{"index":"index","follow":"follow","max-snippet":"max-snippet:-1","max-image-preview":"max-image-preview:large","max-video-preview":"max-video-preview:-1"},"canonical":"https:\/\/www.cga.ca\/fr\/a-propos-de-lacg\/adherez-a-lacg\/","og_locale":"fr_FR","og_type":"article","og_title":"Adh\u00e9rez \u00e0 l\u2019ACG | Canadian Gas Association","og_description":"L\u2019Association canadienne du gaz (ACG) regroupe des distributeurs de gaz, des compagnies de transmission, des fabricants d\u2019\u00e9quipements et des agents de fabricants, des entrepreneurs et des constructeurs de pipelines, d\u2019autres entreprises de services, des organismes de services \u00e0 caract\u00e8re international\/multidisciplinaire, des entrepreneurs de syst\u00e8me de chauffage, de ventilation et de climatisation et du march\u00e9 de...","og_url":"https:\/\/www.cga.ca\/fr\/a-propos-de-lacg\/adherez-a-lacg\/","og_site_name":"Canadian Gas Association","article_modified_time":"2020-05-14T13:34:26+00:00","og_image":[{"width":1600,"height":741,"url":"https:\/\/www.cga.ca\/wp-content\/uploads\/2020\/02\/banner-winter-town.jpg","type":"image\/jpeg"}],"twitter_card":"summary_large_image","twitter_misc":{"Written by":"super_admin"},"schema":{"@context":"https:\/\/schema.org","@graph":[{"@type":"WebPage","@id":"https:\/\/www.cga.ca\/fr\/a-propos-de-lacg\/adherez-a-lacg\/","url":"https:\/\/www.cga.ca\/fr\/a-propos-de-lacg\/adherez-a-lacg\/","name":"Adh\u00e9rez \u00e0 l\u2019ACG | Canadian Gas Association","isPartOf":{"@id":"https:\/\/www.cga.ca\/#website"},"primaryImageOfPage":{"@id":"https:\/\/www.cga.ca\/fr\/a-propos-de-lacg\/adherez-a-lacg\/#primaryimage"},"image":{"@id":"https:\/\/www.cga.ca\/fr\/a-propos-de-lacg\/adherez-a-lacg\/#primaryimage"},"thumbnailUrl":"https:\/\/www.cga.ca\/wp-content\/uploads\/2020\/02\/banner-winter-town.jpg","datePublished":"2020-02-26T20:08:26+00:00","dateModified":"2020-05-14T13:34:26+00:00","breadcrumb":{"@id":"https:\/\/www.cga.ca\/fr\/a-propos-de-lacg\/adherez-a-lacg\/#breadcrumb"},"inLanguage":"fr-FR","potentialAction":[{"@type":"ReadAction","target":["https:\/\/www.cga.ca\/fr\/a-propos-de-lacg\/adherez-a-lacg\/"]}]},{"@type":"ImageObject","inLanguage":"fr-FR","@id":"https:\/\/www.cga.ca\/fr\/a-propos-de-lacg\/adherez-a-lacg\/#primaryimage","url":"https:\/\/www.cga.ca\/wp-content\/uploads\/2020\/02\/banner-winter-town.jpg","contentUrl":"https:\/\/www.cga.ca\/wp-content\/uploads\/2020\/02\/banner-winter-town.jpg","width":1600,"height":741},{"@type":"BreadcrumbList","@id":"https:\/\/www.cga.ca\/fr\/a-propos-de-lacg\/adherez-a-lacg\/#breadcrumb","itemListElement":[{"@type":"ListItem","position":1,"name":"Home","item":"https:\/\/www.cga.ca\/fr\/"},{"@type":"ListItem","position":2,"name":"\u00c0 propos de l\u2019ACG","item":"https:\/\/www.cga.ca\/fr\/a-propos-de-lacg\/"},{"@type":"ListItem","position":3,"name":"Adh\u00e9rez \u00e0 l\u2019ACG"}]},{"@type":"WebSite","@id":"https:\/\/www.cga.ca\/#website","url":"https:\/\/www.cga.ca\/","name":"Canadian Gas Association","description":"","publisher":{"@id":"https:\/\/www.cga.ca\/#organization"},"potentialAction":[{"@type":"SearchAction","target":{"@type":"EntryPoint","urlTemplate":"https:\/\/www.cga.ca\/?s={search_term_string}"},"query-input":{"@type":"PropertyValueSpecification","valueRequired":true,"valueName":"search_term_string"}}],"inLanguage":"fr-FR"},{"@type":"Organization","@id":"https:\/\/www.cga.ca\/#organization","name":"Canadian Gas Association","url":"https:\/\/www.cga.ca\/","logo":{"@type":"ImageObject","inLanguage":"fr-FR","@id":"https:\/\/www.cga.ca\/#\/schema\/logo\/image\/","url":"https:\/\/www.cga.ca\/wp-content\/uploads\/2023\/08\/cga-logo-only.png","contentUrl":"https:\/\/www.cga.ca\/wp-content\/uploads\/2023\/08\/cga-logo-only.png","width":696,"height":696,"caption":"Canadian Gas Association"},"image":{"@id":"https:\/\/www.cga.ca\/#\/schema\/logo\/image\/"}}]}},"_links":{"self":[{"href":"https:\/\/www.cga.ca\/fr\/wp-json\/wp\/v2\/pages\/2954","targetHints":{"allow":["GET"]}}],"collection":[{"href":"https:\/\/www.cga.ca\/fr\/wp-json\/wp\/v2\/pages"}],"about":[{"href":"https:\/\/www.cga.ca\/fr\/wp-json\/wp\/v2\/types\/page"}],"author":[{"embeddable":true,"href":"https:\/\/www.cga.ca\/fr\/wp-json\/wp\/v2\/users\/1"}],"replies":[{"embeddable":true,"href":"https:\/\/www.cga.ca\/fr\/wp-json\/wp\/v2\/comments?post=2954"}],"version-history":[{"count":4,"href":"https:\/\/www.cga.ca\/fr\/wp-json\/wp\/v2\/pages\/2954\/revisions"}],"predecessor-version":[{"id":3755,"href":"https:\/\/www.cga.ca\/fr\/wp-json\/wp\/v2\/pages\/2954\/revisions\/3755"}],"up":[{"embeddable":true,"href":"https:\/\/www.cga.ca\/fr\/wp-json\/wp\/v2\/pages\/2948"}],"wp:featuredmedia":[{"embeddable":true,"href":"https:\/\/www.cga.ca\/fr\/wp-json\/wp\/v2\/media\/213"}],"wp:attachment":[{"href":"https:\/\/www.cga.ca\/fr\/wp-json\/wp\/v2\/media?parent=2954"}],"wp:term":[{"taxonomy":"page-category","embeddable":true,"href":"https:\/\/www.cga.ca\/fr\/wp-json\/wp\/v2\/page-category?post=2954"},{"taxonomy":"feature","embeddable":true,"href":"https:\/\/www.cga.ca\/fr\/wp-json\/wp\/v2\/feature?post=2954"},{"taxonomy":"author","embeddable":true,"href":"https:\/\/www.cga.ca\/fr\/wp-json\/wp\/v2\/coauthors?post=2954"}],"curies":[{"name":"wp","href":"https:\/\/api.w.org\/{rel}","templated":true}]}}