{"id":3001,"date":"2020-02-14T09:57:26","date_gmt":"2020-02-14T14:57:26","guid":{"rendered":"http:\/\/www.cga.ca\/natural-gas-101\/"},"modified":"2025-10-22T12:43:51","modified_gmt":"2025-10-22T16:43:51","slug":"gas-naturel-101","status":"publish","type":"page","link":"https:\/\/www.cga.ca\/fr\/gas-naturel-101\/","title":{"rendered":"Gas naturel 101"},"content":{"rendered":"<p>Le gaz naturel joue un r\u00f4le central dans le paysage \u00e9nerg\u00e9tique du Canada puisqu\u2019il fournit une \u00e9nergie abordable, s\u00fbre et fiable \u00e0 plus des deux tiers de la population du pays. D\u00e9couvrez ses nombreux usages et son r\u00f4le dans le paysage \u00e9nerg\u00e9tique canadien.<\/p>\n","protected":false},"excerpt":{"rendered":"<p>Le gaz naturel joue un r\u00f4le central dans le paysage \u00e9nerg\u00e9tique du Canada puisqu\u2019il fournit une \u00e9nergie abordable, s\u00fbre et fiable \u00e0 plus des deux tiers de la population du pays. D\u00e9couvrez ses nombreux usages et son r\u00f4le dans le paysage \u00e9nerg\u00e9tique canadien.<\/p>\n","protected":false},"author":1,"featured_media":0,"parent":0,"menu_order":84,"comment_status":"closed","ping_status":"closed","template":"page-natural-gas-template.php","meta":{"_acf_changed":false,"footnotes":""},"page-category":[],"feature":[],"coauthors":[12],"class_list":["post-3001","page","type-page","status-publish","hentry"],"acf":[],"yoast_head":"<!-- This site is optimized with the Yoast SEO plugin v27.4 - https:\/\/yoast.com\/product\/yoast-seo-wordpress\/ -->\n<title>Gas naturel 101 | Canadian Gas Association<\/title>\n<meta name=\"robots\" content=\"index, follow, max-snippet:-1, max-image-preview:large, max-video-preview:-1\" \/>\n<link rel=\"canonical\" href=\"https:\/\/www.cga.ca\/fr\/gas-naturel-101\/\" \/>\n<meta property=\"og:locale\" content=\"fr_FR\" \/>\n<meta property=\"og:type\" content=\"article\" \/>\n<meta property=\"og:title\" content=\"Gas naturel 101 | Canadian Gas Association\" \/>\n<meta property=\"og:description\" content=\"Le gaz naturel joue un r\u00f4le central dans le paysage \u00e9nerg\u00e9tique du Canada puisqu\u2019il fournit une \u00e9nergie abordable, s\u00fbre et fiable \u00e0 plus des deux tiers de la population du pays. D\u00e9couvrez ses nombreux usages et son r\u00f4le dans le paysage \u00e9nerg\u00e9tique canadien.\" \/>\n<meta property=\"og:url\" content=\"https:\/\/www.cga.ca\/fr\/gas-naturel-101\/\" \/>\n<meta property=\"og:site_name\" content=\"Canadian Gas Association\" \/>\n<meta property=\"article:modified_time\" content=\"2025-10-22T16:43:51+00:00\" \/>\n<meta property=\"og:image\" content=\"https:\/\/www.cga.ca\/wp-content\/uploads\/2023\/08\/cga-logo-only-yoast.png\" \/>\n\t<meta property=\"og:image:width\" content=\"1200\" \/>\n\t<meta property=\"og:image:height\" content=\"675\" \/>\n\t<meta property=\"og:image:type\" content=\"image\/png\" \/>\n<meta name=\"twitter:card\" content=\"summary_large_image\" \/>\n<meta name=\"twitter:label1\" content=\"Dur\u00e9e de lecture estim\u00e9e\" \/>\n\t<meta name=\"twitter:data1\" content=\"1 minute\" \/>\n\t<meta name=\"twitter:label2\" content=\"Written by\" \/>\n\t<meta name=\"twitter:data2\" content=\"super_admin\" \/>\n<script type=\"application\/ld+json\" class=\"yoast-schema-graph\">{\"@context\":\"https:\\\/\\\/schema.org\",\"@graph\":[{\"@type\":\"WebPage\",\"@id\":\"https:\\\/\\\/www.cga.ca\\\/fr\\\/gas-naturel-101\\\/\",\"url\":\"https:\\\/\\\/www.cga.ca\\\/fr\\\/gas-naturel-101\\\/\",\"name\":\"Gas naturel 101 | Canadian Gas Association\",\"isPartOf\":{\"@id\":\"https:\\\/\\\/www.cga.ca\\\/#website\"},\"datePublished\":\"2020-02-14T14:57:26+00:00\",\"dateModified\":\"2025-10-22T16:43:51+00:00\",\"breadcrumb\":{\"@id\":\"https:\\\/\\\/www.cga.ca\\\/fr\\\/gas-naturel-101\\\/#breadcrumb\"},\"inLanguage\":\"fr-FR\",\"potentialAction\":[{\"@type\":\"ReadAction\",\"target\":[\"https:\\\/\\\/www.cga.ca\\\/fr\\\/gas-naturel-101\\\/\"]}]},{\"@type\":\"BreadcrumbList\",\"@id\":\"https:\\\/\\\/www.cga.ca\\\/fr\\\/gas-naturel-101\\\/#breadcrumb\",\"itemListElement\":[{\"@type\":\"ListItem\",\"position\":1,\"name\":\"Home\",\"item\":\"https:\\\/\\\/www.cga.ca\\\/fr\\\/\"},{\"@type\":\"ListItem\",\"position\":2,\"name\":\"Gas naturel 101\"}]},{\"@type\":\"WebSite\",\"@id\":\"https:\\\/\\\/www.cga.ca\\\/#website\",\"url\":\"https:\\\/\\\/www.cga.ca\\\/\",\"name\":\"Canadian Gas Association\",\"description\":\"\",\"publisher\":{\"@id\":\"https:\\\/\\\/www.cga.ca\\\/#organization\"},\"potentialAction\":[{\"@type\":\"SearchAction\",\"target\":{\"@type\":\"EntryPoint\",\"urlTemplate\":\"https:\\\/\\\/www.cga.ca\\\/?s={search_term_string}\"},\"query-input\":{\"@type\":\"PropertyValueSpecification\",\"valueRequired\":true,\"valueName\":\"search_term_string\"}}],\"inLanguage\":\"fr-FR\"},{\"@type\":\"Organization\",\"@id\":\"https:\\\/\\\/www.cga.ca\\\/#organization\",\"name\":\"Canadian Gas Association\",\"url\":\"https:\\\/\\\/www.cga.ca\\\/\",\"logo\":{\"@type\":\"ImageObject\",\"inLanguage\":\"fr-FR\",\"@id\":\"https:\\\/\\\/www.cga.ca\\\/#\\\/schema\\\/logo\\\/image\\\/\",\"url\":\"https:\\\/\\\/www.cga.ca\\\/wp-content\\\/uploads\\\/2023\\\/08\\\/cga-logo-only.png\",\"contentUrl\":\"https:\\\/\\\/www.cga.ca\\\/wp-content\\\/uploads\\\/2023\\\/08\\\/cga-logo-only.png\",\"width\":696,\"height\":696,\"caption\":\"Canadian Gas Association\"},\"image\":{\"@id\":\"https:\\\/\\\/www.cga.ca\\\/#\\\/schema\\\/logo\\\/image\\\/\"}}]}<\/script>\n<!-- \/ Yoast SEO plugin. -->","yoast_head_json":{"title":"Gas naturel 101 | Canadian Gas Association","robots":{"index":"index","follow":"follow","max-snippet":"max-snippet:-1","max-image-preview":"max-image-preview:large","max-video-preview":"max-video-preview:-1"},"canonical":"https:\/\/www.cga.ca\/fr\/gas-naturel-101\/","og_locale":"fr_FR","og_type":"article","og_title":"Gas naturel 101 | Canadian Gas Association","og_description":"Le gaz naturel joue un r\u00f4le central dans le paysage \u00e9nerg\u00e9tique du Canada puisqu\u2019il fournit une \u00e9nergie abordable, s\u00fbre et fiable \u00e0 plus des deux tiers de la population du pays. D\u00e9couvrez ses nombreux usages et son r\u00f4le dans le paysage \u00e9nerg\u00e9tique canadien.","og_url":"https:\/\/www.cga.ca\/fr\/gas-naturel-101\/","og_site_name":"Canadian Gas Association","article_modified_time":"2025-10-22T16:43:51+00:00","og_image":[{"width":1200,"height":675,"url":"https:\/\/www.cga.ca\/wp-content\/uploads\/2023\/08\/cga-logo-only-yoast.png","type":"image\/png"}],"twitter_card":"summary_large_image","twitter_misc":{"Dur\u00e9e de lecture estim\u00e9e":"1 minute","Written by":"super_admin"},"schema":{"@context":"https:\/\/schema.org","@graph":[{"@type":"WebPage","@id":"https:\/\/www.cga.ca\/fr\/gas-naturel-101\/","url":"https:\/\/www.cga.ca\/fr\/gas-naturel-101\/","name":"Gas naturel 101 | Canadian Gas Association","isPartOf":{"@id":"https:\/\/www.cga.ca\/#website"},"datePublished":"2020-02-14T14:57:26+00:00","dateModified":"2025-10-22T16:43:51+00:00","breadcrumb":{"@id":"https:\/\/www.cga.ca\/fr\/gas-naturel-101\/#breadcrumb"},"inLanguage":"fr-FR","potentialAction":[{"@type":"ReadAction","target":["https:\/\/www.cga.ca\/fr\/gas-naturel-101\/"]}]},{"@type":"BreadcrumbList","@id":"https:\/\/www.cga.ca\/fr\/gas-naturel-101\/#breadcrumb","itemListElement":[{"@type":"ListItem","position":1,"name":"Home","item":"https:\/\/www.cga.ca\/fr\/"},{"@type":"ListItem","position":2,"name":"Gas naturel 101"}]},{"@type":"WebSite","@id":"https:\/\/www.cga.ca\/#website","url":"https:\/\/www.cga.ca\/","name":"Canadian Gas Association","description":"","publisher":{"@id":"https:\/\/www.cga.ca\/#organization"},"potentialAction":[{"@type":"SearchAction","target":{"@type":"EntryPoint","urlTemplate":"https:\/\/www.cga.ca\/?s={search_term_string}"},"query-input":{"@type":"PropertyValueSpecification","valueRequired":true,"valueName":"search_term_string"}}],"inLanguage":"fr-FR"},{"@type":"Organization","@id":"https:\/\/www.cga.ca\/#organization","name":"Canadian Gas Association","url":"https:\/\/www.cga.ca\/","logo":{"@type":"ImageObject","inLanguage":"fr-FR","@id":"https:\/\/www.cga.ca\/#\/schema\/logo\/image\/","url":"https:\/\/www.cga.ca\/wp-content\/uploads\/2023\/08\/cga-logo-only.png","contentUrl":"https:\/\/www.cga.ca\/wp-content\/uploads\/2023\/08\/cga-logo-only.png","width":696,"height":696,"caption":"Canadian Gas Association"},"image":{"@id":"https:\/\/www.cga.ca\/#\/schema\/logo\/image\/"}}]}},"_links":{"self":[{"href":"https:\/\/www.cga.ca\/fr\/wp-json\/wp\/v2\/pages\/3001","targetHints":{"allow":["GET"]}}],"collection":[{"href":"https:\/\/www.cga.ca\/fr\/wp-json\/wp\/v2\/pages"}],"about":[{"href":"https:\/\/www.cga.ca\/fr\/wp-json\/wp\/v2\/types\/page"}],"author":[{"embeddable":true,"href":"https:\/\/www.cga.ca\/fr\/wp-json\/wp\/v2\/users\/1"}],"replies":[{"embeddable":true,"href":"https:\/\/www.cga.ca\/fr\/wp-json\/wp\/v2\/comments?post=3001"}],"version-history":[{"count":11,"href":"https:\/\/www.cga.ca\/fr\/wp-json\/wp\/v2\/pages\/3001\/revisions"}],"predecessor-version":[{"id":11491,"href":"https:\/\/www.cga.ca\/fr\/wp-json\/wp\/v2\/pages\/3001\/revisions\/11491"}],"wp:attachment":[{"href":"https:\/\/www.cga.ca\/fr\/wp-json\/wp\/v2\/media?parent=3001"}],"wp:term":[{"taxonomy":"page-category","embeddable":true,"href":"https:\/\/www.cga.ca\/fr\/wp-json\/wp\/v2\/page-category?post=3001"},{"taxonomy":"feature","embeddable":true,"href":"https:\/\/www.cga.ca\/fr\/wp-json\/wp\/v2\/feature?post=3001"},{"taxonomy":"author","embeddable":true,"href":"https:\/\/www.cga.ca\/fr\/wp-json\/wp\/v2\/coauthors?post=3001"}],"curies":[{"name":"wp","href":"https:\/\/api.w.org\/{rel}","templated":true}]}}