{"id":3149,"date":"2020-04-01T13:11:01","date_gmt":"2020-04-01T17:11:01","guid":{"rendered":"http:\/\/www.cga.ca\/nouvelles-et-evenements\/newsletter\/"},"modified":"2025-10-20T14:24:17","modified_gmt":"2025-10-20T18:24:17","slug":"bulletin-dinformation","status":"publish","type":"page","link":"https:\/\/www.cga.ca\/fr\/nouvelles-et-evenements\/bulletin-dinformation\/","title":{"rendered":"Bulletin d\u2019information la flamme bleue"},"content":{"rendered":"<p><em>La flamme bleue <\/em>est un bulletin d\u2019information publi\u00e9 par l\u2019Association canadienne du gaz, qui vise \u00e0 fournir les derni\u00e8res nouvelles et mises \u00e0 jour du secteur de la distribution du gaz naturel au Canada. Dans ce bulletin, les lecteurs pourront s\u2019informer sur les nouveaux projets et initiatives, les technologies innovantes et la mani\u00e8re dont l\u2019industrie fait participer les parties prenantes. Restez au courant en vous inscrivant \u00e0 notre liste de diffusion.<\/p>\n<p><span data-teams=\"true\">Les anciens num\u00e9ros de <i>La flamme bleue<\/i> ont \u00e9t\u00e9 archiv\u00e9s. Pour en obtenir une copie, veuillez envoyer un courriel \u00e0 <a href=\"mailto:news@cga.ca\">news@cga.ca<\/a>.<\/span><\/p>\n","protected":false},"excerpt":{"rendered":"<p>La flamme bleue est un bulletin d\u2019information publi\u00e9 par l\u2019Association canadienne du gaz, qui vise \u00e0 fournir les derni\u00e8res nouvelles et mises \u00e0 jour du secteur de la distribution du gaz naturel au Canada. Dans ce bulletin, les lecteurs pourront s\u2019informer sur les nouveaux projets et initiatives, les technologies innovantes et la mani\u00e8re dont l\u2019industrie&#8230;<\/p>\n","protected":false},"author":1,"featured_media":3503,"parent":1365,"menu_order":62,"comment_status":"closed","ping_status":"closed","template":"page-newsletter-landing-template.php","meta":{"_acf_changed":false,"footnotes":""},"page-category":[],"feature":[],"coauthors":[12],"class_list":["post-3149","page","type-page","status-publish","has-post-thumbnail","hentry"],"acf":[],"yoast_head":"<!-- This site is optimized with the Yoast SEO plugin v27.4 - https:\/\/yoast.com\/product\/yoast-seo-wordpress\/ -->\n<title>Bulletin d\u2019information la flamme bleue | Canadian Gas Association<\/title>\n<meta name=\"robots\" content=\"index, follow, max-snippet:-1, max-image-preview:large, max-video-preview:-1\" \/>\n<link rel=\"canonical\" href=\"https:\/\/www.cga.ca\/fr\/nouvelles-et-evenements\/bulletin-dinformation\/\" \/>\n<meta property=\"og:locale\" content=\"fr_FR\" \/>\n<meta property=\"og:type\" content=\"article\" \/>\n<meta property=\"og:title\" content=\"Bulletin d\u2019information la flamme bleue | Canadian Gas Association\" \/>\n<meta property=\"og:description\" content=\"La flamme bleue est un bulletin d\u2019information publi\u00e9 par l\u2019Association canadienne du gaz, qui vise \u00e0 fournir les derni\u00e8res nouvelles et mises \u00e0 jour du secteur de la distribution du gaz naturel au Canada. Dans ce bulletin, les lecteurs pourront s\u2019informer sur les nouveaux projets et initiatives, les technologies innovantes et la mani\u00e8re dont l\u2019industrie...\" \/>\n<meta property=\"og:url\" content=\"https:\/\/www.cga.ca\/fr\/nouvelles-et-evenements\/bulletin-dinformation\/\" \/>\n<meta property=\"og:site_name\" content=\"Canadian Gas Association\" \/>\n<meta property=\"article:modified_time\" content=\"2025-10-20T18:24:17+00:00\" \/>\n<meta property=\"og:image\" content=\"https:\/\/www.cga.ca\/wp-content\/uploads\/2020\/04\/banner-newsletter.jpg\" \/>\n\t<meta property=\"og:image:width\" content=\"2500\" \/>\n\t<meta property=\"og:image:height\" content=\"1666\" \/>\n\t<meta property=\"og:image:type\" content=\"image\/jpeg\" \/>\n<meta name=\"twitter:card\" content=\"summary_large_image\" \/>\n<meta name=\"twitter:label1\" content=\"Dur\u00e9e de lecture estim\u00e9e\" \/>\n\t<meta name=\"twitter:data1\" content=\"1 minute\" \/>\n\t<meta name=\"twitter:label2\" content=\"Written by\" \/>\n\t<meta name=\"twitter:data2\" content=\"super_admin\" \/>\n<script type=\"application\/ld+json\" class=\"yoast-schema-graph\">{\"@context\":\"https:\\\/\\\/schema.org\",\"@graph\":[{\"@type\":\"WebPage\",\"@id\":\"https:\\\/\\\/www.cga.ca\\\/fr\\\/nouvelles-et-evenements\\\/bulletin-dinformation\\\/\",\"url\":\"https:\\\/\\\/www.cga.ca\\\/fr\\\/nouvelles-et-evenements\\\/bulletin-dinformation\\\/\",\"name\":\"Bulletin d\u2019information la flamme bleue | Canadian Gas Association\",\"isPartOf\":{\"@id\":\"https:\\\/\\\/www.cga.ca\\\/#website\"},\"primaryImageOfPage\":{\"@id\":\"https:\\\/\\\/www.cga.ca\\\/fr\\\/nouvelles-et-evenements\\\/bulletin-dinformation\\\/#primaryimage\"},\"image\":{\"@id\":\"https:\\\/\\\/www.cga.ca\\\/fr\\\/nouvelles-et-evenements\\\/bulletin-dinformation\\\/#primaryimage\"},\"thumbnailUrl\":\"https:\\\/\\\/www.cga.ca\\\/wp-content\\\/uploads\\\/2020\\\/04\\\/banner-newsletter.jpg\",\"datePublished\":\"2020-04-01T17:11:01+00:00\",\"dateModified\":\"2025-10-20T18:24:17+00:00\",\"breadcrumb\":{\"@id\":\"https:\\\/\\\/www.cga.ca\\\/fr\\\/nouvelles-et-evenements\\\/bulletin-dinformation\\\/#breadcrumb\"},\"inLanguage\":\"fr-FR\",\"potentialAction\":[{\"@type\":\"ReadAction\",\"target\":[\"https:\\\/\\\/www.cga.ca\\\/fr\\\/nouvelles-et-evenements\\\/bulletin-dinformation\\\/\"]}]},{\"@type\":\"ImageObject\",\"inLanguage\":\"fr-FR\",\"@id\":\"https:\\\/\\\/www.cga.ca\\\/fr\\\/nouvelles-et-evenements\\\/bulletin-dinformation\\\/#primaryimage\",\"url\":\"https:\\\/\\\/www.cga.ca\\\/wp-content\\\/uploads\\\/2020\\\/04\\\/banner-newsletter.jpg\",\"contentUrl\":\"https:\\\/\\\/www.cga.ca\\\/wp-content\\\/uploads\\\/2020\\\/04\\\/banner-newsletter.jpg\",\"width\":2500,\"height\":1666},{\"@type\":\"BreadcrumbList\",\"@id\":\"https:\\\/\\\/www.cga.ca\\\/fr\\\/nouvelles-et-evenements\\\/bulletin-dinformation\\\/#breadcrumb\",\"itemListElement\":[{\"@type\":\"ListItem\",\"position\":1,\"name\":\"Home\",\"item\":\"https:\\\/\\\/www.cga.ca\\\/fr\\\/\"},{\"@type\":\"ListItem\",\"position\":2,\"name\":\"Nouvelles et \u00e9v\u00e9nements\",\"item\":\"https:\\\/\\\/www.cga.ca\\\/fr\\\/nouvelles-et-evenements\\\/\"},{\"@type\":\"ListItem\",\"position\":3,\"name\":\"Bulletin d\u2019information la flamme bleue\"}]},{\"@type\":\"WebSite\",\"@id\":\"https:\\\/\\\/www.cga.ca\\\/#website\",\"url\":\"https:\\\/\\\/www.cga.ca\\\/\",\"name\":\"Canadian Gas Association\",\"description\":\"\",\"publisher\":{\"@id\":\"https:\\\/\\\/www.cga.ca\\\/#organization\"},\"potentialAction\":[{\"@type\":\"SearchAction\",\"target\":{\"@type\":\"EntryPoint\",\"urlTemplate\":\"https:\\\/\\\/www.cga.ca\\\/?s={search_term_string}\"},\"query-input\":{\"@type\":\"PropertyValueSpecification\",\"valueRequired\":true,\"valueName\":\"search_term_string\"}}],\"inLanguage\":\"fr-FR\"},{\"@type\":\"Organization\",\"@id\":\"https:\\\/\\\/www.cga.ca\\\/#organization\",\"name\":\"Canadian Gas Association\",\"url\":\"https:\\\/\\\/www.cga.ca\\\/\",\"logo\":{\"@type\":\"ImageObject\",\"inLanguage\":\"fr-FR\",\"@id\":\"https:\\\/\\\/www.cga.ca\\\/#\\\/schema\\\/logo\\\/image\\\/\",\"url\":\"https:\\\/\\\/www.cga.ca\\\/wp-content\\\/uploads\\\/2023\\\/08\\\/cga-logo-only.png\",\"contentUrl\":\"https:\\\/\\\/www.cga.ca\\\/wp-content\\\/uploads\\\/2023\\\/08\\\/cga-logo-only.png\",\"width\":696,\"height\":696,\"caption\":\"Canadian Gas Association\"},\"image\":{\"@id\":\"https:\\\/\\\/www.cga.ca\\\/#\\\/schema\\\/logo\\\/image\\\/\"}}]}<\/script>\n<!-- \/ Yoast SEO plugin. -->","yoast_head_json":{"title":"Bulletin d\u2019information la flamme bleue | Canadian Gas Association","robots":{"index":"index","follow":"follow","max-snippet":"max-snippet:-1","max-image-preview":"max-image-preview:large","max-video-preview":"max-video-preview:-1"},"canonical":"https:\/\/www.cga.ca\/fr\/nouvelles-et-evenements\/bulletin-dinformation\/","og_locale":"fr_FR","og_type":"article","og_title":"Bulletin d\u2019information la flamme bleue | Canadian Gas Association","og_description":"La flamme bleue est un bulletin d\u2019information publi\u00e9 par l\u2019Association canadienne du gaz, qui vise \u00e0 fournir les derni\u00e8res nouvelles et mises \u00e0 jour du secteur de la distribution du gaz naturel au Canada. Dans ce bulletin, les lecteurs pourront s\u2019informer sur les nouveaux projets et initiatives, les technologies innovantes et la mani\u00e8re dont l\u2019industrie...","og_url":"https:\/\/www.cga.ca\/fr\/nouvelles-et-evenements\/bulletin-dinformation\/","og_site_name":"Canadian Gas Association","article_modified_time":"2025-10-20T18:24:17+00:00","og_image":[{"width":2500,"height":1666,"url":"https:\/\/www.cga.ca\/wp-content\/uploads\/2020\/04\/banner-newsletter.jpg","type":"image\/jpeg"}],"twitter_card":"summary_large_image","twitter_misc":{"Dur\u00e9e de lecture estim\u00e9e":"1 minute","Written by":"super_admin"},"schema":{"@context":"https:\/\/schema.org","@graph":[{"@type":"WebPage","@id":"https:\/\/www.cga.ca\/fr\/nouvelles-et-evenements\/bulletin-dinformation\/","url":"https:\/\/www.cga.ca\/fr\/nouvelles-et-evenements\/bulletin-dinformation\/","name":"Bulletin d\u2019information la flamme bleue | Canadian Gas Association","isPartOf":{"@id":"https:\/\/www.cga.ca\/#website"},"primaryImageOfPage":{"@id":"https:\/\/www.cga.ca\/fr\/nouvelles-et-evenements\/bulletin-dinformation\/#primaryimage"},"image":{"@id":"https:\/\/www.cga.ca\/fr\/nouvelles-et-evenements\/bulletin-dinformation\/#primaryimage"},"thumbnailUrl":"https:\/\/www.cga.ca\/wp-content\/uploads\/2020\/04\/banner-newsletter.jpg","datePublished":"2020-04-01T17:11:01+00:00","dateModified":"2025-10-20T18:24:17+00:00","breadcrumb":{"@id":"https:\/\/www.cga.ca\/fr\/nouvelles-et-evenements\/bulletin-dinformation\/#breadcrumb"},"inLanguage":"fr-FR","potentialAction":[{"@type":"ReadAction","target":["https:\/\/www.cga.ca\/fr\/nouvelles-et-evenements\/bulletin-dinformation\/"]}]},{"@type":"ImageObject","inLanguage":"fr-FR","@id":"https:\/\/www.cga.ca\/fr\/nouvelles-et-evenements\/bulletin-dinformation\/#primaryimage","url":"https:\/\/www.cga.ca\/wp-content\/uploads\/2020\/04\/banner-newsletter.jpg","contentUrl":"https:\/\/www.cga.ca\/wp-content\/uploads\/2020\/04\/banner-newsletter.jpg","width":2500,"height":1666},{"@type":"BreadcrumbList","@id":"https:\/\/www.cga.ca\/fr\/nouvelles-et-evenements\/bulletin-dinformation\/#breadcrumb","itemListElement":[{"@type":"ListItem","position":1,"name":"Home","item":"https:\/\/www.cga.ca\/fr\/"},{"@type":"ListItem","position":2,"name":"Nouvelles et \u00e9v\u00e9nements","item":"https:\/\/www.cga.ca\/fr\/nouvelles-et-evenements\/"},{"@type":"ListItem","position":3,"name":"Bulletin d\u2019information la flamme bleue"}]},{"@type":"WebSite","@id":"https:\/\/www.cga.ca\/#website","url":"https:\/\/www.cga.ca\/","name":"Canadian Gas Association","description":"","publisher":{"@id":"https:\/\/www.cga.ca\/#organization"},"potentialAction":[{"@type":"SearchAction","target":{"@type":"EntryPoint","urlTemplate":"https:\/\/www.cga.ca\/?s={search_term_string}"},"query-input":{"@type":"PropertyValueSpecification","valueRequired":true,"valueName":"search_term_string"}}],"inLanguage":"fr-FR"},{"@type":"Organization","@id":"https:\/\/www.cga.ca\/#organization","name":"Canadian Gas Association","url":"https:\/\/www.cga.ca\/","logo":{"@type":"ImageObject","inLanguage":"fr-FR","@id":"https:\/\/www.cga.ca\/#\/schema\/logo\/image\/","url":"https:\/\/www.cga.ca\/wp-content\/uploads\/2023\/08\/cga-logo-only.png","contentUrl":"https:\/\/www.cga.ca\/wp-content\/uploads\/2023\/08\/cga-logo-only.png","width":696,"height":696,"caption":"Canadian Gas Association"},"image":{"@id":"https:\/\/www.cga.ca\/#\/schema\/logo\/image\/"}}]}},"_links":{"self":[{"href":"https:\/\/www.cga.ca\/fr\/wp-json\/wp\/v2\/pages\/3149","targetHints":{"allow":["GET"]}}],"collection":[{"href":"https:\/\/www.cga.ca\/fr\/wp-json\/wp\/v2\/pages"}],"about":[{"href":"https:\/\/www.cga.ca\/fr\/wp-json\/wp\/v2\/types\/page"}],"author":[{"embeddable":true,"href":"https:\/\/www.cga.ca\/fr\/wp-json\/wp\/v2\/users\/1"}],"replies":[{"embeddable":true,"href":"https:\/\/www.cga.ca\/fr\/wp-json\/wp\/v2\/comments?post=3149"}],"version-history":[{"count":14,"href":"https:\/\/www.cga.ca\/fr\/wp-json\/wp\/v2\/pages\/3149\/revisions"}],"predecessor-version":[{"id":11416,"href":"https:\/\/www.cga.ca\/fr\/wp-json\/wp\/v2\/pages\/3149\/revisions\/11416"}],"up":[{"embeddable":true,"href":"https:\/\/www.cga.ca\/fr\/wp-json\/wp\/v2\/pages\/1365"}],"wp:featuredmedia":[{"embeddable":true,"href":"https:\/\/www.cga.ca\/fr\/wp-json\/wp\/v2\/media\/3503"}],"wp:attachment":[{"href":"https:\/\/www.cga.ca\/fr\/wp-json\/wp\/v2\/media?parent=3149"}],"wp:term":[{"taxonomy":"page-category","embeddable":true,"href":"https:\/\/www.cga.ca\/fr\/wp-json\/wp\/v2\/page-category?post=3149"},{"taxonomy":"feature","embeddable":true,"href":"https:\/\/www.cga.ca\/fr\/wp-json\/wp\/v2\/feature?post=3149"},{"taxonomy":"author","embeddable":true,"href":"https:\/\/www.cga.ca\/fr\/wp-json\/wp\/v2\/coauthors?post=3149"}],"curies":[{"name":"wp","href":"https:\/\/api.w.org\/{rel}","templated":true}]}}