{"id":417,"date":"2023-11-01T11:00:25","date_gmt":"2023-11-01T15:00:25","guid":{"rendered":"http:\/\/www.cga.ca\/playbook\/"},"modified":"2025-12-04T14:32:45","modified_gmt":"2025-12-04T19:32:45","slug":"page-du-cahier-dinformation","status":"publish","type":"page","link":"https:\/\/www.cga.ca\/fr\/ressources\/publications\/page-du-cahier-dinformation\/","title":{"rendered":"Page du cahier d\u2019information"},"content":{"rendered":"<p>L&#8217;\u00e9nergie gazi\u00e8re \u2013 gaz naturel, GNR et hydrog\u00e8ne \u2013 soutient la vie quotidienne et l&#8217;activit\u00e9 \u00e9conomique partout au Canada. Du chauffage domestique et de la production d&#8217;\u00e9lectricit\u00e9 \u00e0 l&#8217;agriculture, en passant par la fabrication, le transport et les soins de sant\u00e9, les services publics de gaz fournissent une \u00e9nergie essentielle et fiable d&#8217;un oc\u00e9an \u00e0 l&#8217;autre.<\/p>\n<p>Cette Cahier d\u2019information des charges d\u00e9crit comment la tarification, l&#8217;innovation, la s\u00e9curit\u00e9, la r\u00e9duction des \u00e9missions et les nouvelles possibilit\u00e9s en mati\u00e8re de carburants, notamment l&#8217;hydrog\u00e8ne, le gaz naturel renouvelable (GNR) et le gaz naturel liqu\u00e9fi\u00e9 (GNL), fa\u00e7onnent l&#8217;avenir \u00e9nerg\u00e9tique du Canada. Depuis plus de 150 ans, l&#8217;industrie de la distribution de gaz fournit une \u00e9nergie s\u00fbre et s\u00e9curitaire tout en investissant continuellement dans les infrastructures, la technologie et la performance environnementale.<\/p>\n<p>Nous vous invitons \u00e0 consulter le Cahier d\u2019information et \u00e0 en apprendre davantage sur le travail que l&#8217;industrie canadienne de la distribution de gaz accomplit chaque jour au service des Canadiens.<\/p>\n<p style=\"text-align: center;\"><a class=\"custom_btn_round custom_btn_round_white_text readmore_btn\" href=\"https:\/\/www.cga.ca\/wp-content\/uploads\/2025\/12\/Playbook_2025_FR.pdf\" target=\"_blank\" rel=\"noopener\">Download<\/a><\/p>\n<p style=\"text-align: center;\"><iframe style=\"width: 900px; height: 500px;\" src=\"https:\/\/online.fliphtml5.com\/acsz\/ehjx\/\" frameborder=\"0\" scrolling=\"no\" seamless=\"seamless\" allowfullscreen=\"allowfullscreen\"><\/iframe><\/p>\n","protected":false},"excerpt":{"rendered":"<p>L&#8217;\u00e9nergie gazi\u00e8re \u2013 gaz naturel, GNR et hydrog\u00e8ne \u2013 soutient la vie quotidienne et l&#8217;activit\u00e9 \u00e9conomique partout au Canada. Du chauffage domestique et de la production d&#8217;\u00e9lectricit\u00e9 \u00e0 l&#8217;agriculture, en passant par la fabrication, le transport et les soins de sant\u00e9, les services publics de gaz fournissent une \u00e9nergie essentielle et fiable d&#8217;un oc\u00e9an \u00e0&#8230;<\/p>\n","protected":false},"author":1,"featured_media":1655,"parent":2995,"menu_order":134,"comment_status":"closed","ping_status":"closed","template":"page-basic-fullWidth.php","meta":{"_acf_changed":false,"footnotes":""},"page-category":[88],"feature":[],"coauthors":[12],"class_list":["post-417","page","type-page","status-publish","has-post-thumbnail","hentry","page-category-featured"],"acf":[],"yoast_head":"<!-- This site is optimized with the Yoast SEO plugin v27.4 - https:\/\/yoast.com\/product\/yoast-seo-wordpress\/ -->\n<title>Page du cahier d\u2019information | Canadian Gas Association<\/title>\n<meta name=\"robots\" content=\"index, follow, max-snippet:-1, max-image-preview:large, max-video-preview:-1\" \/>\n<link rel=\"canonical\" href=\"https:\/\/www.cga.ca\/fr\/ressources\/publications\/page-du-cahier-dinformation\/\" \/>\n<meta property=\"og:locale\" content=\"fr_FR\" \/>\n<meta property=\"og:type\" content=\"article\" \/>\n<meta property=\"og:title\" content=\"Page du cahier d\u2019information | Canadian Gas Association\" \/>\n<meta property=\"og:description\" content=\"L&#8217;\u00e9nergie gazi\u00e8re \u2013 gaz naturel, GNR et hydrog\u00e8ne \u2013 soutient la vie quotidienne et l&#8217;activit\u00e9 \u00e9conomique partout au Canada. Du chauffage domestique et de la production d&#8217;\u00e9lectricit\u00e9 \u00e0 l&#8217;agriculture, en passant par la fabrication, le transport et les soins de sant\u00e9, les services publics de gaz fournissent une \u00e9nergie essentielle et fiable d&#8217;un oc\u00e9an \u00e0...\" \/>\n<meta property=\"og:url\" content=\"https:\/\/www.cga.ca\/fr\/ressources\/publications\/page-du-cahier-dinformation\/\" \/>\n<meta property=\"og:site_name\" content=\"Canadian Gas Association\" \/>\n<meta property=\"article:modified_time\" content=\"2025-12-04T19:32:45+00:00\" \/>\n<meta property=\"og:image\" content=\"https:\/\/www.cga.ca\/wp-content\/uploads\/2020\/03\/banner-playbook.jpg\" \/>\n\t<meta property=\"og:image:width\" content=\"1600\" \/>\n\t<meta property=\"og:image:height\" content=\"800\" \/>\n\t<meta property=\"og:image:type\" content=\"image\/jpeg\" \/>\n<meta name=\"twitter:card\" content=\"summary_large_image\" \/>\n<meta name=\"twitter:label1\" content=\"Dur\u00e9e de lecture estim\u00e9e\" \/>\n\t<meta name=\"twitter:data1\" content=\"1 minute\" \/>\n\t<meta name=\"twitter:label2\" content=\"Written by\" \/>\n\t<meta name=\"twitter:data2\" content=\"super_admin\" \/>\n<script type=\"application\/ld+json\" class=\"yoast-schema-graph\">{\"@context\":\"https:\\\/\\\/schema.org\",\"@graph\":[{\"@type\":\"WebPage\",\"@id\":\"https:\\\/\\\/www.cga.ca\\\/fr\\\/ressources\\\/publications\\\/page-du-cahier-dinformation\\\/\",\"url\":\"https:\\\/\\\/www.cga.ca\\\/fr\\\/ressources\\\/publications\\\/page-du-cahier-dinformation\\\/\",\"name\":\"Page du cahier d\u2019information | Canadian Gas Association\",\"isPartOf\":{\"@id\":\"https:\\\/\\\/www.cga.ca\\\/#website\"},\"primaryImageOfPage\":{\"@id\":\"https:\\\/\\\/www.cga.ca\\\/fr\\\/ressources\\\/publications\\\/page-du-cahier-dinformation\\\/#primaryimage\"},\"image\":{\"@id\":\"https:\\\/\\\/www.cga.ca\\\/fr\\\/ressources\\\/publications\\\/page-du-cahier-dinformation\\\/#primaryimage\"},\"thumbnailUrl\":\"https:\\\/\\\/www.cga.ca\\\/wp-content\\\/uploads\\\/2020\\\/03\\\/banner-playbook.jpg\",\"datePublished\":\"2023-11-01T15:00:25+00:00\",\"dateModified\":\"2025-12-04T19:32:45+00:00\",\"breadcrumb\":{\"@id\":\"https:\\\/\\\/www.cga.ca\\\/fr\\\/ressources\\\/publications\\\/page-du-cahier-dinformation\\\/#breadcrumb\"},\"inLanguage\":\"fr-FR\",\"potentialAction\":[{\"@type\":\"ReadAction\",\"target\":[\"https:\\\/\\\/www.cga.ca\\\/fr\\\/ressources\\\/publications\\\/page-du-cahier-dinformation\\\/\"]}]},{\"@type\":\"ImageObject\",\"inLanguage\":\"fr-FR\",\"@id\":\"https:\\\/\\\/www.cga.ca\\\/fr\\\/ressources\\\/publications\\\/page-du-cahier-dinformation\\\/#primaryimage\",\"url\":\"https:\\\/\\\/www.cga.ca\\\/wp-content\\\/uploads\\\/2020\\\/03\\\/banner-playbook.jpg\",\"contentUrl\":\"https:\\\/\\\/www.cga.ca\\\/wp-content\\\/uploads\\\/2020\\\/03\\\/banner-playbook.jpg\",\"width\":1600,\"height\":800},{\"@type\":\"BreadcrumbList\",\"@id\":\"https:\\\/\\\/www.cga.ca\\\/fr\\\/ressources\\\/publications\\\/page-du-cahier-dinformation\\\/#breadcrumb\",\"itemListElement\":[{\"@type\":\"ListItem\",\"position\":1,\"name\":\"Home\",\"item\":\"https:\\\/\\\/www.cga.ca\\\/fr\\\/\"},{\"@type\":\"ListItem\",\"position\":2,\"name\":\"Ressources\",\"item\":\"https:\\\/\\\/www.cga.ca\\\/fr\\\/ressources\\\/\"},{\"@type\":\"ListItem\",\"position\":3,\"name\":\"Publications\",\"item\":\"https:\\\/\\\/www.cga.ca\\\/fr\\\/ressources\\\/publications\\\/\"},{\"@type\":\"ListItem\",\"position\":4,\"name\":\"Page du cahier d\u2019information\"}]},{\"@type\":\"WebSite\",\"@id\":\"https:\\\/\\\/www.cga.ca\\\/#website\",\"url\":\"https:\\\/\\\/www.cga.ca\\\/\",\"name\":\"Canadian Gas Association\",\"description\":\"\",\"publisher\":{\"@id\":\"https:\\\/\\\/www.cga.ca\\\/#organization\"},\"potentialAction\":[{\"@type\":\"SearchAction\",\"target\":{\"@type\":\"EntryPoint\",\"urlTemplate\":\"https:\\\/\\\/www.cga.ca\\\/?s={search_term_string}\"},\"query-input\":{\"@type\":\"PropertyValueSpecification\",\"valueRequired\":true,\"valueName\":\"search_term_string\"}}],\"inLanguage\":\"fr-FR\"},{\"@type\":\"Organization\",\"@id\":\"https:\\\/\\\/www.cga.ca\\\/#organization\",\"name\":\"Canadian Gas Association\",\"url\":\"https:\\\/\\\/www.cga.ca\\\/\",\"logo\":{\"@type\":\"ImageObject\",\"inLanguage\":\"fr-FR\",\"@id\":\"https:\\\/\\\/www.cga.ca\\\/#\\\/schema\\\/logo\\\/image\\\/\",\"url\":\"https:\\\/\\\/www.cga.ca\\\/wp-content\\\/uploads\\\/2023\\\/08\\\/cga-logo-only.png\",\"contentUrl\":\"https:\\\/\\\/www.cga.ca\\\/wp-content\\\/uploads\\\/2023\\\/08\\\/cga-logo-only.png\",\"width\":696,\"height\":696,\"caption\":\"Canadian Gas Association\"},\"image\":{\"@id\":\"https:\\\/\\\/www.cga.ca\\\/#\\\/schema\\\/logo\\\/image\\\/\"}}]}<\/script>\n<!-- \/ Yoast SEO plugin. -->","yoast_head_json":{"title":"Page du cahier d\u2019information | Canadian Gas Association","robots":{"index":"index","follow":"follow","max-snippet":"max-snippet:-1","max-image-preview":"max-image-preview:large","max-video-preview":"max-video-preview:-1"},"canonical":"https:\/\/www.cga.ca\/fr\/ressources\/publications\/page-du-cahier-dinformation\/","og_locale":"fr_FR","og_type":"article","og_title":"Page du cahier d\u2019information | Canadian Gas Association","og_description":"L&#8217;\u00e9nergie gazi\u00e8re \u2013 gaz naturel, GNR et hydrog\u00e8ne \u2013 soutient la vie quotidienne et l&#8217;activit\u00e9 \u00e9conomique partout au Canada. Du chauffage domestique et de la production d&#8217;\u00e9lectricit\u00e9 \u00e0 l&#8217;agriculture, en passant par la fabrication, le transport et les soins de sant\u00e9, les services publics de gaz fournissent une \u00e9nergie essentielle et fiable d&#8217;un oc\u00e9an \u00e0...","og_url":"https:\/\/www.cga.ca\/fr\/ressources\/publications\/page-du-cahier-dinformation\/","og_site_name":"Canadian Gas Association","article_modified_time":"2025-12-04T19:32:45+00:00","og_image":[{"width":1600,"height":800,"url":"https:\/\/www.cga.ca\/wp-content\/uploads\/2020\/03\/banner-playbook.jpg","type":"image\/jpeg"}],"twitter_card":"summary_large_image","twitter_misc":{"Dur\u00e9e de lecture estim\u00e9e":"1 minute","Written by":"super_admin"},"schema":{"@context":"https:\/\/schema.org","@graph":[{"@type":"WebPage","@id":"https:\/\/www.cga.ca\/fr\/ressources\/publications\/page-du-cahier-dinformation\/","url":"https:\/\/www.cga.ca\/fr\/ressources\/publications\/page-du-cahier-dinformation\/","name":"Page du cahier d\u2019information | Canadian Gas Association","isPartOf":{"@id":"https:\/\/www.cga.ca\/#website"},"primaryImageOfPage":{"@id":"https:\/\/www.cga.ca\/fr\/ressources\/publications\/page-du-cahier-dinformation\/#primaryimage"},"image":{"@id":"https:\/\/www.cga.ca\/fr\/ressources\/publications\/page-du-cahier-dinformation\/#primaryimage"},"thumbnailUrl":"https:\/\/www.cga.ca\/wp-content\/uploads\/2020\/03\/banner-playbook.jpg","datePublished":"2023-11-01T15:00:25+00:00","dateModified":"2025-12-04T19:32:45+00:00","breadcrumb":{"@id":"https:\/\/www.cga.ca\/fr\/ressources\/publications\/page-du-cahier-dinformation\/#breadcrumb"},"inLanguage":"fr-FR","potentialAction":[{"@type":"ReadAction","target":["https:\/\/www.cga.ca\/fr\/ressources\/publications\/page-du-cahier-dinformation\/"]}]},{"@type":"ImageObject","inLanguage":"fr-FR","@id":"https:\/\/www.cga.ca\/fr\/ressources\/publications\/page-du-cahier-dinformation\/#primaryimage","url":"https:\/\/www.cga.ca\/wp-content\/uploads\/2020\/03\/banner-playbook.jpg","contentUrl":"https:\/\/www.cga.ca\/wp-content\/uploads\/2020\/03\/banner-playbook.jpg","width":1600,"height":800},{"@type":"BreadcrumbList","@id":"https:\/\/www.cga.ca\/fr\/ressources\/publications\/page-du-cahier-dinformation\/#breadcrumb","itemListElement":[{"@type":"ListItem","position":1,"name":"Home","item":"https:\/\/www.cga.ca\/fr\/"},{"@type":"ListItem","position":2,"name":"Ressources","item":"https:\/\/www.cga.ca\/fr\/ressources\/"},{"@type":"ListItem","position":3,"name":"Publications","item":"https:\/\/www.cga.ca\/fr\/ressources\/publications\/"},{"@type":"ListItem","position":4,"name":"Page du cahier d\u2019information"}]},{"@type":"WebSite","@id":"https:\/\/www.cga.ca\/#website","url":"https:\/\/www.cga.ca\/","name":"Canadian Gas Association","description":"","publisher":{"@id":"https:\/\/www.cga.ca\/#organization"},"potentialAction":[{"@type":"SearchAction","target":{"@type":"EntryPoint","urlTemplate":"https:\/\/www.cga.ca\/?s={search_term_string}"},"query-input":{"@type":"PropertyValueSpecification","valueRequired":true,"valueName":"search_term_string"}}],"inLanguage":"fr-FR"},{"@type":"Organization","@id":"https:\/\/www.cga.ca\/#organization","name":"Canadian Gas Association","url":"https:\/\/www.cga.ca\/","logo":{"@type":"ImageObject","inLanguage":"fr-FR","@id":"https:\/\/www.cga.ca\/#\/schema\/logo\/image\/","url":"https:\/\/www.cga.ca\/wp-content\/uploads\/2023\/08\/cga-logo-only.png","contentUrl":"https:\/\/www.cga.ca\/wp-content\/uploads\/2023\/08\/cga-logo-only.png","width":696,"height":696,"caption":"Canadian Gas Association"},"image":{"@id":"https:\/\/www.cga.ca\/#\/schema\/logo\/image\/"}}]}},"_links":{"self":[{"href":"https:\/\/www.cga.ca\/fr\/wp-json\/wp\/v2\/pages\/417","targetHints":{"allow":["GET"]}}],"collection":[{"href":"https:\/\/www.cga.ca\/fr\/wp-json\/wp\/v2\/pages"}],"about":[{"href":"https:\/\/www.cga.ca\/fr\/wp-json\/wp\/v2\/types\/page"}],"author":[{"embeddable":true,"href":"https:\/\/www.cga.ca\/fr\/wp-json\/wp\/v2\/users\/1"}],"replies":[{"embeddable":true,"href":"https:\/\/www.cga.ca\/fr\/wp-json\/wp\/v2\/comments?post=417"}],"version-history":[{"count":26,"href":"https:\/\/www.cga.ca\/fr\/wp-json\/wp\/v2\/pages\/417\/revisions"}],"predecessor-version":[{"id":11672,"href":"https:\/\/www.cga.ca\/fr\/wp-json\/wp\/v2\/pages\/417\/revisions\/11672"}],"up":[{"embeddable":true,"href":"https:\/\/www.cga.ca\/fr\/wp-json\/wp\/v2\/pages\/2995"}],"wp:featuredmedia":[{"embeddable":true,"href":"https:\/\/www.cga.ca\/fr\/wp-json\/wp\/v2\/media\/1655"}],"wp:attachment":[{"href":"https:\/\/www.cga.ca\/fr\/wp-json\/wp\/v2\/media?parent=417"}],"wp:term":[{"taxonomy":"page-category","embeddable":true,"href":"https:\/\/www.cga.ca\/fr\/wp-json\/wp\/v2\/page-category?post=417"},{"taxonomy":"feature","embeddable":true,"href":"https:\/\/www.cga.ca\/fr\/wp-json\/wp\/v2\/feature?post=417"},{"taxonomy":"author","embeddable":true,"href":"https:\/\/www.cga.ca\/fr\/wp-json\/wp\/v2\/coauthors?post=417"}],"curies":[{"name":"wp","href":"https:\/\/api.w.org\/{rel}","templated":true}]}}